{"id":717466,"date":"2025-08-27T17:55:48","date_gmt":"2025-08-27T14:55:48","guid":{"rendered":"https:\/\/roveyayinevi.com.tr\/index.php\/urun\/butun-sustuklarim\/"},"modified":"2026-04-16T02:25:46","modified_gmt":"2026-04-15T23:25:46","slug":"butun-sustuklarim","status":"publish","type":"product","link":"https:\/\/roveyayinevi.com.tr\/index.php\/urun\/butun-sustuklarim\/","title":{"rendered":"B\u00fct\u00fcn Sustuklar\u0131m"},"content":{"rendered":"<p>b\u00fct\u00fcn sustuklar\u0131m e\u011fer g\u00fcndeli\u011fin ad\u0131 \u015fiir olsayd\u0131b\u00fct\u00fcn konu\u015fanlar\u0131 dilsiz b\u0131rak\u0131rd\u0131<\/p>\n","protected":false},"excerpt":{"rendered":"<p>b\u00fct\u00fcn sustuklar\u0131m e\u011fer g\u00fcndeli\u011fin ad\u0131 \u015fiir olsayd\u0131b\u00fct\u00fcn konu\u015fanlar\u0131 dilsiz b\u0131rak\u0131rd\u0131<\/p>\n","protected":false},"featured_media":0,"template":"","meta":{"_monsterinsights_skip_tracking":false,"_monsterinsights_sitenote_active":false,"_monsterinsights_sitenote_note":"","_monsterinsights_sitenote_category":0},"product_brand":[],"product_cat":[12291,12509],"product_tag":[],"class_list":{"0":"post-717466","1":"product","2":"type-product","3":"status-publish","5":"product_cat-edebiyat","6":"product_cat-siir","7":"pa_cilt-ciltsiz","8":"pa_tur-kitap","9":"pa_yayinevi-bilim-ve-sanat-yayinlari","10":"pa_yazar-emir-ali-tercan","12":"first","13":"instock","14":"sale","15":"shipping-taxable","16":"purchasable","17":"product-type-simple"},"_links":{"self":[{"href":"https:\/\/roveyayinevi.com.tr\/index.php\/wp-json\/wp\/v2\/product\/717466","targetHints":{"allow":["GET"]}}],"collection":[{"href":"https:\/\/roveyayinevi.com.tr\/index.php\/wp-json\/wp\/v2\/product"}],"about":[{"href":"https:\/\/roveyayinevi.com.tr\/index.php\/wp-json\/wp\/v2\/types\/product"}],"wp:attachment":[{"href":"https:\/\/roveyayinevi.com.tr\/index.php\/wp-json\/wp\/v2\/media?parent=717466"}],"wp:term":[{"taxonomy":"product_brand","embeddable":true,"href":"https:\/\/roveyayinevi.com.tr\/index.php\/wp-json\/wp\/v2\/product_brand?post=717466"},{"taxonomy":"product_cat","embeddable":true,"href":"https:\/\/roveyayinevi.com.tr\/index.php\/wp-json\/wp\/v2\/product_cat?post=717466"},{"taxonomy":"product_tag","embeddable":true,"href":"https:\/\/roveyayinevi.com.tr\/index.php\/wp-json\/wp\/v2\/product_tag?post=717466"}],"curies":[{"name":"wp","href":"https:\/\/api.w.org\/{rel}","templated":true}]}}