{"id":717464,"date":"2025-08-27T17:55:47","date_gmt":"2025-08-27T14:55:47","guid":{"rendered":"https:\/\/roveyayinevi.com.tr\/index.php\/urun\/eglenirken-ogreten-kelime-bulmaca\/"},"modified":"2025-11-21T05:14:32","modified_gmt":"2025-11-21T02:14:32","slug":"eglenirken-ogreten-kelime-bulmaca","status":"publish","type":"product","link":"https:\/\/roveyayinevi.com.tr\/index.php\/urun\/eglenirken-ogreten-kelime-bulmaca\/","title":{"rendered":"E\u011flenirken \u00d6\u011freten Kelime Bulmaca"},"content":{"rendered":"<p>Haydi, kaleminizi elinize al\u0131n ve harfler aras\u0131nda kelimeleri bulmaya ba\u015flay\u0131n. Disney kahramanlar\u0131ndan, yerli-yabanc\u0131 \u015fark\u0131c\u0131lara, modadan sanata, pop\u00fcler kitaplardan filmlere, spordan do\u011faya, bilim insanlar\u0131ndan bulu\u015flara, a\u011fa\u00e7lardan \u00e7i\u00e7eklere, basit \u0130ngilizce ba\u015fl\u0131klar\u0131 i\u00e7eren kelime bulmaca; e\u011flenirken, kelime bilginizi peki\u015ftirir ve yenilerini \u00f6\u011frenmenizi sa\u011flar, alg\u0131laman\u0131z\u0131 geli\u015ftirir, dikkatinizi yo\u011funla\u015ft\u0131rmay\u0131 \u00f6\u011fretir \u00e7abuk ve stratejik d\u00fc\u015f\u00fcnmeyle beyne devaml\u0131 jimnastik yapt\u0131r\u0131r.Metroda, arabada, aile ziyaretlerinde, arkada\u015flar\u0131n\u0131zla birlikte, etkili ve e\u011flenceli zaman ge\u00e7irmenin, bilgisayar d\u0131\u015f\u0131nda da bir yolu oldu\u011funu g\u00f6sterir. <\/p>\n","protected":false},"excerpt":{"rendered":"<p>Haydi, kaleminizi elinize al\u0131n ve harfler aras\u0131nda kelimeleri bulmaya ba\u015flay\u0131n. Disney kahramanlar\u0131ndan, yerli-yabanc\u0131 \u015fark\u0131c\u0131lara, modadan sanata, pop\u00fcler kitaplardan filmlere, spordan do\u011faya, bilim insanlar\u0131ndan bulu\u015flara, a\u011fa\u00e7lardan \u00e7i\u00e7eklere,<span class=\"excerpt-hellip\"> [\u2026]<\/span><\/p>\n","protected":false},"featured_media":0,"template":"","meta":{"_monsterinsights_skip_tracking":false,"_monsterinsights_sitenote_active":false,"_monsterinsights_sitenote_note":"","_monsterinsights_sitenote_category":0},"product_brand":[],"product_cat":[12492,12274],"product_tag":[],"class_list":{"0":"post-717464","1":"product","2":"type-product","3":"status-publish","5":"product_cat-bilmece-bulmaca","6":"product_cat-cocuk-ve-genclik-kitaplari","7":"pa_cilt-ciltsiz","8":"pa_tur-kitap","9":"pa_yayinevi-efil-yayinevi","10":"pa_yazar-ilkay-uyar","12":"first","13":"instock","14":"sale","15":"shipping-taxable","16":"purchasable","17":"product-type-simple"},"_links":{"self":[{"href":"https:\/\/roveyayinevi.com.tr\/index.php\/wp-json\/wp\/v2\/product\/717464","targetHints":{"allow":["GET"]}}],"collection":[{"href":"https:\/\/roveyayinevi.com.tr\/index.php\/wp-json\/wp\/v2\/product"}],"about":[{"href":"https:\/\/roveyayinevi.com.tr\/index.php\/wp-json\/wp\/v2\/types\/product"}],"wp:attachment":[{"href":"https:\/\/roveyayinevi.com.tr\/index.php\/wp-json\/wp\/v2\/media?parent=717464"}],"wp:term":[{"taxonomy":"product_brand","embeddable":true,"href":"https:\/\/roveyayinevi.com.tr\/index.php\/wp-json\/wp\/v2\/product_brand?post=717464"},{"taxonomy":"product_cat","embeddable":true,"href":"https:\/\/roveyayinevi.com.tr\/index.php\/wp-json\/wp\/v2\/product_cat?post=717464"},{"taxonomy":"product_tag","embeddable":true,"href":"https:\/\/roveyayinevi.com.tr\/index.php\/wp-json\/wp\/v2\/product_tag?post=717464"}],"curies":[{"name":"wp","href":"https:\/\/api.w.org\/{rel}","templated":true}]}}