{"id":717459,"date":"2025-08-27T17:55:43","date_gmt":"2025-08-27T14:55:43","guid":{"rendered":"https:\/\/roveyayinevi.com.tr\/index.php\/urun\/siddetsiz-iletisim\/"},"modified":"2026-04-16T02:25:46","modified_gmt":"2026-04-15T23:25:46","slug":"siddetsiz-iletisim","status":"publish","type":"product","link":"https:\/\/roveyayinevi.com.tr\/index.php\/urun\/siddetsiz-iletisim\/","title":{"rendered":"\u015eiddetsiz \u0130leti\u015fim"},"content":{"rendered":"<p>Ya\u015fam\u0131n t\u00fcm alanlar\u0131nda g\u00fc\u00e7l\u00fc ve tatmin edici ili\u015fkilerin tad\u0131n\u0131 \u00e7\u0131karmak i\u00e7in\u2026 \u00c7o\u011fumuz, do\u011fdu\u011fumuz g\u00fcnden itibaren, insanlarla olan ileti\u015fimimizde \u201cdo\u011fru\/yanl\u0131\u015f\u201d \u00e7er\u00e7evesi i\u00e7inde rekabet etmek, yarg\u0131lamak, talepte ve te\u015fhiste bulunmak \u00fczere e\u011fitiliriz. Bize \u00f6\u011fretilen d\u00fc\u015f\u00fcnme ve konu\u015fma \u015fekli, en iyimser haliyle bile ileti\u015fimi aksat\u0131r, hem kendi i\u00e7imizde hem de ba\u015fkalar\u0131na kar\u015f\u0131 yanl\u0131\u015f anla\u015f\u0131lmalar ve hayal k\u0131r\u0131kl\u0131klar\u0131 yarat\u0131r. \u015eiddetsiz \u0130leti\u015fim, kendimizi ifade etme ve ba\u015fkalar\u0131n\u0131 dinleme bi\u00e7imimizi yeni bir \u00e7er\u00e7eveye oturtmam\u0131za ve ili\u015fkilerimizde derinlerdeki ihtiya\u00e7lar\u0131 duyabilmemize rehberlik eder. S\u00f6zlerimiz, al\u0131\u015fkanl\u0131k haline gelmi\u015f ve otomatik tepkiler olmaktan \u00e7\u0131k\u0131p ne istedi\u011fimizin fark\u0131nda olma temeline dayal\u0131 bilin\u00e7li cevaplara d\u00f6n\u00fc\u015f\u00fcr. \u015eiddetsiz \u0130leti\u015fim\/Bir Ya\u015fam Dili\u2019nde M. B. Rosenberg, anlatt\u0131\u011f\u0131 hik\u00e2yelerle, payla\u015ft\u0131\u011f\u0131 deneyimlerle karma\u015f\u0131k ileti\u015fim sorunlar\u0131n\u0131, \u00f6fke ve \u015fiddete g\u00f6t\u00fcren d\u00fc\u015f\u00fcnce kal\u0131plar\u0131n\u0131 anlamay\u0131, anla\u015fmazl\u0131klar\u0131 bar\u0131\u015f\u00e7\u0131l g\u00f6r\u00fc\u015fmelere d\u00f6n\u00fc\u015ft\u00fcrebilmeyi, kendimizi tam ifade edebilmeyi, korku, utan\u00e7 veya su\u00e7luluk duygusu yerine empatiyle ili\u015fkilerimize fark\u0131ndal\u0131k ve derinlik kazand\u0131rmay\u0131 \u00f6\u011frenece\u011fimiz uygulanabilir pratik yollar sunuyor. Bu kitaptaki tekniklerin, s\u00f6z\u00fcn tam anlam\u0131yla d\u00fcnyay\u0131 de\u011fi\u015ftirece\u011fine inan\u0131yorum. JACK CARNFIELD (Tavuk Suyuna \u00c7orba kitab\u0131n\u0131n yazar\u0131) Marshall Rosenberg\u2019in dinamik ileti\u015fim y\u00f6ntemleri, olas\u0131 \u00e7at\u0131\u015fmalar\u0131 bar\u0131\u015f\u00e7\u0131l diyaloglara d\u00f6n\u00fc\u015ft\u00fcr\u00fcyor. -Dr. JOHN GRAY (Erkekler Mars\u2019tan Kad\u0131nlar Ven\u00fcs\u2019ten adl\u0131 kitab\u0131n yazar\u0131) Bu kitap, sa\u011fl\u0131\u011f\u0131m\u0131z\u0131 ve ili\u015fkilerimizi geli\u015ftirecek en etkili ara\u00e7lar\u0131 sunuyor. DEEPAK CHOPRA<\/p>\n","protected":false},"excerpt":{"rendered":"<p>Ya\u015fam\u0131n t\u00fcm alanlar\u0131nda g\u00fc\u00e7l\u00fc ve tatmin edici ili\u015fkilerin tad\u0131n\u0131 \u00e7\u0131karmak i\u00e7in\u2026 \u00c7o\u011fumuz, do\u011fdu\u011fumuz g\u00fcnden itibaren, insanlarla olan ileti\u015fimimizde \u201cdo\u011fru\/yanl\u0131\u015f\u201d \u00e7er\u00e7evesi i\u00e7inde rekabet etmek, yarg\u0131lamak, talepte ve<span class=\"excerpt-hellip\"> [\u2026]<\/span><\/p>\n","protected":false},"featured_media":0,"template":"","meta":{"_monsterinsights_skip_tracking":false,"_monsterinsights_sitenote_active":false,"_monsterinsights_sitenote_note":"","_monsterinsights_sitenote_category":0},"product_brand":[],"product_cat":[12364,12376],"product_tag":[],"class_list":{"0":"post-717459","1":"product","2":"type-product","3":"status-publish","5":"product_cat-genel-konular","6":"product_cat-kisisel-gelisim","7":"pa_cilt-ciltsiz","8":"pa_tur-kitap","9":"pa_yayinevi-remzi-kitabevi","10":"pa_yazar-marshall-b-rosenberg-phd","12":"first","13":"instock","14":"sale","15":"shipping-taxable","16":"purchasable","17":"product-type-simple"},"_links":{"self":[{"href":"https:\/\/roveyayinevi.com.tr\/index.php\/wp-json\/wp\/v2\/product\/717459","targetHints":{"allow":["GET"]}}],"collection":[{"href":"https:\/\/roveyayinevi.com.tr\/index.php\/wp-json\/wp\/v2\/product"}],"about":[{"href":"https:\/\/roveyayinevi.com.tr\/index.php\/wp-json\/wp\/v2\/types\/product"}],"wp:attachment":[{"href":"https:\/\/roveyayinevi.com.tr\/index.php\/wp-json\/wp\/v2\/media?parent=717459"}],"wp:term":[{"taxonomy":"product_brand","embeddable":true,"href":"https:\/\/roveyayinevi.com.tr\/index.php\/wp-json\/wp\/v2\/product_brand?post=717459"},{"taxonomy":"product_cat","embeddable":true,"href":"https:\/\/roveyayinevi.com.tr\/index.php\/wp-json\/wp\/v2\/product_cat?post=717459"},{"taxonomy":"product_tag","embeddable":true,"href":"https:\/\/roveyayinevi.com.tr\/index.php\/wp-json\/wp\/v2\/product_tag?post=717459"}],"curies":[{"name":"wp","href":"https:\/\/api.w.org\/{rel}","templated":true}]}}