{"id":717453,"date":"2025-08-27T17:55:39","date_gmt":"2025-08-27T14:55:39","guid":{"rendered":"https:\/\/roveyayinevi.com.tr\/index.php\/urun\/bremen-mizikacilari-4\/"},"modified":"2026-04-08T02:32:52","modified_gmt":"2026-04-07T23:32:52","slug":"bremen-mizikacilari-4","status":"publish","type":"product","link":"https:\/\/roveyayinevi.com.tr\/index.php\/urun\/bremen-mizikacilari-4\/","title":{"rendered":"Bremen M\u0131z\u0131kac\u0131lar\u0131"},"content":{"rendered":"<p>Bilimin T\u00fcm d\u00fcnya \u00e7ocuklar\u0131n\u0131n y\u00fczy\u0131llard\u0131r b\u00fcy\u00fck bir keyifle dinledi\u011fi ve okudu\u011fu birbirinden g\u00fczel klasik hik\u00e2ye ve masallar\u2026. <\/p>\n","protected":false},"excerpt":{"rendered":"<p>Bilimin T\u00fcm d\u00fcnya \u00e7ocuklar\u0131n\u0131n y\u00fczy\u0131llard\u0131r b\u00fcy\u00fck bir keyifle dinledi\u011fi ve okudu\u011fu birbirinden g\u00fczel klasik hik\u00e2ye ve masallar\u2026.<\/p>\n","protected":false},"featured_media":0,"template":"","meta":{"_monsterinsights_skip_tracking":false,"_monsterinsights_sitenote_active":false,"_monsterinsights_sitenote_note":"","_monsterinsights_sitenote_category":0},"product_brand":[],"product_cat":[12274,12284],"product_tag":[],"class_list":{"0":"post-717453","1":"product","2":"type-product","3":"status-publish","5":"product_cat-cocuk-ve-genclik-kitaplari","6":"product_cat-hikayeler","7":"pa_cilt-ciltsiz","8":"pa_tur-kitap","9":"pa_yayinevi-almidilli","10":"pa_yazar-grimm-kardesler","12":"first","13":"instock","14":"sale","15":"shipping-taxable","16":"purchasable","17":"product-type-simple"},"_links":{"self":[{"href":"https:\/\/roveyayinevi.com.tr\/index.php\/wp-json\/wp\/v2\/product\/717453","targetHints":{"allow":["GET"]}}],"collection":[{"href":"https:\/\/roveyayinevi.com.tr\/index.php\/wp-json\/wp\/v2\/product"}],"about":[{"href":"https:\/\/roveyayinevi.com.tr\/index.php\/wp-json\/wp\/v2\/types\/product"}],"wp:attachment":[{"href":"https:\/\/roveyayinevi.com.tr\/index.php\/wp-json\/wp\/v2\/media?parent=717453"}],"wp:term":[{"taxonomy":"product_brand","embeddable":true,"href":"https:\/\/roveyayinevi.com.tr\/index.php\/wp-json\/wp\/v2\/product_brand?post=717453"},{"taxonomy":"product_cat","embeddable":true,"href":"https:\/\/roveyayinevi.com.tr\/index.php\/wp-json\/wp\/v2\/product_cat?post=717453"},{"taxonomy":"product_tag","embeddable":true,"href":"https:\/\/roveyayinevi.com.tr\/index.php\/wp-json\/wp\/v2\/product_tag?post=717453"}],"curies":[{"name":"wp","href":"https:\/\/api.w.org\/{rel}","templated":true}]}}