{"id":717450,"date":"2025-08-27T17:55:36","date_gmt":"2025-08-27T14:55:36","guid":{"rendered":"https:\/\/roveyayinevi.com.tr\/index.php\/urun\/evvel-zaman-icinde-dunya\/"},"modified":"2026-04-16T02:25:46","modified_gmt":"2026-04-15T23:25:46","slug":"evvel-zaman-icinde-dunya","status":"publish","type":"product","link":"https:\/\/roveyayinevi.com.tr\/index.php\/urun\/evvel-zaman-icinde-dunya\/","title":{"rendered":"Evvel Zaman \u0130\u00e7inde D\u00fcnya"},"content":{"rendered":"<p>\u0130ngiliz ill\u00fcstrat\u00f6r ve yazar Isabel Greenberg\u2019in imzas\u0131n\u0131 ta\u015f\u0131yan Evvel Zaman \u0130\u00e7inde D\u00fcnya, insanl\u0131\u011f\u0131n imgeleminde ya\u015famsal bir yer tutan \u201ckahraman\u0131n yolculu\u011fu\u201d temas\u0131n\u0131 naif bir a\u015fk hik\u00e2yesiyle bulu\u015fturan, bol \u00f6d\u00fcll\u00fc bir grafik roman.Yarad\u0131l\u0131\u015f mitleri, insanl\u0131\u011f\u0131n en eski k\u00fclt\u00fcrlerine dair arketipler, anlat\u0131lar, tanr\u0131lar, b\u00fcy\u00fcc\u00fcler ve \u015fifac\u0131lar gibi k\u00fclt\u00fcr tarihimizi olu\u015fturan pek \u00e7ok folklorik \u00f6\u011feyi destans\u0131 bir yol hik\u00e2yesiyle birle\u015ftiren Evvel Zaman \u0130\u00e7inde D\u00fcnya, okuruna, ger\u00e7ekte evreni olu\u015fturan \u015feyin a\u015fk, yola d\u00fc\u015fmek ve hik\u00e2yeler oldu\u011funu hat\u0131rlat\u0131yor.Bir zamanlar \u00fc\u00e7 ayr\u0131 bedende hayat bulan Kuzey Adam\u0131, ruhundaki eksik par\u00e7ay\u0131 aramak i\u00e7in yollara d\u00fc\u015fer. Bir daha evine geri d\u00f6nmemek pahas\u0131na \u00e7\u0131kt\u0131\u011f\u0131 bu yolculu\u011fun her dura\u011f\u0131nda farkl\u0131 halklarla ve bu halklar\u0131 var eden efsanelerle tan\u0131\u015f\u0131r. D\u00fcnyan\u0131n \u00f6te y\u00fcz\u00fcne ula\u015ft\u0131\u011f\u0131nda ise hayat\u0131n\u0131n a\u015fk\u0131yla, G\u00fcney Kad\u0131n\u0131\u2019yla kar\u015f\u0131la\u015f\u0131r. Ancak y\u00fcrek burkan bir yazg\u0131lar\u0131 vard\u0131r \u00e2\u015f\u0131klar\u0131n: Z\u0131t kutuplardan gelmelerine ra\u011fmen birbirlerine dokunamazlar. Ve b\u00f6ylece, birbirlerine hik\u00e2yeler anlatmaya ba\u015flarlar\u2026\u00d6zg\u00fcn tasar\u0131m\u0131 ve ayr\u0131nt\u0131l\u0131 \u00e7izimleriyle dikkat \u00e7eken Evvel Zaman \u0130\u00e7inde D\u00fcnya, \u00e7oktand\u0131r unutulmu\u015f nice ilgin\u00e7 anlat\u0131y\u0131 ve miti g\u00fcn\u00fcm\u00fcze ta\u015f\u0131yarak eski k\u00fclt\u00fcrlere ve geleneklere dair ansiklopedik bilgilere de yer veriyor. D\u00fcnyam\u0131z\u0131n k\u00f6klerine dair ola\u011fan\u00fcst\u00fc bir i\u00e7g\u00f6r\u00fc sunan ve gerek diliyle gerek desenleriyle i\u00e7inize i\u015fleyecek bu grafik roman, insan\u0131 insan yapan en temel de\u011ferlerin sevmek ve asla vazge\u00e7memek oldu\u011funu yineliyor.\u201cKuzey Adam\u0131 ile G\u00fcney Kutup Kad\u0131n\u0131, G\u00fcney Kutbu\u2019nun buzlu denizlerinde k\u00fcrek sallarken kanolar\u0131 ilk kez yan yana geldi\u011finde, saniyeler i\u00e7inde birbirlerinin ruh e\u015fi olduklar\u0131n\u0131 anlad\u0131lar.\u201d <\/p>\n","protected":false},"excerpt":{"rendered":"<p>\u0130ngiliz ill\u00fcstrat\u00f6r ve yazar Isabel Greenberg\u2019in imzas\u0131n\u0131 ta\u015f\u0131yan Evvel Zaman \u0130\u00e7inde D\u00fcnya, insanl\u0131\u011f\u0131n imgeleminde ya\u015famsal bir yer tutan \u201ckahraman\u0131n yolculu\u011fu\u201d temas\u0131n\u0131 naif bir a\u015fk hik\u00e2yesiyle bulu\u015fturan,<span class=\"excerpt-hellip\"> [\u2026]<\/span><\/p>\n","protected":false},"featured_media":0,"template":"","meta":{"_monsterinsights_skip_tracking":false,"_monsterinsights_sitenote_active":false,"_monsterinsights_sitenote_note":"","_monsterinsights_sitenote_category":0},"product_brand":[],"product_cat":[12291,12711],"product_tag":[],"class_list":{"0":"post-717450","1":"product","2":"type-product","3":"status-publish","5":"product_cat-edebiyat","6":"product_cat-roman-oyku","7":"pa_cilt-ciltsiz","8":"pa_tur-kitap","9":"pa_yayinevi-desen-yayinlari","10":"pa_yazar-isabel-greenberg","12":"first","13":"instock","14":"sale","15":"shipping-taxable","16":"purchasable","17":"product-type-simple"},"_links":{"self":[{"href":"https:\/\/roveyayinevi.com.tr\/index.php\/wp-json\/wp\/v2\/product\/717450","targetHints":{"allow":["GET"]}}],"collection":[{"href":"https:\/\/roveyayinevi.com.tr\/index.php\/wp-json\/wp\/v2\/product"}],"about":[{"href":"https:\/\/roveyayinevi.com.tr\/index.php\/wp-json\/wp\/v2\/types\/product"}],"wp:attachment":[{"href":"https:\/\/roveyayinevi.com.tr\/index.php\/wp-json\/wp\/v2\/media?parent=717450"}],"wp:term":[{"taxonomy":"product_brand","embeddable":true,"href":"https:\/\/roveyayinevi.com.tr\/index.php\/wp-json\/wp\/v2\/product_brand?post=717450"},{"taxonomy":"product_cat","embeddable":true,"href":"https:\/\/roveyayinevi.com.tr\/index.php\/wp-json\/wp\/v2\/product_cat?post=717450"},{"taxonomy":"product_tag","embeddable":true,"href":"https:\/\/roveyayinevi.com.tr\/index.php\/wp-json\/wp\/v2\/product_tag?post=717450"}],"curies":[{"name":"wp","href":"https:\/\/api.w.org\/{rel}","templated":true}]}}