{"id":717449,"date":"2025-08-27T17:55:35","date_gmt":"2025-08-27T14:55:35","guid":{"rendered":"https:\/\/roveyayinevi.com.tr\/index.php\/urun\/sakin-acma-yapisir\/"},"modified":"2026-04-16T02:25:46","modified_gmt":"2026-04-15T23:25:46","slug":"sakin-acma-yapisir","status":"publish","type":"product","link":"https:\/\/roveyayinevi.com.tr\/index.php\/urun\/sakin-acma-yapisir\/","title":{"rendered":"Sak\u0131n A\u00e7ma Yap\u0131\u015f\u0131r!"},"content":{"rendered":"<p>Nemo\u2019ya gelen gizemli paketin \u00fczerinde \u201cSak\u0131n A\u00e7ma!\u201d yaz\u0131yordur.  Ama Nemo elbette paketi a\u00e7ar\u2026 * Nemo\u2019nun kap\u0131s\u0131n\u0131n \u00f6n\u00fcnde yeni bir paket vard\u0131r. Paketi a\u00e7ar a\u00e7maz Nemo\u2019yla arkada\u015flar\u0131 \u015funlar\u0131 g\u00f6r\u00fcrler: 1.       \u0130\u00e7inde hemencecik g\u0131d\u0131klan\u0131veren, ye\u015fil renkli ve konu\u015fan bir slime vard\u0131r. 2.       D\u0131\u015far\u0131da ya\u011fmur \u2013hem de v\u0131c\u0131k v\u0131c\u0131k bir ya\u011fmur!\u2013 ya\u011fmaya ba\u015flam\u0131\u015ft\u0131r. 3.       E\u011fer C\u0131v\u0131k\u00e7\u0131k\u2019\u0131n slime\u2019\u0131n\u0131 cildinize s\u00fcrerseniz mucizevi \u015feyler olur\u2026 \u00c7ok ge\u00e7meden Nemo\u2019yla Fred art\u0131k tek bir \u015fey d\u00fc\u015f\u00fcnmektedir: C\u0131v\u0131k\u00e7\u0131k\u2019\u0131n yard\u0131m\u0131yla milyoner olmak! Ama o zaman C\u0131v\u0131k\u00e7\u0131k evine nas\u0131l d\u00f6nebilir ki?<\/p>\n","protected":false},"excerpt":{"rendered":"<p>Nemo\u2019ya gelen gizemli paketin \u00fczerinde \u201cSak\u0131n A\u00e7ma!\u201d yaz\u0131yordur. Ama Nemo elbette paketi a\u00e7ar\u2026 * Nemo\u2019nun kap\u0131s\u0131n\u0131n \u00f6n\u00fcnde yeni bir paket vard\u0131r. Paketi a\u00e7ar a\u00e7maz Nemo\u2019yla arkada\u015flar\u0131<span class=\"excerpt-hellip\"> [\u2026]<\/span><\/p>\n","protected":false},"featured_media":0,"template":"","meta":{"_monsterinsights_skip_tracking":false,"_monsterinsights_sitenote_active":false,"_monsterinsights_sitenote_note":"","_monsterinsights_sitenote_category":0},"product_brand":[],"product_cat":[12275,12274],"product_tag":[],"class_list":{"0":"post-717449","1":"product","2":"type-product","3":"status-publish","5":"product_cat-6-12-yas-kitaplari","6":"product_cat-cocuk-ve-genclik-kitaplari","7":"pa_cilt-ciltsiz","8":"pa_tur-kitap","9":"pa_yayinevi-bilgi-yayinevi","10":"pa_yazar-charlotte-habersack","12":"first","13":"instock","14":"sale","15":"shipping-taxable","16":"purchasable","17":"product-type-simple"},"_links":{"self":[{"href":"https:\/\/roveyayinevi.com.tr\/index.php\/wp-json\/wp\/v2\/product\/717449","targetHints":{"allow":["GET"]}}],"collection":[{"href":"https:\/\/roveyayinevi.com.tr\/index.php\/wp-json\/wp\/v2\/product"}],"about":[{"href":"https:\/\/roveyayinevi.com.tr\/index.php\/wp-json\/wp\/v2\/types\/product"}],"wp:attachment":[{"href":"https:\/\/roveyayinevi.com.tr\/index.php\/wp-json\/wp\/v2\/media?parent=717449"}],"wp:term":[{"taxonomy":"product_brand","embeddable":true,"href":"https:\/\/roveyayinevi.com.tr\/index.php\/wp-json\/wp\/v2\/product_brand?post=717449"},{"taxonomy":"product_cat","embeddable":true,"href":"https:\/\/roveyayinevi.com.tr\/index.php\/wp-json\/wp\/v2\/product_cat?post=717449"},{"taxonomy":"product_tag","embeddable":true,"href":"https:\/\/roveyayinevi.com.tr\/index.php\/wp-json\/wp\/v2\/product_tag?post=717449"}],"curies":[{"name":"wp","href":"https:\/\/api.w.org\/{rel}","templated":true}]}}