{"id":717447,"date":"2025-08-27T17:55:34","date_gmt":"2025-08-27T14:55:34","guid":{"rendered":"https:\/\/roveyayinevi.com.tr\/index.php\/urun\/basin-belada\/"},"modified":"2026-04-16T02:25:46","modified_gmt":"2026-04-15T23:25:46","slug":"basin-belada","status":"publish","type":"product","link":"https:\/\/roveyayinevi.com.tr\/index.php\/urun\/basin-belada\/","title":{"rendered":"Ba\u015f\u0131n Belada"},"content":{"rendered":"<p>Futbol antrenman\u0131ndan sonra \u00e7ok susayan Jasper, i\u00e7ecek otomat\u0131n\u0131n yan\u0131na gitti. Bu s\u0131rada babas\u0131 antren\u00f6rle konu\u015fuyordu. Jasper ne i\u00e7ebilece\u011fine bakt\u0131. K\u00f6t\u00fc i\u00e7eceklerde \u015feker olurdu, iyi i\u00e7eceklerin kutular\u0131n\u0131n \u00fczerindeyse g\u00fclen suratlar. O, iyi bir i\u00e7ecek olan elma suyu almaya karar vermi\u015fti. Elindeki bozuk paralar\u0131 makineye at\u0131p elma suyunun numaras\u0131n\u0131 girdi. Ama a\u015fa\u011f\u0131 d\u00fc\u015fen i\u00e7ecek, elma suyu de\u011fildi. \u00dczerinde fi\u015fek resmi olan, k\u0131rm\u0131z\u0131-siyah kutulu Fi\u015fek Enerji \u0130\u00e7ece\u011fi\u2019ydi. \u0130\u015fte her \u015fey, Jasper\u2019\u0131n o \u201ck\u00f6t\u00fc\u201d i\u00e7ece\u011fi i\u00e7mesiyle ba\u015flad\u0131.  Jasper art\u0131k k\u00f6t\u00fc bir \u00e7ocuktu! Ba\u015f\u0131n Belada, ilgin\u00e7 ve merakl\u0131 bir \u00e7ocuk olan Jasper John Dooley\u2019nin ser\u00fcvenlerini anlatan serinin d\u00f6rd\u00fcnc\u00fc kitab\u0131. K\u00fc\u00e7\u00fck okurlar\u0131m\u0131z hem onun ya\u015fad\u0131klar\u0131na g\u00fclecek hem de kar\u015f\u0131la\u015ft\u0131\u011f\u0131 sorunlar\u0131n \u00fcstesinden nas\u0131l yarat\u0131c\u0131 bir \u015fekilde geldi\u011fine \u015fa\u015f\u0131racaklar. <\/p>\n","protected":false},"excerpt":{"rendered":"<p>Futbol antrenman\u0131ndan sonra \u00e7ok susayan Jasper, i\u00e7ecek otomat\u0131n\u0131n yan\u0131na gitti. Bu s\u0131rada babas\u0131 antren\u00f6rle konu\u015fuyordu. Jasper ne i\u00e7ebilece\u011fine bakt\u0131. K\u00f6t\u00fc i\u00e7eceklerde \u015feker olurdu, iyi i\u00e7eceklerin kutular\u0131n\u0131n<span class=\"excerpt-hellip\"> [\u2026]<\/span><\/p>\n","protected":false},"featured_media":0,"template":"","meta":{"_monsterinsights_skip_tracking":false,"_monsterinsights_sitenote_active":false,"_monsterinsights_sitenote_note":"","_monsterinsights_sitenote_category":0},"product_brand":[],"product_cat":[12274,12284],"product_tag":[],"class_list":{"0":"post-717447","1":"product","2":"type-product","3":"status-publish","5":"product_cat-cocuk-ve-genclik-kitaplari","6":"product_cat-hikayeler","7":"pa_cilt-ciltsiz","8":"pa_tur-kitap","9":"pa_yayinevi-kirmizi-kedi-yayinevi","10":"pa_yazar-caroline-adderson","12":"first","13":"instock","14":"sale","15":"shipping-taxable","16":"purchasable","17":"product-type-simple"},"_links":{"self":[{"href":"https:\/\/roveyayinevi.com.tr\/index.php\/wp-json\/wp\/v2\/product\/717447","targetHints":{"allow":["GET"]}}],"collection":[{"href":"https:\/\/roveyayinevi.com.tr\/index.php\/wp-json\/wp\/v2\/product"}],"about":[{"href":"https:\/\/roveyayinevi.com.tr\/index.php\/wp-json\/wp\/v2\/types\/product"}],"wp:attachment":[{"href":"https:\/\/roveyayinevi.com.tr\/index.php\/wp-json\/wp\/v2\/media?parent=717447"}],"wp:term":[{"taxonomy":"product_brand","embeddable":true,"href":"https:\/\/roveyayinevi.com.tr\/index.php\/wp-json\/wp\/v2\/product_brand?post=717447"},{"taxonomy":"product_cat","embeddable":true,"href":"https:\/\/roveyayinevi.com.tr\/index.php\/wp-json\/wp\/v2\/product_cat?post=717447"},{"taxonomy":"product_tag","embeddable":true,"href":"https:\/\/roveyayinevi.com.tr\/index.php\/wp-json\/wp\/v2\/product_tag?post=717447"}],"curies":[{"name":"wp","href":"https:\/\/api.w.org\/{rel}","templated":true}]}}