{"id":717445,"date":"2025-08-27T17:55:32","date_gmt":"2025-08-27T14:55:32","guid":{"rendered":"https:\/\/roveyayinevi.com.tr\/index.php\/urun\/mucizeyi-tasimak\/"},"modified":"2026-04-16T02:25:46","modified_gmt":"2026-04-15T23:25:46","slug":"mucizeyi-tasimak","status":"publish","type":"product","link":"https:\/\/roveyayinevi.com.tr\/index.php\/urun\/mucizeyi-tasimak\/","title":{"rendered":"Mucizeyi Ta\u015f\u0131mak"},"content":{"rendered":"<p>Hamilelik, \u00f6m\u00fcr boyu s\u00fcrecek, mucizelerle dolu annelik yolunun ilk ad\u0131m\u0131.   Bu \u00f6yle bir s\u00fcre\u00e7 ki, ba\u015flang\u0131\u00e7ta \u00e7o\u011fu kad\u0131n m\u00fckemmel bir anne olmaya \u00e7al\u0131\u015f\u0131rken, kayg\u0131lar yuma\u011f\u0131nda kaybolup en yak\u0131nlar\u0131na bile a\u00e7\u0131lamaz.   Sidni Karavil, Mucizeyi Ta\u015f\u0131mak\u2019ta gelgitlerle dolu hamileli\u011fini, g\u00fcn g\u00fcn ya\u015fad\u0131klar\u0131n\u0131, t\u00fcm samimiyetiyle di\u011fer kad\u0131nlarla payla\u015f\u0131yor.   Yazar, korkular\u0131n\u0131, kayg\u0131lar\u0131n\u0131, k\u0131r\u0131lganl\u0131klar\u0131n\u0131 a\u00e7\u0131k y\u00fcreklilikle ortaya koyarken, sorunlarla ba\u015f etmek i\u00e7in modern psikoloji uygulamalar\u0131ndan nas\u0131l faydaland\u0131\u011f\u0131n\u0131 da e\u011flenceli bir dille aktar\u0131yor.   Y\u00fcz\u00fcn\u00fczden tebess\u00fcm\u00fcn eksilmeyece\u011fi, yepyeni fikirlerle kar\u015f\u0131la\u015faca\u011f\u0131n\u0131z s\u0131cak bir sohbete ne dersiniz? <\/p>\n","protected":false},"excerpt":{"rendered":"<p>Hamilelik, \u00f6m\u00fcr boyu s\u00fcrecek, mucizelerle dolu annelik yolunun ilk ad\u0131m\u0131. Bu \u00f6yle bir s\u00fcre\u00e7 ki, ba\u015flang\u0131\u00e7ta \u00e7o\u011fu kad\u0131n m\u00fckemmel bir anne olmaya \u00e7al\u0131\u015f\u0131rken, kayg\u0131lar yuma\u011f\u0131nda kaybolup<span class=\"excerpt-hellip\"> [\u2026]<\/span><\/p>\n","protected":false},"featured_media":0,"template":"","meta":{"_monsterinsights_skip_tracking":false,"_monsterinsights_sitenote_active":false,"_monsterinsights_sitenote_note":"","_monsterinsights_sitenote_category":0},"product_brand":[],"product_cat":[18545,12291],"product_tag":[],"class_list":{"0":"post-717445","1":"product","2":"type-product","3":"status-publish","5":"product_cat-anlati","6":"product_cat-edebiyat","7":"pa_cilt-ciltsiz","8":"pa_tur-kitap","9":"pa_yayinevi-dogan-novus","10":"pa_yazar-sindi-karavil","12":"first","13":"instock","14":"sale","15":"shipping-taxable","16":"purchasable","17":"product-type-simple"},"_links":{"self":[{"href":"https:\/\/roveyayinevi.com.tr\/index.php\/wp-json\/wp\/v2\/product\/717445","targetHints":{"allow":["GET"]}}],"collection":[{"href":"https:\/\/roveyayinevi.com.tr\/index.php\/wp-json\/wp\/v2\/product"}],"about":[{"href":"https:\/\/roveyayinevi.com.tr\/index.php\/wp-json\/wp\/v2\/types\/product"}],"wp:attachment":[{"href":"https:\/\/roveyayinevi.com.tr\/index.php\/wp-json\/wp\/v2\/media?parent=717445"}],"wp:term":[{"taxonomy":"product_brand","embeddable":true,"href":"https:\/\/roveyayinevi.com.tr\/index.php\/wp-json\/wp\/v2\/product_brand?post=717445"},{"taxonomy":"product_cat","embeddable":true,"href":"https:\/\/roveyayinevi.com.tr\/index.php\/wp-json\/wp\/v2\/product_cat?post=717445"},{"taxonomy":"product_tag","embeddable":true,"href":"https:\/\/roveyayinevi.com.tr\/index.php\/wp-json\/wp\/v2\/product_tag?post=717445"}],"curies":[{"name":"wp","href":"https:\/\/api.w.org\/{rel}","templated":true}]}}