{"id":717441,"date":"2025-08-27T17:55:29","date_gmt":"2025-08-27T14:55:29","guid":{"rendered":"https:\/\/roveyayinevi.com.tr\/index.php\/urun\/gazi-mustafa-kemal-ataturk-2\/"},"modified":"2026-04-16T02:25:46","modified_gmt":"2026-04-15T23:25:46","slug":"gazi-mustafa-kemal-ataturk-2","status":"publish","type":"product","link":"https:\/\/roveyayinevi.com.tr\/index.php\/urun\/gazi-mustafa-kemal-ataturk-2\/","title":{"rendered":"Gazi Mustafa Kemal Atat\u00fcrk"},"content":{"rendered":"<p>&#8220;Art\u0131k durumu d\u00fczeltemek , hayat bulmak , insan olmak i\u00e7in ; mutlaka Avrupa&#8217;dan nasihat almak , b\u00fct\u00fcn i\u015fleri Avrupa&#8217;n\u0131n emellerine uygun y\u00fcr\u00fctmek , b\u00fct\u00fcn dersleri Avrupa&#8217;n\u0131nn  emellerine uygun y\u00fcr\u00fctmek , b\u00fct\u00fcn dersleri Avrupa&#8217;dan almak gibi , birtak\u0131m zihniyetler ortaya \u00e7\u0131kt\u0131.Oysa hangi ba\u011f\u0131ms\u0131zl\u0131k vard\u0131r ki, yabanc\u0131lar\u0131n nasihatleriyle , planlar\u0131yla y\u00fckselebilsin? Tarih b\u00f6yle bir olay yazmam\u0131\u015ft\u0131r&#8221;6 Mart 1922&#8243;Ge\u00e7mi\u015fte , \u00f6zellikle Tazminat D\u00f6neminde sonar, yabanc\u0131 sermayesi memlekette ayr\u0131cal\u0131kl\u0131 bir yere sahip oldu.Ve bilimsel anlamda denilebilir ki , devlet ve h\u00fck\u00fcmet yabanc\u0131 sermayesinin jandarmal\u0131\u011f\u0131ndan ba\u015fka bir \u015fey yapmama\u0131\u015ft\u0131r.Art\u0131k her uygar devlet gibi , yeni T\u00fcrkiye&#8217;de bunu kabul edemez. buras\u0131 esir \u00fclkesi yap\u0131lamaz&#8221;<\/p>\n","protected":false},"excerpt":{"rendered":"<p>&#8220;Art\u0131k durumu d\u00fczeltemek , hayat bulmak , insan olmak i\u00e7in ; mutlaka Avrupa&#8217;dan nasihat almak , b\u00fct\u00fcn i\u015fleri Avrupa&#8217;n\u0131n emellerine uygun y\u00fcr\u00fctmek , b\u00fct\u00fcn dersleri Avrupa&#8217;n\u0131nn<span class=\"excerpt-hellip\"> [\u2026]<\/span><\/p>\n","protected":false},"featured_media":0,"template":"","meta":{"_monsterinsights_skip_tracking":false,"_monsterinsights_sitenote_active":false,"_monsterinsights_sitenote_note":"","_monsterinsights_sitenote_category":0},"product_brand":[],"product_cat":[12530,12304],"product_tag":[],"class_list":{"0":"post-717441","1":"product","2":"type-product","3":"status-publish","5":"product_cat-mustafa-kemal-ataturk","6":"product_cat-tarih","7":"pa_cilt-ciltsiz","8":"pa_tur-kitap","9":"pa_yayinevi-nergiz-yayinlari","10":"pa_yazar-umran-mustafa-iscan","12":"first","13":"instock","14":"sale","15":"shipping-taxable","16":"purchasable","17":"product-type-simple"},"_links":{"self":[{"href":"https:\/\/roveyayinevi.com.tr\/index.php\/wp-json\/wp\/v2\/product\/717441","targetHints":{"allow":["GET"]}}],"collection":[{"href":"https:\/\/roveyayinevi.com.tr\/index.php\/wp-json\/wp\/v2\/product"}],"about":[{"href":"https:\/\/roveyayinevi.com.tr\/index.php\/wp-json\/wp\/v2\/types\/product"}],"wp:attachment":[{"href":"https:\/\/roveyayinevi.com.tr\/index.php\/wp-json\/wp\/v2\/media?parent=717441"}],"wp:term":[{"taxonomy":"product_brand","embeddable":true,"href":"https:\/\/roveyayinevi.com.tr\/index.php\/wp-json\/wp\/v2\/product_brand?post=717441"},{"taxonomy":"product_cat","embeddable":true,"href":"https:\/\/roveyayinevi.com.tr\/index.php\/wp-json\/wp\/v2\/product_cat?post=717441"},{"taxonomy":"product_tag","embeddable":true,"href":"https:\/\/roveyayinevi.com.tr\/index.php\/wp-json\/wp\/v2\/product_tag?post=717441"}],"curies":[{"name":"wp","href":"https:\/\/api.w.org\/{rel}","templated":true}]}}