{"id":717439,"date":"2025-08-27T17:55:28","date_gmt":"2025-08-27T14:55:28","guid":{"rendered":"https:\/\/roveyayinevi.com.tr\/index.php\/urun\/cevapsiz-cagri\/"},"modified":"2025-12-30T10:20:11","modified_gmt":"2025-12-30T07:20:11","slug":"cevapsiz-cagri","status":"publish","type":"product","link":"https:\/\/roveyayinevi.com.tr\/index.php\/urun\/cevapsiz-cagri\/","title":{"rendered":"Cevaps\u0131z \u00c7a\u011fr\u0131"},"content":{"rendered":"<p>Derbeder Bey on y\u0131ld\u0131r bir \u00e7a\u011fr\u0131 merkezinde \u00e7al\u0131\u015fmaktad\u0131r. Mesai boyunca, her \u00e7a\u011fr\u0131y\u0131 cevaplamaktad\u0131r. Her g\u00fcn\u00fc, bu \u015fekilde t\u00fckenmektedir. Konu\u015fmaktan dili bir y\u0131lan\u0131nki gibi uzam\u0131\u015f ve \u00e7atallanm\u0131\u015ft\u0131r. M\u00fc\u015fterileri dinlemekten kulaklar\u0131, fil kula\u011f\u0131 kadar olmu\u015ftur. Ba\u015far\u0131l\u0131 kariyeri kafas\u0131n\u0131 de\u011fi\u015ftirmekte fakat hayat\u0131 hi\u00e7 de\u011fi\u015fmemektedir. \u00c7\u00fcnk\u00fc cevaps\u0131z b\u0131rakmamas\u0131 gereken tek \u00e7a\u011fr\u0131y\u0131 i\u015fitmemekte, ruhundan habersiz ya\u015famaktad\u0131r.Derbeder Bey terfi edece\u011fi g\u00fcn\u00fcn sabah\u0131nda kulaklar\u0131ndan birini kaybeder. Evin alt\u0131n\u0131 \u00fcst\u00fcne getirir ama kay\u0131p kula\u011f\u0131n\u0131 bulamaz. Uykusunda a\u00e7\u0131lan yeni bir r\u00fcya kap\u0131s\u0131ndan masal \u00e2lemine giri\u015f yaparak kay\u0131p kula\u011f\u0131n\u0131 arar. Bu macera onu kendi ger\u00e7e\u011fiyle y\u00fczle\u015ftirir. Kaybetti\u011fini ararken, asla kaybetmeyece\u011fi varl\u0131\u011f\u0131na kavu\u015fur.\u0130ki usta kalem, bir solukta okuyaca\u011f\u0131n\u0131z bu masalla yeni \u00e7a\u011f\u0131 selaml\u0131yor ve okurlar\u0131na yeni bir pencere a\u00e7\u0131yor.<\/p>\n","protected":false},"excerpt":{"rendered":"<p>Derbeder Bey on y\u0131ld\u0131r bir \u00e7a\u011fr\u0131 merkezinde \u00e7al\u0131\u015fmaktad\u0131r. Mesai boyunca, her \u00e7a\u011fr\u0131y\u0131 cevaplamaktad\u0131r. Her g\u00fcn\u00fc, bu \u015fekilde t\u00fckenmektedir. Konu\u015fmaktan dili bir y\u0131lan\u0131nki gibi uzam\u0131\u015f ve \u00e7atallanm\u0131\u015ft\u0131r.<span class=\"excerpt-hellip\"> [\u2026]<\/span><\/p>\n","protected":false},"featured_media":0,"template":"","meta":{"_monsterinsights_skip_tracking":false,"_monsterinsights_sitenote_active":false,"_monsterinsights_sitenote_note":"","_monsterinsights_sitenote_category":0},"product_brand":[],"product_cat":[12274,12523],"product_tag":[],"class_list":{"0":"post-717439","1":"product","2":"type-product","3":"status-publish","5":"product_cat-cocuk-ve-genclik-kitaplari","6":"product_cat-masallar","7":"pa_cilt-ciltsiz","8":"pa_tur-kitap","9":"pa_yayinevi-destek-yayinlari","10":"pa_yazar-kahraman-tazeoglu-erol-hizarci","12":"first","13":"instock","14":"sale","15":"shipping-taxable","16":"purchasable","17":"product-type-simple"},"_links":{"self":[{"href":"https:\/\/roveyayinevi.com.tr\/index.php\/wp-json\/wp\/v2\/product\/717439","targetHints":{"allow":["GET"]}}],"collection":[{"href":"https:\/\/roveyayinevi.com.tr\/index.php\/wp-json\/wp\/v2\/product"}],"about":[{"href":"https:\/\/roveyayinevi.com.tr\/index.php\/wp-json\/wp\/v2\/types\/product"}],"wp:attachment":[{"href":"https:\/\/roveyayinevi.com.tr\/index.php\/wp-json\/wp\/v2\/media?parent=717439"}],"wp:term":[{"taxonomy":"product_brand","embeddable":true,"href":"https:\/\/roveyayinevi.com.tr\/index.php\/wp-json\/wp\/v2\/product_brand?post=717439"},{"taxonomy":"product_cat","embeddable":true,"href":"https:\/\/roveyayinevi.com.tr\/index.php\/wp-json\/wp\/v2\/product_cat?post=717439"},{"taxonomy":"product_tag","embeddable":true,"href":"https:\/\/roveyayinevi.com.tr\/index.php\/wp-json\/wp\/v2\/product_tag?post=717439"}],"curies":[{"name":"wp","href":"https:\/\/api.w.org\/{rel}","templated":true}]}}