{"id":717433,"date":"2025-08-27T17:55:18","date_gmt":"2025-08-27T14:55:18","guid":{"rendered":"https:\/\/roveyayinevi.com.tr\/index.php\/urun\/makarios\/"},"modified":"2026-04-16T02:25:46","modified_gmt":"2026-04-15T23:25:46","slug":"makarios","status":"publish","type":"product","link":"https:\/\/roveyayinevi.com.tr\/index.php\/urun\/makarios\/","title":{"rendered":"Makarios"},"content":{"rendered":"<p>Makarios, ismi K\u0131br\u0131s adas\u0131n\u0131n tarihine derinden iz b\u0131rakan ki\u015filerin ba\u015f\u0131nda gelir. Bug\u00fcn ad\u0131na K\u0131br\u0131s sorunu denilen uluslararas\u0131 d\u00fc\u011f\u00fcm\u00fcn en keskin s\u00fcrecine Makarios damgas\u0131n\u0131 vurmu\u015ftur.1950\u2019li y\u0131llarda dinsel bir otorite olarak boy g\u00f6sterdi\u011fi siyaset sahnesini 1970\u2019li y\u0131llar\u0131n ikinci yar\u0131s\u0131nda hem dini hem de siyasi liderli\u011fini keskinle\u015ftirmi\u015f olarak terk etti\u011finde K\u0131br\u0131s tarihinde de \u00f6nemli bir d\u00f6nem sona ermi\u015f oldu.Makarios, K\u0131br\u0131s Ortodoks Kilisesi\u2019nin ba\u015fpiskoposuydu; K\u0131br\u0131s Cumhuriyeti\u2019nin ilk ve tart\u0131\u015fmas\u0131z cumhurba\u015fkan\u0131yd\u0131; EOKA\u2019n\u0131n kurucusu ve siyasi lideriydi; uluslararas\u0131 alanda Ba\u011flant\u0131s\u0131z \u00dclkeler aras\u0131nda b\u00fcy\u00fck bir prestije sahipti\u2026 EOKA Enosis i\u00e7in m\u00fccadele ederken ba\u015f\u0131nda Makarios vard\u0131. 1968 y\u0131l\u0131nda Enosis\u00e7iler kar\u015f\u0131s\u0131nda \u201cBa\u011f\u0131ms\u0131z K\u0131br\u0131s Cumhuriyeti\u201d slogan\u0131yla se\u00e7ime giren de Makarios\u2019tu. Dinsel ve politik ideolojisi gere\u011fi kom\u00fcnizmin ba\u015f d\u00fc\u015fman\u0131yd\u0131. Ancak gerek AKEL ile olan ili\u015fkisi gerekse de uluslararas\u0131 siyasetteki konumlan\u0131\u015f\u0131 nedeniyle \u201cK\u0131z\u0131l Papaz\u201d ad\u0131yla \u00e7a\u011fr\u0131lan da Makarios\u2019tu.Elinizdeki kitap, siyasal ve dini g\u00f6r\u00fc\u015fleriyle sadece K\u0131br\u0131s tarihine de\u011fil uluslararas\u0131 politikaya da damgas\u0131n\u0131 vurmu\u015f bu karizmatik karakterin; ke\u00e7i \u00e7obanl\u0131\u011f\u0131 yapt\u0131\u011f\u0131 g\u00fcnlerden ba\u015flayarak K\u0131br\u0131sl\u0131 Elenlerin tart\u0131\u015fmas\u0131z lideri olarak \u00f6l\u00fcm\u00fcne dek ya\u015fam\u0131n\u0131n izini s\u00fcr\u00fcyor. H\u0131rslar\u0131, arzular\u0131, korkular\u0131 ve yanl\u0131\u015flar\u0131yla, etten ve kemikten bir insan olarak Makarios\u2019u tan\u0131mak isteyenlere.<\/p>\n","protected":false},"excerpt":{"rendered":"<p>Makarios, ismi K\u0131br\u0131s adas\u0131n\u0131n tarihine derinden iz b\u0131rakan ki\u015filerin ba\u015f\u0131nda gelir. Bug\u00fcn ad\u0131na K\u0131br\u0131s sorunu denilen uluslararas\u0131 d\u00fc\u011f\u00fcm\u00fcn en keskin s\u00fcrecine Makarios damgas\u0131n\u0131 vurmu\u015ftur.1950\u2019li y\u0131llarda dinsel<span class=\"excerpt-hellip\"> [\u2026]<\/span><\/p>\n","protected":false},"featured_media":0,"template":"","meta":{"_monsterinsights_skip_tracking":false,"_monsterinsights_sitenote_active":false,"_monsterinsights_sitenote_note":"","_monsterinsights_sitenote_category":0},"product_brand":[],"product_cat":[13946,12304],"product_tag":[],"class_list":{"0":"post-717433","1":"product","2":"type-product","3":"status-publish","5":"product_cat-biyografi-otobiyografi","6":"product_cat-tarih","7":"pa_cilt-ciltsiz","8":"pa_tur-kitap","9":"pa_yayinevi-kalkedon-yayincilik","10":"pa_yazar-stanley-mayes","12":"first","13":"instock","14":"sale","15":"shipping-taxable","16":"purchasable","17":"product-type-simple"},"_links":{"self":[{"href":"https:\/\/roveyayinevi.com.tr\/index.php\/wp-json\/wp\/v2\/product\/717433","targetHints":{"allow":["GET"]}}],"collection":[{"href":"https:\/\/roveyayinevi.com.tr\/index.php\/wp-json\/wp\/v2\/product"}],"about":[{"href":"https:\/\/roveyayinevi.com.tr\/index.php\/wp-json\/wp\/v2\/types\/product"}],"wp:attachment":[{"href":"https:\/\/roveyayinevi.com.tr\/index.php\/wp-json\/wp\/v2\/media?parent=717433"}],"wp:term":[{"taxonomy":"product_brand","embeddable":true,"href":"https:\/\/roveyayinevi.com.tr\/index.php\/wp-json\/wp\/v2\/product_brand?post=717433"},{"taxonomy":"product_cat","embeddable":true,"href":"https:\/\/roveyayinevi.com.tr\/index.php\/wp-json\/wp\/v2\/product_cat?post=717433"},{"taxonomy":"product_tag","embeddable":true,"href":"https:\/\/roveyayinevi.com.tr\/index.php\/wp-json\/wp\/v2\/product_tag?post=717433"}],"curies":[{"name":"wp","href":"https:\/\/api.w.org\/{rel}","templated":true}]}}