{"id":717432,"date":"2025-08-27T17:55:18","date_gmt":"2025-08-27T14:55:18","guid":{"rendered":"https:\/\/roveyayinevi.com.tr\/index.php\/urun\/latife-hanimin-sirlari-ve-turk-sosyetesi\/"},"modified":"2026-04-16T02:25:45","modified_gmt":"2026-04-15T23:25:45","slug":"latife-hanimin-sirlari-ve-turk-sosyetesi","status":"publish","type":"product","link":"https:\/\/roveyayinevi.com.tr\/index.php\/urun\/latife-hanimin-sirlari-ve-turk-sosyetesi\/","title":{"rendered":"Latife Han\u0131m&#8217;\u0131n S\u0131rlar\u0131 ve T\u00fcrk Sosyetesi"},"content":{"rendered":"<p>Ve o, hislerini Ankara&#8217;dan ayr\u0131l\u0131rken kendisine refakat eden Vas\u0131f Bey&#8217;e yazd\u0131\u011f\u0131 mektuplara yans\u0131t\u0131r&#8230; 21 A\u011fustos 1926 tarihli ilk mektupta da s\u00f6yledi\u011fi gibi, art\u0131k ne\u015feyi unutmu\u015f bir kad\u0131nd\u0131r&#8230; \u201cAtat\u00fcrk&#8217;le evli olmak\u201d ile \u201cevli olmak\u201d aras\u0131ndaki fark\u0131 kavrayamad\u0131\u011f\u0131 i\u00e7in 2 y\u0131l 6 ay 5 g\u00fcn s\u00fcren evlili\u011fi Bakanlar Kurulu karar\u0131 ile biten Latife Han\u0131m yaln\u0131z ve \u00f6fkelidir&#8230;Mustafa Kemal&#8217;den ayr\u0131ld\u0131\u011f\u0131 kendisine tebli\u011f olunan Latife Han\u0131m \u0130zmir&#8217;e, baba evine d\u00f6ner ve \u00fcmitle Ankara&#8217;dan bir haber bekler.Muhtemelen bu olay\u0131 \u201cge\u00e7ici bir \u00f6fke\u201d sonucu olarak de\u011ferlendirmekte, daha \u00f6nce oldu\u011fu gibi, yeniden beraber olabileceklerini d\u00fc\u015f\u00fcnmektedir.<\/p>\n","protected":false},"excerpt":{"rendered":"<p>Ve o, hislerini Ankara&#8217;dan ayr\u0131l\u0131rken kendisine refakat eden Vas\u0131f Bey&#8217;e yazd\u0131\u011f\u0131 mektuplara yans\u0131t\u0131r&#8230; 21 A\u011fustos 1926 tarihli ilk mektupta da s\u00f6yledi\u011fi gibi, art\u0131k ne\u015feyi unutmu\u015f bir<span class=\"excerpt-hellip\"> [\u2026]<\/span><\/p>\n","protected":false},"featured_media":0,"template":"","meta":{"_monsterinsights_skip_tracking":false,"_monsterinsights_sitenote_active":false,"_monsterinsights_sitenote_note":"","_monsterinsights_sitenote_category":0},"product_brand":[],"product_cat":[12370,12304],"product_tag":[],"class_list":{"0":"post-717432","1":"product","2":"type-product","3":"status-publish","5":"product_cat-arastirma-inceleme","6":"product_cat-tarih","7":"pa_cilt-ciltsiz","8":"pa_tur-kitap","9":"pa_yayinevi-jules-verne","10":"pa_yazar-mehmet-barlas","12":"first","13":"instock","14":"sale","15":"shipping-taxable","16":"purchasable","17":"product-type-simple"},"_links":{"self":[{"href":"https:\/\/roveyayinevi.com.tr\/index.php\/wp-json\/wp\/v2\/product\/717432","targetHints":{"allow":["GET"]}}],"collection":[{"href":"https:\/\/roveyayinevi.com.tr\/index.php\/wp-json\/wp\/v2\/product"}],"about":[{"href":"https:\/\/roveyayinevi.com.tr\/index.php\/wp-json\/wp\/v2\/types\/product"}],"wp:attachment":[{"href":"https:\/\/roveyayinevi.com.tr\/index.php\/wp-json\/wp\/v2\/media?parent=717432"}],"wp:term":[{"taxonomy":"product_brand","embeddable":true,"href":"https:\/\/roveyayinevi.com.tr\/index.php\/wp-json\/wp\/v2\/product_brand?post=717432"},{"taxonomy":"product_cat","embeddable":true,"href":"https:\/\/roveyayinevi.com.tr\/index.php\/wp-json\/wp\/v2\/product_cat?post=717432"},{"taxonomy":"product_tag","embeddable":true,"href":"https:\/\/roveyayinevi.com.tr\/index.php\/wp-json\/wp\/v2\/product_tag?post=717432"}],"curies":[{"name":"wp","href":"https:\/\/api.w.org\/{rel}","templated":true}]}}