{"id":717428,"date":"2025-08-27T17:55:15","date_gmt":"2025-08-27T14:55:15","guid":{"rendered":"https:\/\/roveyayinevi.com.tr\/index.php\/urun\/sen-gozlerinle-vurdun-ben-siirle-direndim\/"},"modified":"2026-03-12T02:34:01","modified_gmt":"2026-03-11T23:34:01","slug":"sen-gozlerinle-vurdun-ben-siirle-direndim","status":"publish","type":"product","link":"https:\/\/roveyayinevi.com.tr\/index.php\/urun\/sen-gozlerinle-vurdun-ben-siirle-direndim\/","title":{"rendered":"Sen G\u00f6zlerinle Vurdun Ben \u015eiirle Direndim"},"content":{"rendered":"<p>En g\u00fczel \u015fiirimi sana uykuda yazd\u0131m Maalesef bu aleme onu ta\u015f\u0131yamad\u0131m Hasbelkader kalbine do\u011fan melali sezdim Karanl\u0131klarda senin i\u00e7in \u0131\u015f\u0131yamad\u0131m. <\/p>\n","protected":false},"excerpt":{"rendered":"<p>En g\u00fczel \u015fiirimi sana uykuda yazd\u0131m Maalesef bu aleme onu ta\u015f\u0131yamad\u0131m Hasbelkader kalbine do\u011fan melali sezdim Karanl\u0131klarda senin i\u00e7in \u0131\u015f\u0131yamad\u0131m.<\/p>\n","protected":false},"featured_media":0,"template":"","meta":{"_monsterinsights_skip_tracking":false,"_monsterinsights_sitenote_active":false,"_monsterinsights_sitenote_note":"","_monsterinsights_sitenote_category":0},"product_brand":[],"product_cat":[12291,12509],"product_tag":[],"class_list":{"0":"post-717428","1":"product","2":"type-product","3":"status-publish","5":"product_cat-edebiyat","6":"product_cat-siir","7":"pa_cilt-ciltsiz","8":"pa_tur-kitap","9":"pa_yayinevi-kirmizi-cati-yayinlari","10":"pa_yazar-aydin-bayrakdar","12":"first","13":"instock","14":"sale","15":"shipping-taxable","16":"purchasable","17":"product-type-simple"},"_links":{"self":[{"href":"https:\/\/roveyayinevi.com.tr\/index.php\/wp-json\/wp\/v2\/product\/717428","targetHints":{"allow":["GET"]}}],"collection":[{"href":"https:\/\/roveyayinevi.com.tr\/index.php\/wp-json\/wp\/v2\/product"}],"about":[{"href":"https:\/\/roveyayinevi.com.tr\/index.php\/wp-json\/wp\/v2\/types\/product"}],"wp:attachment":[{"href":"https:\/\/roveyayinevi.com.tr\/index.php\/wp-json\/wp\/v2\/media?parent=717428"}],"wp:term":[{"taxonomy":"product_brand","embeddable":true,"href":"https:\/\/roveyayinevi.com.tr\/index.php\/wp-json\/wp\/v2\/product_brand?post=717428"},{"taxonomy":"product_cat","embeddable":true,"href":"https:\/\/roveyayinevi.com.tr\/index.php\/wp-json\/wp\/v2\/product_cat?post=717428"},{"taxonomy":"product_tag","embeddable":true,"href":"https:\/\/roveyayinevi.com.tr\/index.php\/wp-json\/wp\/v2\/product_tag?post=717428"}],"curies":[{"name":"wp","href":"https:\/\/api.w.org\/{rel}","templated":true}]}}