{"id":717427,"date":"2025-08-27T17:55:14","date_gmt":"2025-08-27T14:55:14","guid":{"rendered":"https:\/\/roveyayinevi.com.tr\/index.php\/urun\/dusunmek-ve-olmak\/"},"modified":"2026-04-16T02:25:45","modified_gmt":"2026-04-15T23:25:45","slug":"dusunmek-ve-olmak","status":"publish","type":"product","link":"https:\/\/roveyayinevi.com.tr\/index.php\/urun\/dusunmek-ve-olmak\/","title":{"rendered":"D\u00fc\u015f\u00fcnmek ve Olmak"},"content":{"rendered":"<p>\u0130dealist ya\u015fama felsefesinin Fransa\u2019daki temsilcisi olarak tan\u0131nan Henri Bergson, 1927 y\u0131l\u0131nda Nobel Edebiyat \u00d6d\u00fcl\u00fc ald\u0131. Bergson\u2019un yaratt\u0131\u011f\u0131 \u00e7ok y\u00f6nl\u00fc etki, Bat\u0131 felsefe ve sanat sahnesinde uzun s\u00fcre varl\u0131\u011f\u0131n\u0131 korudu. \u201cTeorik bilgiler bir s\u00fcs, eylem ise bir gerekliliktir\u201d diyen Bergson, dura\u011fan nitelikleri yok sayarak devinimi, hareketi \u00f6ne \u00e7\u0131karan \u201cs\u00fcre\u00e7 felsefesi\u201d ad\u0131 verilen felsefe t\u00fcr\u00fcn\u00fcn en \u00f6nemli temsilcilerindendir.Eserlerinde insani ve tinsel de\u011ferleri \u00f6ne \u00e7\u0131karan Bergson, bu \u00f6nemli kitab\u0131nda fikirlerini \u201cHakikatin Geli\u015fimi, Ger\u00e7e\u011fin Geriye Do\u011fru Hareketi, Problemlerin Konumu, Olas\u0131 ve Ger\u00e7ek, Felsefi \u00d6nsezi, De\u011fi\u015fim Alg\u0131s\u0131, Metafizi\u011fe Giri\u015f, Claude Bernard\u2019\u0131n Felsefesi, William James\u2019in Pragmatizmi \u00dczerine Ger\u00e7ek ve Ger\u00e7eklik, Ravaisson\u2019nun Hayat\u0131 ve Eserleri\u201d ba\u015fl\u0131klar\u0131 alt\u0131nda, Kant, Berkeley, Spinoza, Spencer gibi de\u011ferli filozoflar\u0131n g\u00f6r\u00fc\u015flerine de yer vererek anlatm\u0131\u015f.<\/p>\n","protected":false},"excerpt":{"rendered":"<p>\u0130dealist ya\u015fama felsefesinin Fransa\u2019daki temsilcisi olarak tan\u0131nan Henri Bergson, 1927 y\u0131l\u0131nda Nobel Edebiyat \u00d6d\u00fcl\u00fc ald\u0131. Bergson\u2019un yaratt\u0131\u011f\u0131 \u00e7ok y\u00f6nl\u00fc etki, Bat\u0131 felsefe ve sanat sahnesinde uzun<span class=\"excerpt-hellip\"> [\u2026]<\/span><\/p>\n","protected":false},"featured_media":0,"template":"","meta":{"_monsterinsights_skip_tracking":false,"_monsterinsights_sitenote_active":false,"_monsterinsights_sitenote_note":"","_monsterinsights_sitenote_category":0},"product_brand":[],"product_cat":[12291,13872],"product_tag":[],"class_list":{"0":"post-717427","1":"product","2":"type-product","3":"status-publish","5":"product_cat-edebiyat","6":"product_cat-klasikler","7":"pa_cilt-ciltsiz","8":"pa_tur-kitap","9":"pa_yayinevi-oda-yayinlari","10":"pa_yazar-henri-bergson","12":"first","13":"instock","14":"sale","15":"shipping-taxable","16":"purchasable","17":"product-type-simple"},"_links":{"self":[{"href":"https:\/\/roveyayinevi.com.tr\/index.php\/wp-json\/wp\/v2\/product\/717427","targetHints":{"allow":["GET"]}}],"collection":[{"href":"https:\/\/roveyayinevi.com.tr\/index.php\/wp-json\/wp\/v2\/product"}],"about":[{"href":"https:\/\/roveyayinevi.com.tr\/index.php\/wp-json\/wp\/v2\/types\/product"}],"wp:attachment":[{"href":"https:\/\/roveyayinevi.com.tr\/index.php\/wp-json\/wp\/v2\/media?parent=717427"}],"wp:term":[{"taxonomy":"product_brand","embeddable":true,"href":"https:\/\/roveyayinevi.com.tr\/index.php\/wp-json\/wp\/v2\/product_brand?post=717427"},{"taxonomy":"product_cat","embeddable":true,"href":"https:\/\/roveyayinevi.com.tr\/index.php\/wp-json\/wp\/v2\/product_cat?post=717427"},{"taxonomy":"product_tag","embeddable":true,"href":"https:\/\/roveyayinevi.com.tr\/index.php\/wp-json\/wp\/v2\/product_tag?post=717427"}],"curies":[{"name":"wp","href":"https:\/\/api.w.org\/{rel}","templated":true}]}}