{"id":717426,"date":"2025-08-27T17:55:13","date_gmt":"2025-08-27T14:55:13","guid":{"rendered":"https:\/\/roveyayinevi.com.tr\/index.php\/urun\/artik-buyudum\/"},"modified":"2026-04-16T02:25:45","modified_gmt":"2026-04-15T23:25:45","slug":"artik-buyudum","status":"publish","type":"product","link":"https:\/\/roveyayinevi.com.tr\/index.php\/urun\/artik-buyudum\/","title":{"rendered":"Art\u0131k B\u00fcy\u00fcd\u00fcm"},"content":{"rendered":"<p>Amazon 2017\u2019nin En \u0130yi 100 Kitab\u0131\u2019ndan Biri Amazon Mart 2017\u2019nin En \u0130yi Kitab\u0131 Kirkus 2017\u2019nin En \u0130yi Kurgu Kitaplar\u0131ndan Biri.Kendinizi nas\u0131l tan\u0131mlars\u0131n\u0131z?Bu soruyu Andrea Bern\u2019e sordu\u011funuzda verece\u011fi cevaplar belli: Andrea bir tasar\u0131mc\u0131, bir dost, bir evlat ve k\u0131zkarde\u015f. Oysa bir insan\u0131 as\u0131l tan\u0131mlayan \u015feyler s\u00f6ylenmeyenlerdir: Andrea yapayaln\u0131z, alkolle aras\u0131 fazla iyi, sanat\u00e7\u0131l\u0131ktan terk.Peki b\u00fcy\u00fcmek sizin i\u00e7in ne ifade ediyor?Andrea\u2019n\u0131n en yak\u0131n dostlar\u0131ndan biri i\u00e7in bu evlenmek, bir aile kurmak demek b\u00fcy\u00fcmek. Bir ba\u015fka arkada\u015f\u0131 i\u00e7inse kendini sanat\u0131na adamak demek. Andrea\u2019n\u0131n karde\u015fi, e\u015fiyle beraber uzun s\u00fcredir bir \u00e7ocuk sahibi olmak istiyorlar. Andrea ise bu soruya herhangi bir cevap vermiyor.Hayat\u0131 t\u00fcm \u00e7\u0131plakl\u0131\u011f\u0131yla ortaya d\u00f6ken, tamam\u0131yla d\u00fcr\u00fcst bu kitapta 39 ya\u015f\u0131ndaki Andrea\u2019n\u0131n hayat\u0131na konuk olacak, hayata onun g\u00f6zleriyle bakacaks\u0131n\u0131z. \u201cT\u00fcm arkada\u015flar\u0131ma hediye etmek istedi\u011fim nadir kitaplardan.\u201d MARIA SEMPLE, Neredesin, Bernadette?\u2019in yazar\u0131\u201cBazen kahkahalarla, bazen y\u00fcz\u00fcm\u00fc buru\u015fturarak, bazen de g\u00f6zlerim dolarak bu kitab\u0131 iki kez okudum.\u201d \u2014JUDY BLUME, Orada M\u0131s\u0131n? Benim Margaret kitab\u0131n\u0131n yazar\u0131\u201cBu kitap kendinden emin bir \u015fehir \u00f6yk\u00fcs\u00fc, okumaya cesaret edenler i\u00e7in biraz \u00fcz\u00fcc\u00fc biraz da sars\u0131c\u0131 bir roman. Te\u015fekk\u00fcrler, Jami.\u201d EILEEN MYLES, Cehennem &amp; Bir \u015eairin Roman\u0131\u2019n\u0131n yazar\u0131\u201cJami Attenberg\u2019\u00fcn Andrea\u2019s\u0131 son y\u0131llarda okudu\u011fum en iyi ba\u015fkarakter.\u201d MELISSA BRODER, So Sad Today\u2019in yazar\u0131<\/p>\n","protected":false},"excerpt":{"rendered":"<p>Amazon 2017\u2019nin En \u0130yi 100 Kitab\u0131\u2019ndan Biri Amazon Mart 2017\u2019nin En \u0130yi Kitab\u0131 Kirkus 2017\u2019nin En \u0130yi Kurgu Kitaplar\u0131ndan Biri.Kendinizi nas\u0131l tan\u0131mlars\u0131n\u0131z?Bu soruyu Andrea Bern\u2019e sordu\u011funuzda<span class=\"excerpt-hellip\"> [\u2026]<\/span><\/p>\n","protected":false},"featured_media":0,"template":"","meta":{"_monsterinsights_skip_tracking":false,"_monsterinsights_sitenote_active":false,"_monsterinsights_sitenote_note":"","_monsterinsights_sitenote_category":0},"product_brand":[],"product_cat":[13661,12291],"product_tag":[],"class_list":{"0":"post-717426","1":"product","2":"type-product","3":"status-publish","5":"product_cat-diger-ulke-edebiyatlari","6":"product_cat-edebiyat","7":"pa_cilt-ciltsiz","8":"pa_tur-kitap","9":"pa_yayinevi-yabanci-yayinevi","10":"pa_yazar-jami-attenberg","12":"first","13":"instock","14":"sale","15":"shipping-taxable","16":"purchasable","17":"product-type-simple"},"_links":{"self":[{"href":"https:\/\/roveyayinevi.com.tr\/index.php\/wp-json\/wp\/v2\/product\/717426","targetHints":{"allow":["GET"]}}],"collection":[{"href":"https:\/\/roveyayinevi.com.tr\/index.php\/wp-json\/wp\/v2\/product"}],"about":[{"href":"https:\/\/roveyayinevi.com.tr\/index.php\/wp-json\/wp\/v2\/types\/product"}],"wp:attachment":[{"href":"https:\/\/roveyayinevi.com.tr\/index.php\/wp-json\/wp\/v2\/media?parent=717426"}],"wp:term":[{"taxonomy":"product_brand","embeddable":true,"href":"https:\/\/roveyayinevi.com.tr\/index.php\/wp-json\/wp\/v2\/product_brand?post=717426"},{"taxonomy":"product_cat","embeddable":true,"href":"https:\/\/roveyayinevi.com.tr\/index.php\/wp-json\/wp\/v2\/product_cat?post=717426"},{"taxonomy":"product_tag","embeddable":true,"href":"https:\/\/roveyayinevi.com.tr\/index.php\/wp-json\/wp\/v2\/product_tag?post=717426"}],"curies":[{"name":"wp","href":"https:\/\/api.w.org\/{rel}","templated":true}]}}