{"id":717425,"date":"2025-08-27T17:55:13","date_gmt":"2025-08-27T14:55:13","guid":{"rendered":"https:\/\/roveyayinevi.com.tr\/index.php\/urun\/harry-potter-ve-lanetli-cocuk-birinci-ve-ikinci-bolum\/"},"modified":"2026-04-16T02:25:45","modified_gmt":"2026-04-15T23:25:45","slug":"harry-potter-ve-lanetli-cocuk-birinci-ve-ikinci-bolum","status":"publish","type":"product","link":"https:\/\/roveyayinevi.com.tr\/index.php\/urun\/harry-potter-ve-lanetli-cocuk-birinci-ve-ikinci-bolum\/","title":{"rendered":"Harry Potter ve Lanetli \u00c7ocuk &#8211; Birinci ve \u0130kinci B\u00f6l\u00fcm"},"content":{"rendered":"<p>Harry Potter olmak her zaman zordu. Sihir Bakanl\u0131\u011f\u0131\u2019n\u0131n yorgun bir \u00e7al\u0131\u015fan\u0131, bir koca ve okul \u00e7a\u011f\u0131ndaki \u00fc\u00e7 \u00e7ocu\u011fun babas\u0131 olan Harry i\u00e7in \u015fimdi de kolay de\u011fil. Harry ait oldu\u011fu yerde durmay\u0131 reddeden bir ge\u00e7mi\u015fle bo\u011fu\u015furken, en k\u00fc\u00e7\u00fck o\u011flu Albus da istemedi\u011fi bir aile miras\u0131n\u0131n y\u00fck\u00fcn\u00fc omuzlar\u0131nda ta\u015f\u0131makta zorlan\u0131r. Ge\u00e7mi\u015fle gelecek u\u011fursuzca i\u00e7 i\u00e7e ge\u00e7erken hem baba hem o\u011ful tedirgin edici bir ger\u00e7e\u011fi, bazen karanl\u0131\u011f\u0131n beklenmedik yerlerden geldi\u011fini \u00f6\u011frenir. J.K. Rowling, John Tiffany ve Jack Thorne\u2019a ait \u00f6zg\u00fcn hik\u00e2yeden yola \u00e7\u0131k\u0131larak yaz\u0131lan Harry Potter ve Lanetli \u00c7ocuk, 2016\u2019da Londra West End\u2019de ger\u00e7ekle\u015fen d\u00fcnya pr\u00f6miyeriyle beraber \u201csahne metni \u00f6zel bask\u0131s\u0131\u201d olarak yay\u0131mland\u0131. Oyunun metni yay\u0131mlanmas\u0131n\u0131n ard\u0131ndan d\u00fcnya \u00e7ap\u0131nda \u00e7ok satan bir kitap oldu ve pek \u00e7ok tiyatrosever ve ele\u015ftirmenden co\u015fkulu yorumlar ald\u0131. Bu eksiksiz nihai metin, baz\u0131 eklerle beraber, sahnelenen oyunun son diyaloglar\u0131n\u0131 i\u00e7ermektedir. <\/p>\n","protected":false},"excerpt":{"rendered":"<p>Harry Potter olmak her zaman zordu. Sihir Bakanl\u0131\u011f\u0131\u2019n\u0131n yorgun bir \u00e7al\u0131\u015fan\u0131, bir koca ve okul \u00e7a\u011f\u0131ndaki \u00fc\u00e7 \u00e7ocu\u011fun babas\u0131 olan Harry i\u00e7in \u015fimdi de kolay de\u011fil.<span class=\"excerpt-hellip\"> [\u2026]<\/span><\/p>\n","protected":false},"featured_media":0,"template":"","meta":{"_monsterinsights_skip_tracking":false,"_monsterinsights_sitenote_active":false,"_monsterinsights_sitenote_note":"","_monsterinsights_sitenote_category":0},"product_brand":[],"product_cat":[12291,14777],"product_tag":[],"class_list":{"0":"post-717425","1":"product","2":"type-product","3":"status-publish","5":"product_cat-edebiyat","6":"product_cat-fantastik","7":"pa_cilt-ciltsiz","8":"pa_tur-kitap","9":"pa_yayinevi-yapi-kredi-yayinlari","10":"pa_yazar-j-k-rowling","12":"first","13":"instock","14":"sale","15":"shipping-taxable","16":"purchasable","17":"product-type-simple"},"_links":{"self":[{"href":"https:\/\/roveyayinevi.com.tr\/index.php\/wp-json\/wp\/v2\/product\/717425","targetHints":{"allow":["GET"]}}],"collection":[{"href":"https:\/\/roveyayinevi.com.tr\/index.php\/wp-json\/wp\/v2\/product"}],"about":[{"href":"https:\/\/roveyayinevi.com.tr\/index.php\/wp-json\/wp\/v2\/types\/product"}],"wp:attachment":[{"href":"https:\/\/roveyayinevi.com.tr\/index.php\/wp-json\/wp\/v2\/media?parent=717425"}],"wp:term":[{"taxonomy":"product_brand","embeddable":true,"href":"https:\/\/roveyayinevi.com.tr\/index.php\/wp-json\/wp\/v2\/product_brand?post=717425"},{"taxonomy":"product_cat","embeddable":true,"href":"https:\/\/roveyayinevi.com.tr\/index.php\/wp-json\/wp\/v2\/product_cat?post=717425"},{"taxonomy":"product_tag","embeddable":true,"href":"https:\/\/roveyayinevi.com.tr\/index.php\/wp-json\/wp\/v2\/product_tag?post=717425"}],"curies":[{"name":"wp","href":"https:\/\/api.w.org\/{rel}","templated":true}]}}