{"id":717422,"date":"2025-08-27T17:55:11","date_gmt":"2025-08-27T14:55:11","guid":{"rendered":"https:\/\/roveyayinevi.com.tr\/index.php\/urun\/mustafa-abdulcemil-kirimoglu\/"},"modified":"2026-04-16T02:25:45","modified_gmt":"2026-04-15T23:25:45","slug":"mustafa-abdulcemil-kirimoglu","status":"publish","type":"product","link":"https:\/\/roveyayinevi.com.tr\/index.php\/urun\/mustafa-abdulcemil-kirimoglu\/","title":{"rendered":"Mustafa Abd\u00fclcemil K\u0131r\u0131mo\u011flu"},"content":{"rendered":"<p>\u0130nsan vard\u0131r; umut olur milletine, \u00e7evresine, insanl\u0131\u011fa\u2026 I\u015f\u0131k olur, yol g\u00f6sterici olur\u2026 \u0130nsan vard\u0131r; haks\u0131zl\u0131klar\u0131n kar\u015f\u0131s\u0131nda e\u011filmez, b\u00fck\u00fclmez\u2026 Korkmaz, can\u0131 pahas\u0131na\u2026 \u0130\u015fte K\u0131r\u0131m T\u00fcrkl\u00fc\u011f\u00fcn\u00fcn efsanev\u00ee lideri Mustafa Abd\u00fclcemil K\u0131r\u0131mo\u011flu tam da bu sayd\u0131klar\u0131m\u0131zd\u0131r. K\u0131r\u0131m T\u00fcrklerinin yakla\u015f\u0131k d\u00f6rt y\u00fcz y\u0131l s\u00fcren k\u00e2busunu, karanl\u0131\u011f\u0131n\u0131 ayd\u0131nl\u0131\u011fa \u00e7evirendir. Milletine umut ve \u0131\u015f\u0131k oland\u0131r. Her t\u00fcrl\u00fc bask\u0131ya ve zulme ra\u011fmen dik durand\u0131r. Hem de hi\u00e7bir \u015fiddete ba\u015fvurmadan, \u015fiddet s\u00f6z\u00fcn\u00fc a\u011fz\u0131na almadan\u2026 Bu vakur, \u015fahsiyetli, inan\u00e7l\u0131 h\u00e2liyle hem bug\u00fcn\u00fcn insan\u0131na hem de bundan sonraki nesillere hakik\u00ee bir \u00f6rnektir K\u0131r\u0131mo\u011flu\u2026 Bu \u00e7al\u0131\u015fmada, 17 May\u0131s\u2019\u0131 18 May\u0131s\u2019a (1944) ba\u011flayan gece s\u00fcrg\u00fcn ve soyk\u0131r\u0131ma u\u011frayan K\u0131r\u0131m T\u00fcrkleri ile Mustafa Abd\u00fclcemil K\u0131r\u0131mo\u011flu\u2019nun hayat\u0131 anlat\u0131lmaktad\u0131r. Eser, genel anlamda bir hayat hik\u00e2yesi olmakla birlikte, ayn\u0131 zamanda K\u0131r\u0131m T\u00fcrklerinin s\u00fcrg\u00fcn edili\u015finin ve daha sonra vatanlar\u0131na d\u00f6n\u00fc\u015f i\u00e7in verdikleri m\u00fccadelenin hik\u00e2yesidir. K\u0131r\u0131mo\u011flu\u2019nun verdi\u011fi m\u00fccadele asl\u0131nda O\u011fuz Ka\u011fan\u2019\u0131n, Attila\u2019n\u0131n, Mete\u2019nin, \u0130lteri\u015f Ka\u011fan\u2019\u0131n, Bilge Ka\u011fan\u2019\u0131n, Satuk Bu\u011fra Han\u2019\u0131n, Alparslan\u2019\u0131n, Fatih Sultan Mehmet\u2019in, Mustafa Kemal Atat\u00fcrk\u2019\u00fcn verdi\u011fi m\u00fccadeleden farkl\u0131 de\u011fildir. Bu y\u00fczden de b\u00f6ylesine \u015ferefli bir m\u00fccadelenin ve K\u0131r\u0131mo\u011flu\u2019nun hik\u00e2yesi yaln\u0131zca bug\u00fcn\u00fcn insan\u0131na de\u011fil, bundan sonraki nesillere de sunulmal\u0131yd\u0131.<\/p>\n","protected":false},"excerpt":{"rendered":"<p>\u0130nsan vard\u0131r; umut olur milletine, \u00e7evresine, insanl\u0131\u011fa\u2026 I\u015f\u0131k olur, yol g\u00f6sterici olur\u2026 \u0130nsan vard\u0131r; haks\u0131zl\u0131klar\u0131n kar\u015f\u0131s\u0131nda e\u011filmez, b\u00fck\u00fclmez\u2026 Korkmaz, can\u0131 pahas\u0131na\u2026 \u0130\u015fte K\u0131r\u0131m T\u00fcrkl\u00fc\u011f\u00fcn\u00fcn efsanev\u00ee lideri<span class=\"excerpt-hellip\"> [\u2026]<\/span><\/p>\n","protected":false},"featured_media":0,"template":"","meta":{"_monsterinsights_skip_tracking":false,"_monsterinsights_sitenote_active":false,"_monsterinsights_sitenote_note":"","_monsterinsights_sitenote_category":0},"product_brand":[],"product_cat":[13946,12304],"product_tag":[],"class_list":{"0":"post-717422","1":"product","2":"type-product","3":"status-publish","5":"product_cat-biyografi-otobiyografi","6":"product_cat-tarih","7":"pa_cilt-ciltsiz","8":"pa_tur-kitap","9":"pa_yayinevi-otuken-nesriyat","10":"pa_yazar-necati-demir-osman-kubilay-gul","12":"first","13":"instock","14":"sale","15":"shipping-taxable","16":"purchasable","17":"product-type-simple"},"_links":{"self":[{"href":"https:\/\/roveyayinevi.com.tr\/index.php\/wp-json\/wp\/v2\/product\/717422","targetHints":{"allow":["GET"]}}],"collection":[{"href":"https:\/\/roveyayinevi.com.tr\/index.php\/wp-json\/wp\/v2\/product"}],"about":[{"href":"https:\/\/roveyayinevi.com.tr\/index.php\/wp-json\/wp\/v2\/types\/product"}],"wp:attachment":[{"href":"https:\/\/roveyayinevi.com.tr\/index.php\/wp-json\/wp\/v2\/media?parent=717422"}],"wp:term":[{"taxonomy":"product_brand","embeddable":true,"href":"https:\/\/roveyayinevi.com.tr\/index.php\/wp-json\/wp\/v2\/product_brand?post=717422"},{"taxonomy":"product_cat","embeddable":true,"href":"https:\/\/roveyayinevi.com.tr\/index.php\/wp-json\/wp\/v2\/product_cat?post=717422"},{"taxonomy":"product_tag","embeddable":true,"href":"https:\/\/roveyayinevi.com.tr\/index.php\/wp-json\/wp\/v2\/product_tag?post=717422"}],"curies":[{"name":"wp","href":"https:\/\/api.w.org\/{rel}","templated":true}]}}