{"id":717419,"date":"2025-08-27T17:55:08","date_gmt":"2025-08-27T14:55:08","guid":{"rendered":"https:\/\/roveyayinevi.com.tr\/index.php\/urun\/karanligin-yuregi-5\/"},"modified":"2026-04-16T02:25:45","modified_gmt":"2026-04-15T23:25:45","slug":"karanligin-yuregi-5","status":"publish","type":"product","link":"https:\/\/roveyayinevi.com.tr\/index.php\/urun\/karanligin-yuregi-5\/","title":{"rendered":"Karanl\u0131\u011f\u0131n Y\u00fcre\u011fi"},"content":{"rendered":"<p>Joseph Conrad\u2019\u0131n denizci oldu\u011fu y\u0131llarda Kongo\u2019ya yapt\u0131\u011f\u0131 bir yolculuktan esinlendi\u011fi Karanl\u0131\u011f\u0131n Y\u00fcre\u011fi, yazar\u0131n en \u00f6nemli yap\u0131t\u0131 olmas\u0131n\u0131n yan\u0131 s\u0131ra s\u00f6m\u00fcrgecilik konusunu derinlemesine irdeleyen bir \u00e7al\u0131\u015fmad\u0131r. Roman, ba\u015fkarakteri Marlow\u2019un kar\u015f\u0131la\u015ft\u0131\u011f\u0131 \u00fc\u00e7 farkl\u0131 karanl\u0131\u011f\u0131; insan eli de\u011fmemi\u015f Kongo\u2019nun karanl\u0131\u011f\u0131n\u0131, Avrupal\u0131lar\u0131n yerlilere yapt\u0131\u011f\u0131 zulm\u00fcn karanl\u0131\u011f\u0131n\u0131 ve her insan\u0131n i\u00e7inde gizli olan k\u00f6t\u00fcl\u00fck yapma arzusunun karanl\u0131\u011f\u0131n\u0131 ele al\u0131r. Francis Ford Coppola\u2019n\u0131n K\u0131yamet adl\u0131 k\u00fclt filmine esin kayna\u011f\u0131 olan Karanl\u0131\u011f\u0131n Y\u00fcre\u011fi, asl\u0131nda insano\u011flunun ruhundaki karanl\u0131\u011f\u0131n derinlerine yap\u0131lan bir yolculuktur. <\/p>\n","protected":false},"excerpt":{"rendered":"<p>Joseph Conrad\u2019\u0131n denizci oldu\u011fu y\u0131llarda Kongo\u2019ya yapt\u0131\u011f\u0131 bir yolculuktan esinlendi\u011fi Karanl\u0131\u011f\u0131n Y\u00fcre\u011fi, yazar\u0131n en \u00f6nemli yap\u0131t\u0131 olmas\u0131n\u0131n yan\u0131 s\u0131ra s\u00f6m\u00fcrgecilik konusunu derinlemesine irdeleyen bir \u00e7al\u0131\u015fmad\u0131r. Roman,<span class=\"excerpt-hellip\"> [\u2026]<\/span><\/p>\n","protected":false},"featured_media":0,"template":"","meta":{"_monsterinsights_skip_tracking":false,"_monsterinsights_sitenote_active":false,"_monsterinsights_sitenote_note":"","_monsterinsights_sitenote_category":0},"product_brand":[],"product_cat":[12291,12711],"product_tag":[],"class_list":{"0":"post-717419","1":"product","2":"type-product","3":"status-publish","5":"product_cat-edebiyat","6":"product_cat-roman-oyku","7":"pa_cilt-ciltsiz","8":"pa_tur-kitap","9":"pa_yayinevi-can-yayinlari","10":"pa_yazar-joseph-conrad","12":"first","13":"instock","14":"sale","15":"shipping-taxable","16":"purchasable","17":"product-type-simple"},"_links":{"self":[{"href":"https:\/\/roveyayinevi.com.tr\/index.php\/wp-json\/wp\/v2\/product\/717419","targetHints":{"allow":["GET"]}}],"collection":[{"href":"https:\/\/roveyayinevi.com.tr\/index.php\/wp-json\/wp\/v2\/product"}],"about":[{"href":"https:\/\/roveyayinevi.com.tr\/index.php\/wp-json\/wp\/v2\/types\/product"}],"wp:attachment":[{"href":"https:\/\/roveyayinevi.com.tr\/index.php\/wp-json\/wp\/v2\/media?parent=717419"}],"wp:term":[{"taxonomy":"product_brand","embeddable":true,"href":"https:\/\/roveyayinevi.com.tr\/index.php\/wp-json\/wp\/v2\/product_brand?post=717419"},{"taxonomy":"product_cat","embeddable":true,"href":"https:\/\/roveyayinevi.com.tr\/index.php\/wp-json\/wp\/v2\/product_cat?post=717419"},{"taxonomy":"product_tag","embeddable":true,"href":"https:\/\/roveyayinevi.com.tr\/index.php\/wp-json\/wp\/v2\/product_tag?post=717419"}],"curies":[{"name":"wp","href":"https:\/\/api.w.org\/{rel}","templated":true}]}}