{"id":717418,"date":"2025-08-27T17:55:08","date_gmt":"2025-08-27T14:55:08","guid":{"rendered":"https:\/\/roveyayinevi.com.tr\/index.php\/urun\/de-profundis\/"},"modified":"2026-04-16T02:25:45","modified_gmt":"2026-04-15T23:25:45","slug":"de-profundis","status":"publish","type":"product","link":"https:\/\/roveyayinevi.com.tr\/index.php\/urun\/de-profundis\/","title":{"rendered":"De Profundis"},"content":{"rendered":"<p>F\u0131rt\u0131nal\u0131 ya\u015fam\u0131 boyunca her davran\u0131\u015f\u0131yla ya bir skandal ya da bir ak\u0131m yaratan, her s\u00f6z\u00fc bir \u00f6zdeyi\u015f haline gelen Oscar Wilde\u2019\u0131n Alfred Douglas\u2019la yak\u0131n dostlu\u011fu, Douglas\u2019\u0131n babas\u0131 Queensberry markisini \u00e7ok k\u0131zd\u0131rm\u0131\u015ft\u0131. Marki taraf\u0131ndan e\u015fcinsellikle su\u00e7lanan Wilde, dostlar\u0131n\u0131n Fransa\u2019ya ka\u00e7mas\u0131 i\u00e7in yapt\u0131klar\u0131 uyar\u0131lara kar\u015f\u0131n ka\u00e7mamakta direnince tutuklanarak mahkemeye \u00e7\u0131kar\u0131lm\u0131\u015f, parlak ifadesine kar\u015f\u0131n su\u00e7lu bulunarak iki y\u0131l hapis cezas\u0131na \u00e7arpt\u0131r\u0131lm\u0131\u015ft\u0131. Cezas\u0131n\u0131n b\u00fcy\u00fck b\u00f6l\u00fcm\u00fcn\u00fc ge\u00e7irdi\u011fi Reading Hapishanesi\u2019nden Douglas\u2019a yazd\u0131\u011f\u0131 mektup, kendisini sefahate s\u00fcr\u00fckledi\u011fi ve sonra da sahip \u00e7\u0131kmad\u0131\u011f\u0131 i\u00e7in gen\u00e7 adama y\u00f6neltti\u011fi su\u00e7lamalarla doluydu. Wilde\u2019\u0131n mektubu Douglas\u2019\u0131n eline ge\u00e7mese de, 1905\u2019te De Profundis ad\u0131yla yay\u0131mland\u0131ktan sonra ger\u00e7ek okuruna ula\u015fabildi. Edebiyat tarihinin bu \u00fcnl\u00fc mektubunu, yazar\u0131n yak\u0131n dostu ve hayran\u0131 Andr\u00e9 Gide\u2019in \u00f6ns\u00f6z\u00fc e\u015fli\u011finde, Roza Hakmen\u2019in \u00e7evirisiyle sunuyoruz.  <\/p>\n","protected":false},"excerpt":{"rendered":"<p>F\u0131rt\u0131nal\u0131 ya\u015fam\u0131 boyunca her davran\u0131\u015f\u0131yla ya bir skandal ya da bir ak\u0131m yaratan, her s\u00f6z\u00fc bir \u00f6zdeyi\u015f haline gelen Oscar Wilde\u2019\u0131n Alfred Douglas\u2019la yak\u0131n dostlu\u011fu, Douglas\u2019\u0131n<span class=\"excerpt-hellip\"> [\u2026]<\/span><\/p>\n","protected":false},"featured_media":0,"template":"","meta":{"_monsterinsights_skip_tracking":false,"_monsterinsights_sitenote_active":false,"_monsterinsights_sitenote_note":"","_monsterinsights_sitenote_category":0},"product_brand":[],"product_cat":[12291,13872],"product_tag":[],"class_list":{"0":"post-717418","1":"product","2":"type-product","3":"status-publish","5":"product_cat-edebiyat","6":"product_cat-klasikler","7":"pa_cilt-ciltsiz","8":"pa_tur-kitap","9":"pa_yayinevi-can-yayinlari","10":"pa_yazar-oscar-wilde","12":"first","13":"instock","14":"sale","15":"shipping-taxable","16":"purchasable","17":"product-type-simple"},"_links":{"self":[{"href":"https:\/\/roveyayinevi.com.tr\/index.php\/wp-json\/wp\/v2\/product\/717418","targetHints":{"allow":["GET"]}}],"collection":[{"href":"https:\/\/roveyayinevi.com.tr\/index.php\/wp-json\/wp\/v2\/product"}],"about":[{"href":"https:\/\/roveyayinevi.com.tr\/index.php\/wp-json\/wp\/v2\/types\/product"}],"wp:attachment":[{"href":"https:\/\/roveyayinevi.com.tr\/index.php\/wp-json\/wp\/v2\/media?parent=717418"}],"wp:term":[{"taxonomy":"product_brand","embeddable":true,"href":"https:\/\/roveyayinevi.com.tr\/index.php\/wp-json\/wp\/v2\/product_brand?post=717418"},{"taxonomy":"product_cat","embeddable":true,"href":"https:\/\/roveyayinevi.com.tr\/index.php\/wp-json\/wp\/v2\/product_cat?post=717418"},{"taxonomy":"product_tag","embeddable":true,"href":"https:\/\/roveyayinevi.com.tr\/index.php\/wp-json\/wp\/v2\/product_tag?post=717418"}],"curies":[{"name":"wp","href":"https:\/\/api.w.org\/{rel}","templated":true}]}}