{"id":717417,"date":"2025-08-27T17:55:07","date_gmt":"2025-08-27T14:55:07","guid":{"rendered":"https:\/\/roveyayinevi.com.tr\/index.php\/urun\/cilgin-kalabaliktan-uzak\/"},"modified":"2026-04-03T02:32:11","modified_gmt":"2026-04-02T23:32:11","slug":"cilgin-kalabaliktan-uzak","status":"publish","type":"product","link":"https:\/\/roveyayinevi.com.tr\/index.php\/urun\/cilgin-kalabaliktan-uzak\/","title":{"rendered":"\u00c7\u0131lg\u0131n Kalabal\u0131ktan Uzak"},"content":{"rendered":"<p>Hardy, Wessex\u2019te kurgulad\u0131\u011f\u0131 \u00c7\u0131lg\u0131n Kalabal\u0131ktan Uzak\u2019la ilk b\u00fcy\u00fck edeb\u00ee ba\u015far\u0131s\u0131n\u0131 yakalar. Yazar\u0131n \u201cen s\u0131cak ve ayd\u0131nl\u0131k\u201d roman\u0131 olarak tarif edilen eser, Hardy\u2019nin Victoria d\u00f6nemi \u00e7ift\u00e7i toplulu\u011funun ya\u015fant\u0131s\u0131, sorunlar\u0131 ve de\u011fer yarg\u0131lar\u0131na dair izlenimleri e\u015fli\u011finde, a\u015fk, gurur ve ihanet temalar\u0131 etraf\u0131nda \u015fekillenir.   Amcas\u0131ndan miras kalan \u00e7iftli\u011fe ta\u015f\u0131nan gen\u00e7, g\u00fczel ve cesur Bathsheba Everdene \u00e7ift\u00e7ili\u011fe soyunmay\u0131, \u00fcstelik bunu bir k\u00e2hya bile tutmadan yapmay\u0131 kafaya koyunca Weatherbury k\u00f6y\u00fc sakinleri merakla olacaklar\u0131 bekler. Gen\u00e7 kad\u0131n \u00e7iftlik i\u015fleriyle bo\u011fu\u015furken bir yandan da sad\u0131k ve becerikli \u00c7oban Oak, saplant\u0131lar\u0131n\u0131n tutsa\u011f\u0131 \u00c7ift\u00e7i Boldwood ve giri\u015fken ama sorumsuz \u00c7avu\u015f Troy\u2019a kar\u015f\u0131 duygular\u0131 aras\u0131nda bocalar. \u00c7\u0131lg\u0131n Kalabal\u0131ktan Uzak, g\u00fcne\u015fli ve ne\u015feli bir k\u00f6y atmosferi ve trajik olaylar aras\u0131nda yakalad\u0131\u011f\u0131 tuhaf uyumla Hardy\u2019nin bir romanc\u0131 olarak ustal\u0131\u011f\u0131n\u0131 ortaya koyar. <\/p>\n","protected":false},"excerpt":{"rendered":"<p>Hardy, Wessex\u2019te kurgulad\u0131\u011f\u0131 \u00c7\u0131lg\u0131n Kalabal\u0131ktan Uzak\u2019la ilk b\u00fcy\u00fck edeb\u00ee ba\u015far\u0131s\u0131n\u0131 yakalar. Yazar\u0131n \u201cen s\u0131cak ve ayd\u0131nl\u0131k\u201d roman\u0131 olarak tarif edilen eser, Hardy\u2019nin Victoria d\u00f6nemi \u00e7ift\u00e7i toplulu\u011funun<span class=\"excerpt-hellip\"> [\u2026]<\/span><\/p>\n","protected":false},"featured_media":0,"template":"","meta":{"_monsterinsights_skip_tracking":false,"_monsterinsights_sitenote_active":false,"_monsterinsights_sitenote_note":"","_monsterinsights_sitenote_category":0},"product_brand":[],"product_cat":[12291,12711],"product_tag":[],"class_list":{"0":"post-717417","1":"product","2":"type-product","3":"status-publish","5":"product_cat-edebiyat","6":"product_cat-roman-oyku","7":"pa_cilt-ciltsiz","8":"pa_tur-kitap","9":"pa_yayinevi-can-yayinlari","10":"pa_yazar-thomas-hardy","12":"first","13":"instock","14":"sale","15":"shipping-taxable","16":"purchasable","17":"product-type-simple"},"_links":{"self":[{"href":"https:\/\/roveyayinevi.com.tr\/index.php\/wp-json\/wp\/v2\/product\/717417","targetHints":{"allow":["GET"]}}],"collection":[{"href":"https:\/\/roveyayinevi.com.tr\/index.php\/wp-json\/wp\/v2\/product"}],"about":[{"href":"https:\/\/roveyayinevi.com.tr\/index.php\/wp-json\/wp\/v2\/types\/product"}],"wp:attachment":[{"href":"https:\/\/roveyayinevi.com.tr\/index.php\/wp-json\/wp\/v2\/media?parent=717417"}],"wp:term":[{"taxonomy":"product_brand","embeddable":true,"href":"https:\/\/roveyayinevi.com.tr\/index.php\/wp-json\/wp\/v2\/product_brand?post=717417"},{"taxonomy":"product_cat","embeddable":true,"href":"https:\/\/roveyayinevi.com.tr\/index.php\/wp-json\/wp\/v2\/product_cat?post=717417"},{"taxonomy":"product_tag","embeddable":true,"href":"https:\/\/roveyayinevi.com.tr\/index.php\/wp-json\/wp\/v2\/product_tag?post=717417"}],"curies":[{"name":"wp","href":"https:\/\/api.w.org\/{rel}","templated":true}]}}