{"id":717412,"date":"2025-08-27T17:55:03","date_gmt":"2025-08-27T14:55:03","guid":{"rendered":"https:\/\/roveyayinevi.com.tr\/index.php\/urun\/bakisinla-aydinlanir-dunya\/"},"modified":"2026-04-16T02:25:45","modified_gmt":"2026-04-15T23:25:45","slug":"bakisinla-aydinlanir-dunya","status":"publish","type":"product","link":"https:\/\/roveyayinevi.com.tr\/index.php\/urun\/bakisinla-aydinlanir-dunya\/","title":{"rendered":"Bak\u0131\u015f\u0131nla Ayd\u0131nlan\u0131r D\u00fcnya"},"content":{"rendered":"<p>Arkada\u015fl\u0131k y\u0131llar\u0131m\u0131z benim i\u00e7in b\u00fcy\u00fck \u00f6zg\u00fcrl\u00fck y\u0131llar\u0131 oldu. Oldu\u011fum gibi olabildi\u011fim; u\u011furb\u00f6ceklerini umursamayan, her zaman nereye gideceklerini, ne yapacaklar\u0131n\u0131 bilen, daima ula\u015facaklar\u0131 hedefleri olan o b\u00fcy\u00fck insanlar kar\u015f\u0131s\u0131nda takmam gereken maskeden ari olabildi\u011fim y\u0131llar. Susanna Tamaro\u2019nun \u00e7arp\u0131c\u0131 ve dokunakl\u0131 yeni kitab\u0131 Bak\u0131\u015f\u0131nla Ayd\u0131nlan\u0131r D\u00fcnya yo\u011fun bir dostlu\u011fun \u00f6yk\u00fcs\u00fc. Yazar, on alt\u0131 ya\u015f\u0131nda ge\u00e7irdi\u011fi trafik kazas\u0131 nedeniyle engelli olan ve 2017\u2019de elli ya\u015f\u0131nda kanser y\u00fcz\u00fcnden hayat\u0131n\u0131 yitiren \u015fair Pierluigi Cappello\u2019yla aras\u0131ndaki derin arkada\u015fl\u0131\u011f\u0131 ta\u015f\u0131yor kitab\u0131n sayfalar\u0131na. Bununla yetinmeyip kendi \u00e7ocuklu\u011fu, ergenli\u011fi ve gen\u00e7li\u011fi hakk\u0131nda hayli dokunakl\u0131 ve ki\u015fisel itiraflarda bulunuyor. B\u00f6ylece bu dostlu\u011fa adanan sayfalar ola\u011fan\u00fcst\u00fc bir samimiyetle \u0131\u015f\u0131ld\u0131yor. Zira fazlas\u0131yla duyarl\u0131, k\u0131r\u0131lgan ve \u00fcrkek bir ki\u015fili\u011fe sahip, bu sebeple de arkada\u015flar\u0131 taraf\u0131ndan hep d\u0131\u015flanm\u0131\u015f olan Tamaro, bir de ailesinin duyars\u0131zl\u0131\u011f\u0131yla kar\u015f\u0131 kar\u015f\u0131ya kald\u0131\u011f\u0131ndan \u00e7ocuklu\u011funda derin yaralar alm\u0131\u015f, karakteri esasl\u0131 bir imtihandan ge\u00e7mi\u015ftir. D\u00fcnyaca \u00fcnl\u00fc bir yazar haline gelmesinde bu derin yaralar\u0131n da pay\u0131 vard\u0131r elbette. Gelgelelim Tamaro i\u00e7in sevgi, de\u011fi\u015fme yetene\u011fi ve kurtulu\u015f s\u00f6zc\u00fcklerin ard\u0131nda gizlidir. O b\u00fcy\u00fcl\u00fc s\u00f6zc\u00fcklerle ilmek ilmek dokudu\u011fu Bak\u0131\u015f\u0131nla Ayd\u0131nlan\u0131r D\u00fcnya, okurlar\u0131 \u00fcst\u00fc \u00f6rt\u00fclm\u00fc\u015f, unutulmu\u015f yollara \u00e7a\u011f\u0131r\u0131yor; s\u0131cak bir dostluk ili\u015fkisinin \u0131\u015f\u0131\u011f\u0131nda i\u00e7d\u00fcnyam\u0131z\u0131, hayat\u0131n bizi saran gizemini ve varolu\u015fumuzun derin anlam\u0131n\u0131 irdeliyor.  <\/p>\n","protected":false},"excerpt":{"rendered":"<p>Arkada\u015fl\u0131k y\u0131llar\u0131m\u0131z benim i\u00e7in b\u00fcy\u00fck \u00f6zg\u00fcrl\u00fck y\u0131llar\u0131 oldu. Oldu\u011fum gibi olabildi\u011fim; u\u011furb\u00f6ceklerini umursamayan, her zaman nereye gideceklerini, ne yapacaklar\u0131n\u0131 bilen, daima ula\u015facaklar\u0131 hedefleri olan o b\u00fcy\u00fck<span class=\"excerpt-hellip\"> [\u2026]<\/span><\/p>\n","protected":false},"featured_media":0,"template":"","meta":{"_monsterinsights_skip_tracking":false,"_monsterinsights_sitenote_active":false,"_monsterinsights_sitenote_note":"","_monsterinsights_sitenote_category":0},"product_brand":[],"product_cat":[12291,12711],"product_tag":[],"class_list":{"0":"post-717412","1":"product","2":"type-product","3":"status-publish","5":"product_cat-edebiyat","6":"product_cat-roman-oyku","7":"pa_cilt-ciltsiz","8":"pa_tur-kitap","9":"pa_yayinevi-can-yayinlari","10":"pa_yazar-susanna-tamaro","12":"first","13":"instock","14":"sale","15":"shipping-taxable","16":"purchasable","17":"product-type-simple"},"_links":{"self":[{"href":"https:\/\/roveyayinevi.com.tr\/index.php\/wp-json\/wp\/v2\/product\/717412","targetHints":{"allow":["GET"]}}],"collection":[{"href":"https:\/\/roveyayinevi.com.tr\/index.php\/wp-json\/wp\/v2\/product"}],"about":[{"href":"https:\/\/roveyayinevi.com.tr\/index.php\/wp-json\/wp\/v2\/types\/product"}],"wp:attachment":[{"href":"https:\/\/roveyayinevi.com.tr\/index.php\/wp-json\/wp\/v2\/media?parent=717412"}],"wp:term":[{"taxonomy":"product_brand","embeddable":true,"href":"https:\/\/roveyayinevi.com.tr\/index.php\/wp-json\/wp\/v2\/product_brand?post=717412"},{"taxonomy":"product_cat","embeddable":true,"href":"https:\/\/roveyayinevi.com.tr\/index.php\/wp-json\/wp\/v2\/product_cat?post=717412"},{"taxonomy":"product_tag","embeddable":true,"href":"https:\/\/roveyayinevi.com.tr\/index.php\/wp-json\/wp\/v2\/product_tag?post=717412"}],"curies":[{"name":"wp","href":"https:\/\/api.w.org\/{rel}","templated":true}]}}