{"id":717410,"date":"2025-08-27T17:55:02","date_gmt":"2025-08-27T14:55:02","guid":{"rendered":"https:\/\/roveyayinevi.com.tr\/index.php\/urun\/bilgelik-kilavuzu-ve-kurnazlik-sanati\/"},"modified":"2026-04-16T02:25:45","modified_gmt":"2026-04-15T23:25:45","slug":"bilgelik-kilavuzu-ve-kurnazlik-sanati","status":"publish","type":"product","link":"https:\/\/roveyayinevi.com.tr\/index.php\/urun\/bilgelik-kilavuzu-ve-kurnazlik-sanati\/","title":{"rendered":"Bilgelik K\u0131lavuzu ve Kurnazl\u0131k Sanat\u0131"},"content":{"rendered":"<p>Hayat her ge\u00e7en gu\u0308n daha da karma\u015f\u0131k ve istikrars\u0131z hale geliyor. Be\u015feri mu\u0308nasebetlerde hi\u00e7bir \u015feyin derinli\u011fini \u00f6l\u00e7emiyor, en yak\u0131n\u0131m\u0131zdakiler de dahil olmak u\u0308zere kanaatlerimizde su\u0308rekli gelgitler ya\u015f\u0131yor, biteviye hayal k\u0131r\u0131kl\u0131\u011f\u0131na u\u011fruyoruz. Sonunda bu hayal k\u0131r\u0131kl\u0131klar\u0131ndan yorulmu\u015f olarak i\u00e7imize d\u00f6ndu\u0308\u011fu\u0308mu\u0308zde kendimizi hecelerken buluyoruz: Nas\u0131l ya\u015famal\u0131y\u0131m ki her i\u015fimde su\u0308rekli hu\u0308sran kaderim olmas\u0131n, att\u0131\u011f\u0131m her ad\u0131mda hep pi\u015fmanl\u0131k kap\u0131m\u0131 \u00e7almas\u0131n? Bu soru ile birlikte idrak etmeye ba\u015fl\u0131yoruz ki hayat\u0131m\u0131z\u0131 bu kadar sallant\u0131l\u0131 ve \u00e7alkant\u0131l\u0131 hale getiren her tu\u0308rlu\u0308 \u00f6l\u00e7u\u0308 ve ilkeyi bir tarafa b\u0131rakarak nicedir tuttu\u011fumuz keyfimize g\u00f6re ya\u015fama yoludur. Sonunda \u00e7ok pahal\u0131ya mal olsa da \u00f6\u011freniyoruz ki ya\u015famak \u015fakaya gelmeyecek kadar tehlikeli bir i\u015fmi\u015f. \u015eimdi gerek bu derinlikler, gerekse s\u0131k s\u0131k u\u011frad\u0131\u011f\u0131m\u0131z pi\u015fmanl\u0131k ve hayal k\u0131r\u0131kl\u0131klar\u0131 hakk\u0131nda k\u0131sa ve \u00f6zlu\u0308 deyi\u015flere, bu sallant\u0131l\u0131 ve \u00e7alkant\u0131l\u0131 hayata inat de\u011fi\u015fmez ve sars\u0131lmaz hayat du\u0308sturlar\u0131na ihtiya\u00e7 duydu\u011fumuzu kimselere s\u00f6yleyemesek de kendimize itiraf ediyoruz. Hatta bu kadar\u0131 bile de\u011fil, hayat\u0131n pahal\u0131ya \u00f6\u011frettiklerini tecru\u0308be haline getirip ders edinmenin yollar\u0131n\u0131 arad\u0131\u011f\u0131m\u0131z\u0131 g\u00f6ru\u0308yoruz. Kitap, kapa\u011f\u0131ndaki isimden de anla\u015f\u0131laca\u011f\u0131 u\u0308zere hem bu dersleri hem de kadim zamanlar\u0131n hayat bilgeliklerini kapaklar\u0131 aras\u0131na der\u00e7 etti\u011fi iddias\u0131nda. Schopenhauer onu bu hu\u0308viyetiyle \u2018su\u0308rekli ba\u015fvurulacak bir elkitab\u0131, bir hayat yolda\u015f\u0131\u2019 olarak takdim etmekte, Nietzsche onu Avrupa du\u0308\u015fu\u0308ncesinde bu sahada emsaline rastlanmayan bir \u2018muvaffakiyet\u2019 olarak selamlamakta. <\/p>\n","protected":false},"excerpt":{"rendered":"<p>Hayat her ge\u00e7en gu\u0308n daha da karma\u015f\u0131k ve istikrars\u0131z hale geliyor. Be\u015feri mu\u0308nasebetlerde hi\u00e7bir \u015feyin derinli\u011fini \u00f6l\u00e7emiyor, en yak\u0131n\u0131m\u0131zdakiler de dahil olmak u\u0308zere kanaatlerimizde su\u0308rekli gelgitler<span class=\"excerpt-hellip\"> [\u2026]<\/span><\/p>\n","protected":false},"featured_media":0,"template":"","meta":{"_monsterinsights_skip_tracking":false,"_monsterinsights_sitenote_active":false,"_monsterinsights_sitenote_note":"","_monsterinsights_sitenote_category":0},"product_brand":[],"product_cat":[12389,12388],"product_tag":[],"class_list":{"0":"post-717410","1":"product","2":"type-product","3":"status-publish","5":"product_cat-diger-felsefe","6":"product_cat-felsefe","7":"pa_cilt-ciltsiz","8":"pa_tur-kitap","9":"pa_yayinevi-say-yayinlari","10":"pa_yazar-baltasar-gracian","12":"first","13":"instock","14":"sale","15":"shipping-taxable","16":"purchasable","17":"product-type-simple"},"_links":{"self":[{"href":"https:\/\/roveyayinevi.com.tr\/index.php\/wp-json\/wp\/v2\/product\/717410","targetHints":{"allow":["GET"]}}],"collection":[{"href":"https:\/\/roveyayinevi.com.tr\/index.php\/wp-json\/wp\/v2\/product"}],"about":[{"href":"https:\/\/roveyayinevi.com.tr\/index.php\/wp-json\/wp\/v2\/types\/product"}],"wp:attachment":[{"href":"https:\/\/roveyayinevi.com.tr\/index.php\/wp-json\/wp\/v2\/media?parent=717410"}],"wp:term":[{"taxonomy":"product_brand","embeddable":true,"href":"https:\/\/roveyayinevi.com.tr\/index.php\/wp-json\/wp\/v2\/product_brand?post=717410"},{"taxonomy":"product_cat","embeddable":true,"href":"https:\/\/roveyayinevi.com.tr\/index.php\/wp-json\/wp\/v2\/product_cat?post=717410"},{"taxonomy":"product_tag","embeddable":true,"href":"https:\/\/roveyayinevi.com.tr\/index.php\/wp-json\/wp\/v2\/product_tag?post=717410"}],"curies":[{"name":"wp","href":"https:\/\/api.w.org\/{rel}","templated":true}]}}