{"id":717409,"date":"2025-08-27T17:55:01","date_gmt":"2025-08-27T14:55:01","guid":{"rendered":"https:\/\/roveyayinevi.com.tr\/index.php\/urun\/duygusal-sermaye\/"},"modified":"2026-04-16T02:25:45","modified_gmt":"2026-04-15T23:25:45","slug":"duygusal-sermaye","status":"publish","type":"product","link":"https:\/\/roveyayinevi.com.tr\/index.php\/urun\/duygusal-sermaye\/","title":{"rendered":"Duygusal Sermaye"},"content":{"rendered":"<p>\u201cDuygusal sermaye\u201d kavram\u0131 ile hat\u0131rlatmak ve vurgulamak istedi\u011fimiz \u015fey, \u00f6zne alg\u0131s\u0131n\u0131n giderek de\u011fi\u015fti\u011fi d\u00fcnyam\u0131zda, \u201c\u00f6zne\u201dnin h\u00e2l\u00e2 insan oldu\u011fudur. Bu kavram, bir kurumu olu\u015fturan unsurlar\u0131n, o kuruma dair \u00fcretmi\u015f olduklar\u0131 duygular\u0131n ve etkile\u015fimlerin toplam\u0131n\u0131 ifade eder. Duygusal sermaye, birlikte ya\u015famaktan ve birlikte \u00fcretmekten haz duyan insanlar\u0131n \u0131\u015f\u0131kl\u0131 y\u00fczlerle yer ald\u0131klar\u0131 \u00fcretim alanlar\u0131 i\u00e7in \u00fcretilen d\u00fc\u015f\u00fcncelerin b\u00fct\u00fcn\u00fcd\u00fcr. Mehmet Semih S\u00f6ylemez\u2019in kaleminden Duygusal Sermaye&#8230; \u0130\u00e7erisinde insan\u0131 ve insana ait olan her \u015feyi bulaca\u011f\u0131n\u0131z m\u00fckemmel bir eser. Unutmay\u0131n, fabrikalardan, kurumlara, k\u00fc\u00e7\u00fck-b\u00fcy\u00fck i\u015fletmelere kadar insan\u0131n oldu\u011fu her yerde duygusal sermaye mutlaka vard\u0131r. Elma Yay\u0131nevi\u2019den siz okuyucular\u0131m\u0131za\u2026 <\/p>\n","protected":false},"excerpt":{"rendered":"<p>\u201cDuygusal sermaye\u201d kavram\u0131 ile hat\u0131rlatmak ve vurgulamak istedi\u011fimiz \u015fey, \u00f6zne alg\u0131s\u0131n\u0131n giderek de\u011fi\u015fti\u011fi d\u00fcnyam\u0131zda, \u201c\u00f6zne\u201dnin h\u00e2l\u00e2 insan oldu\u011fudur. Bu kavram, bir kurumu olu\u015fturan unsurlar\u0131n, o kuruma<span class=\"excerpt-hellip\"> [\u2026]<\/span><\/p>\n","protected":false},"featured_media":0,"template":"","meta":{"_monsterinsights_skip_tracking":false,"_monsterinsights_sitenote_active":false,"_monsterinsights_sitenote_note":"","_monsterinsights_sitenote_category":0},"product_brand":[],"product_cat":[13043,17647],"product_tag":[],"class_list":{"0":"post-717409","1":"product","2":"type-product","3":"status-publish","5":"product_cat-ekonomi","6":"product_cat-is-dunyasi","7":"pa_cilt-ciltsiz","8":"pa_tur-kitap","9":"pa_yayinevi-elma-yayinevi","10":"pa_yazar-mehmet-semih-soylemez","12":"first","13":"instock","14":"sale","15":"shipping-taxable","16":"purchasable","17":"product-type-simple"},"_links":{"self":[{"href":"https:\/\/roveyayinevi.com.tr\/index.php\/wp-json\/wp\/v2\/product\/717409","targetHints":{"allow":["GET"]}}],"collection":[{"href":"https:\/\/roveyayinevi.com.tr\/index.php\/wp-json\/wp\/v2\/product"}],"about":[{"href":"https:\/\/roveyayinevi.com.tr\/index.php\/wp-json\/wp\/v2\/types\/product"}],"wp:attachment":[{"href":"https:\/\/roveyayinevi.com.tr\/index.php\/wp-json\/wp\/v2\/media?parent=717409"}],"wp:term":[{"taxonomy":"product_brand","embeddable":true,"href":"https:\/\/roveyayinevi.com.tr\/index.php\/wp-json\/wp\/v2\/product_brand?post=717409"},{"taxonomy":"product_cat","embeddable":true,"href":"https:\/\/roveyayinevi.com.tr\/index.php\/wp-json\/wp\/v2\/product_cat?post=717409"},{"taxonomy":"product_tag","embeddable":true,"href":"https:\/\/roveyayinevi.com.tr\/index.php\/wp-json\/wp\/v2\/product_tag?post=717409"}],"curies":[{"name":"wp","href":"https:\/\/api.w.org\/{rel}","templated":true}]}}