{"id":717404,"date":"2025-08-27T17:54:58","date_gmt":"2025-08-27T14:54:58","guid":{"rendered":"https:\/\/roveyayinevi.com.tr\/index.php\/urun\/bir-bedenin-gercegi\/"},"modified":"2026-04-16T02:25:45","modified_gmt":"2026-04-15T23:25:45","slug":"bir-bedenin-gercegi","status":"publish","type":"product","link":"https:\/\/roveyayinevi.com.tr\/index.php\/urun\/bir-bedenin-gercegi\/","title":{"rendered":"Bir Bedenin Ger\u00e7e\u011fi"},"content":{"rendered":"<p>\u201cBir Bedenin Ger\u00e7e\u011fi, tek kelimeyle \u00e7arp\u0131c\u0131.\u201d Paula Hawkins, Trendeki K\u0131z ve Karanl\u0131k Sular\u2019\u0131n yazar\u0131\u201cMuhte\u015fem. Hem s\u00fcr\u00fckleyici hem de sinir bozucu.\u201dCeleste Ng,  New York Times \u00e7oksatan\u0131 K\u00fc\u00e7\u00fck Yang\u0131nlar\u2019\u0131n yazar\u0131Korkun\u00e7 bir su\u00e7. Gizlenen aile s\u0131rlar\u0131. Bedenlere saklanan ger\u00e7ekler. Avukatlar. Katiller. Hapishaneler. Alkolik ebeveynler. Y\u00fczle\u015fmemiz gereken travmalar. Affetmenin g\u00fcc\u00fc\u2026 ve sars\u0131c\u0131 bir ger\u00e7ek hik\u00e2ye. Y\u0131l: 1992. Bir \u00e7ocuk kayboldu: Jeremy Guillory. Annesi mahalledeki kom\u015fulardan birinin kap\u0131s\u0131n\u0131 t\u0131klatt\u0131. Kap\u0131y\u0131 a\u00e7an g\u00f6zl\u00fckl\u00fc, zay\u0131f, sa\u00e7lar\u0131 da\u011f\u0131n\u0131k bir adam: Ricky Langley. Anne, Ricky\u2019ye o\u011flunu g\u00f6r\u00fcp g\u00f6rmedi\u011fini sordu. Ricky g\u00f6rmedi\u011fini s\u00f6yledi. Yalan s\u00f6yledi.Sessiz ormandaki g\u00f6n\u00fcll\u00fcler\u2026 Bir \u00e7ocu\u011fu, masum bir \u00e7ocu\u011fu ar\u0131yorlar. Jeremy, Ricky\u2019nin kald\u0131\u011f\u0131 evde, odas\u0131ndaki dolab\u0131n i\u00e7inde, battaniyelere sar\u0131lm\u0131\u015f duruyor. A\u011fz\u0131na kirli bir \u00e7orap s\u0131k\u0131\u015ft\u0131r\u0131lm\u0131\u015f. Jeremy nefes alm\u0131yor. Katili Ricky ise arama \u00e7al\u0131\u015fmalar\u0131na yard\u0131m ediyor.Alexandria Marzano-Lesnevich idam kar\u015f\u0131t\u0131yd\u0131. Ancak hukuk staj\u0131 s\u0131ras\u0131nda Ricky\u2019nin foto\u011fraf\u0131 ve davas\u0131yla kar\u015f\u0131la\u015f\u0131nca i\u00e7inde uyanan hislere kendi bile \u015fa\u015f\u0131racakt\u0131. Alexandria, Ricky\u2019nin i\u015fledi\u011fi su\u00e7u ara\u015ft\u0131rmaya ba\u015flad\u0131. Bu adam, Alexandria\u2019n\u0131n da ge\u00e7mi\u015findeki bir d\u00fc\u015fman\u0131, izlerini h\u00e2l\u00e2 ta\u015f\u0131d\u0131\u011f\u0131 travmay\u0131 hat\u0131rlatacakt\u0131.Bir cinayeti, kurban\u0131 ve katili ara\u015ft\u0131r\u0131rken, kendi ge\u00e7mi\u015fini de anlamaya \u00e7al\u0131\u015fan Alexandria Marzano-Lesnevich, Bir Bedenin Ger\u00e7e\u011fi\u2019nde bir su\u00e7un s\u0131rlar\u0131n\u0131 ayd\u0131nlatarak ayn\u0131 zamanda ki\u015fisel tarihimizi nas\u0131l yazd\u0131\u011f\u0131m\u0131z\u0131 da g\u00f6steriyor. Yaz\u0131m\u0131 on y\u0131l s\u00fcren bu ezber bozan kitap, hukukun d\u00fc\u015f\u00fcnd\u00fc\u011f\u00fcm\u00fczden daha da ki\u015fisel bir mevzu oldu\u011funu bir kez daha g\u00f6zler \u00f6n\u00fcne seriyor.\u201cHayat\u0131n sahici karma\u015falar\u0131n\u0131 benimseyen, nadir kitaplardan.\u201dMark Haddon, S\u00fcper \u0130yi G\u00fcnler\u2019in yazar\u0131\u201cDolu dolu, tedirgin edici, g\u00f6z\u00fc kara ve b\u00fcy\u00fcleyici bir kitap.\u201dTom Perotta, Kalanlar\u2019\u0131n yazar\u0131\u201cOla\u011fan\u00fcst\u00fc bir kitap. \u00c7ok katmanl\u0131, zorlay\u0131c\u0131 ama kesinlikle okunmas\u0131 gereken bir eser.\u201dS.J. Watson, Uyuyana Kadar\u2019\u0131n yazar\u0131<\/p>\n","protected":false},"excerpt":{"rendered":"<p>\u201cBir Bedenin Ger\u00e7e\u011fi, tek kelimeyle \u00e7arp\u0131c\u0131.\u201d Paula Hawkins, Trendeki K\u0131z ve Karanl\u0131k Sular\u2019\u0131n yazar\u0131\u201cMuhte\u015fem. Hem s\u00fcr\u00fckleyici hem de sinir bozucu.\u201dCeleste Ng, New York Times \u00e7oksatan\u0131 K\u00fc\u00e7\u00fck<span class=\"excerpt-hellip\"> [\u2026]<\/span><\/p>\n","protected":false},"featured_media":0,"template":"","meta":{"_monsterinsights_skip_tracking":false,"_monsterinsights_sitenote_active":false,"_monsterinsights_sitenote_note":"","_monsterinsights_sitenote_category":0},"product_brand":[],"product_cat":[12291,15445],"product_tag":[],"class_list":{"0":"post-717404","1":"product","2":"type-product","3":"status-publish","5":"product_cat-edebiyat","6":"product_cat-polisiye","7":"pa_cilt-ciltsiz","8":"pa_tur-kitap","9":"pa_yayinevi-ithaki-yayinlari","10":"pa_yazar-alexandria-marzano-lesnevich","12":"first","13":"instock","14":"sale","15":"shipping-taxable","16":"purchasable","17":"product-type-simple"},"_links":{"self":[{"href":"https:\/\/roveyayinevi.com.tr\/index.php\/wp-json\/wp\/v2\/product\/717404","targetHints":{"allow":["GET"]}}],"collection":[{"href":"https:\/\/roveyayinevi.com.tr\/index.php\/wp-json\/wp\/v2\/product"}],"about":[{"href":"https:\/\/roveyayinevi.com.tr\/index.php\/wp-json\/wp\/v2\/types\/product"}],"wp:attachment":[{"href":"https:\/\/roveyayinevi.com.tr\/index.php\/wp-json\/wp\/v2\/media?parent=717404"}],"wp:term":[{"taxonomy":"product_brand","embeddable":true,"href":"https:\/\/roveyayinevi.com.tr\/index.php\/wp-json\/wp\/v2\/product_brand?post=717404"},{"taxonomy":"product_cat","embeddable":true,"href":"https:\/\/roveyayinevi.com.tr\/index.php\/wp-json\/wp\/v2\/product_cat?post=717404"},{"taxonomy":"product_tag","embeddable":true,"href":"https:\/\/roveyayinevi.com.tr\/index.php\/wp-json\/wp\/v2\/product_tag?post=717404"}],"curies":[{"name":"wp","href":"https:\/\/api.w.org\/{rel}","templated":true}]}}