{"id":717399,"date":"2025-08-27T17:54:55","date_gmt":"2025-08-27T14:54:55","guid":{"rendered":"https:\/\/roveyayinevi.com.tr\/index.php\/urun\/sanatta-egitim\/"},"modified":"2026-01-29T02:47:15","modified_gmt":"2026-01-28T23:47:15","slug":"sanatta-egitim","status":"publish","type":"product","link":"https:\/\/roveyayinevi.com.tr\/index.php\/urun\/sanatta-egitim\/","title":{"rendered":"Sanatta E\u011fitim"},"content":{"rendered":"<p>Sanat ya\u015fam\u0131 anlamland\u0131ran,ba\u015fl\u0131 ba\u015f\u0131nabir d\u00fcnya, bir k\u00fclt\u00fcr de\u011feridir. Sanatd\u00fcnyay\u0131 anlamam\u0131z\u0131, anlamaya \u00e7al\u0131\u015ft\u0131\u011f\u0131m\u0131z bu d\u00fcnyay\u0131 de\u011fi\u015ftirmeye \u00e7al\u0131\u015fmam\u0131z\u0131 ve de\u011fi\u015ftirirken de\u011fi\u015fmemizi sa\u011flayan bir de\u011ferdir.Yaln\u0131z bu de\u011ferler bile sanat\u0131n okul izlencelerinde yer almas\u0131, \u00f6\u011fretilmesi ve \u00f6\u011frenilmesi i\u00e7in hakl\u0131 gerek\u00e7eleri olu\u015fturur. G\u00fcn\u00fcm\u00fczde g\u00f6rsel k\u00fclt\u00fcr\u00fc de i\u00e7ine alarak kapsam\u0131 geni\u015fleyen sanate\u011fitimi, disiplinler aras\u0131 bir boyut kazanm\u0131\u015ft\u0131r.Ancak yetkin bir sanate\u011fitimi,hem kapsam\u0131 geni\u015fleyen sanata ve hem de de\u011fi\u015fen d\u00fcnyayauyumu sa\u011flamaya yard\u0131mc\u0131 olacakt\u0131r. Sanat e\u011fitimi alan\u0131nda T\u00fcrkiye&#8217;nin en \u00f6nemli isimlerinden olan Prof. Dr. Olcay Tekin K\u0131r\u0131\u015fo\u011flu&#8217;nunsanat ve e\u011fitim konular\u0131nda ufkumuzu geni\u015fleten de\u011ferli bir \u00e7al\u0131\u015fma.<\/p>\n","protected":false},"excerpt":{"rendered":"<p>Sanat ya\u015fam\u0131 anlamland\u0131ran,ba\u015fl\u0131 ba\u015f\u0131nabir d\u00fcnya, bir k\u00fclt\u00fcr de\u011feridir. Sanatd\u00fcnyay\u0131 anlamam\u0131z\u0131, anlamaya \u00e7al\u0131\u015ft\u0131\u011f\u0131m\u0131z bu d\u00fcnyay\u0131 de\u011fi\u015ftirmeye \u00e7al\u0131\u015fmam\u0131z\u0131 ve de\u011fi\u015ftirirken de\u011fi\u015fmemizi sa\u011flayan bir de\u011ferdir.Yaln\u0131z bu de\u011ferler bile sanat\u0131n<span class=\"excerpt-hellip\"> [\u2026]<\/span><\/p>\n","protected":false},"featured_media":0,"template":"","meta":{"_monsterinsights_skip_tracking":false,"_monsterinsights_sitenote_active":false,"_monsterinsights_sitenote_note":"","_monsterinsights_sitenote_category":0},"product_brand":[],"product_cat":[12408],"product_tag":[],"class_list":{"0":"post-717399","1":"product","2":"type-product","3":"status-publish","5":"product_cat-sanat","6":"pa_cilt-ciltsiz","7":"pa_tur-kitap","8":"pa_yayinevi-utopya-yayinevi","9":"pa_yazar-olcay-tekin-kirisoglu","11":"first","12":"instock","13":"sale","14":"shipping-taxable","15":"purchasable","16":"product-type-simple"},"_links":{"self":[{"href":"https:\/\/roveyayinevi.com.tr\/index.php\/wp-json\/wp\/v2\/product\/717399","targetHints":{"allow":["GET"]}}],"collection":[{"href":"https:\/\/roveyayinevi.com.tr\/index.php\/wp-json\/wp\/v2\/product"}],"about":[{"href":"https:\/\/roveyayinevi.com.tr\/index.php\/wp-json\/wp\/v2\/types\/product"}],"wp:attachment":[{"href":"https:\/\/roveyayinevi.com.tr\/index.php\/wp-json\/wp\/v2\/media?parent=717399"}],"wp:term":[{"taxonomy":"product_brand","embeddable":true,"href":"https:\/\/roveyayinevi.com.tr\/index.php\/wp-json\/wp\/v2\/product_brand?post=717399"},{"taxonomy":"product_cat","embeddable":true,"href":"https:\/\/roveyayinevi.com.tr\/index.php\/wp-json\/wp\/v2\/product_cat?post=717399"},{"taxonomy":"product_tag","embeddable":true,"href":"https:\/\/roveyayinevi.com.tr\/index.php\/wp-json\/wp\/v2\/product_tag?post=717399"}],"curies":[{"name":"wp","href":"https:\/\/api.w.org\/{rel}","templated":true}]}}