{"id":717398,"date":"2025-08-27T17:54:54","date_gmt":"2025-08-27T14:54:54","guid":{"rendered":"https:\/\/roveyayinevi.com.tr\/index.php\/urun\/minik-balik-okyanus-macerasi\/"},"modified":"2026-04-16T02:25:45","modified_gmt":"2026-04-15T23:25:45","slug":"minik-balik-okyanus-macerasi","status":"publish","type":"product","link":"https:\/\/roveyayinevi.com.tr\/index.php\/urun\/minik-balik-okyanus-macerasi\/","title":{"rendered":"Minik Bal\u0131k &#8211; Okyanus Maceras\u0131"},"content":{"rendered":"<p>En minik bal\u0131\u011f\u0131n, en uzun \u00f6yk\u00fcleri anlatt\u0131\u011f\u0131, e\u011fitici ve e\u011flendirici bir \u00f6yk\u00fc kitab\u0131. \u201cGe\u00e7 kald\u0131\u011f\u0131m i\u00e7in \u00f6z\u00fcr dilerim, \u00f6\u011fretmenim. Bug\u00fcn yola \u00e7ok erken \u00e7\u0131km\u0131\u015ft\u0131m. Tam okula gelirken bir m\u00fcrekkep bal\u0131\u011f\u0131 beni uzun kollar\u0131yla yakalad\u0131. Bir kaplumba\u011fa beni kurtarana kadar, k\u0131vr\u0131m k\u0131vr\u0131m k\u0131vrand\u0131m, bata \u00e7\u0131ka salland\u0131m. Arkada\u015flar\u0131ndan biri, \u201cHadi can\u0131m sen de, inanm\u0131yorum,\u201d dedi. Minik Bal\u0131k da, \u201cama ger\u00e7ekten kurtard\u0131!\u201d diye yan\u0131t verdi. Ya sen, bu yaramaz Minik Bal\u0131k\u2019\u0131n \u00f6yk\u00fcs\u00fcne inan\u0131yor musun?<\/p>\n","protected":false},"excerpt":{"rendered":"<p>En minik bal\u0131\u011f\u0131n, en uzun \u00f6yk\u00fcleri anlatt\u0131\u011f\u0131, e\u011fitici ve e\u011flendirici bir \u00f6yk\u00fc kitab\u0131. \u201cGe\u00e7 kald\u0131\u011f\u0131m i\u00e7in \u00f6z\u00fcr dilerim, \u00f6\u011fretmenim. Bug\u00fcn yola \u00e7ok erken \u00e7\u0131km\u0131\u015ft\u0131m. Tam okula<span class=\"excerpt-hellip\"> [\u2026]<\/span><\/p>\n","protected":false},"featured_media":0,"template":"","meta":{"_monsterinsights_skip_tracking":false,"_monsterinsights_sitenote_active":false,"_monsterinsights_sitenote_note":"","_monsterinsights_sitenote_category":0},"product_brand":[],"product_cat":[12913,12274],"product_tag":[],"class_list":{"0":"post-717398","1":"product","2":"type-product","3":"status-publish","5":"product_cat-3-6-yas-kitaplari","6":"product_cat-cocuk-ve-genclik-kitaplari","7":"pa_cilt-ciltsiz","8":"pa_tur-kitap","9":"pa_yayinevi-is-bankasi-kultur-yayinlari","10":"pa_yazar-julia-donaldson","12":"first","13":"instock","14":"sale","15":"shipping-taxable","16":"purchasable","17":"product-type-simple"},"_links":{"self":[{"href":"https:\/\/roveyayinevi.com.tr\/index.php\/wp-json\/wp\/v2\/product\/717398","targetHints":{"allow":["GET"]}}],"collection":[{"href":"https:\/\/roveyayinevi.com.tr\/index.php\/wp-json\/wp\/v2\/product"}],"about":[{"href":"https:\/\/roveyayinevi.com.tr\/index.php\/wp-json\/wp\/v2\/types\/product"}],"wp:attachment":[{"href":"https:\/\/roveyayinevi.com.tr\/index.php\/wp-json\/wp\/v2\/media?parent=717398"}],"wp:term":[{"taxonomy":"product_brand","embeddable":true,"href":"https:\/\/roveyayinevi.com.tr\/index.php\/wp-json\/wp\/v2\/product_brand?post=717398"},{"taxonomy":"product_cat","embeddable":true,"href":"https:\/\/roveyayinevi.com.tr\/index.php\/wp-json\/wp\/v2\/product_cat?post=717398"},{"taxonomy":"product_tag","embeddable":true,"href":"https:\/\/roveyayinevi.com.tr\/index.php\/wp-json\/wp\/v2\/product_tag?post=717398"}],"curies":[{"name":"wp","href":"https:\/\/api.w.org\/{rel}","templated":true}]}}