{"id":717397,"date":"2025-08-27T17:54:53","date_gmt":"2025-08-27T14:54:53","guid":{"rendered":"https:\/\/roveyayinevi.com.tr\/index.php\/urun\/zogi-ve-ucan-doktorlar\/"},"modified":"2026-04-16T02:25:45","modified_gmt":"2026-04-15T23:25:45","slug":"zogi-ve-ucan-doktorlar","status":"publish","type":"product","link":"https:\/\/roveyayinevi.com.tr\/index.php\/urun\/zogi-ve-ucan-doktorlar\/","title":{"rendered":"Zogi ve U\u00e7an Doktorlar"},"content":{"rendered":"<p>Hat\u0131rlad\u0131n m\u0131 U\u00e7an Doktorlar\u2019\u0131? Bir \u015f\u00f6valye, bir k\u0131z ve bir ejderha kurdu bu ekibi, Bak i\u015fte geliyorlar: B\u00fcy\u00fck Civan \u00c7elebi, Prenses \u0130nci, bir de tabii bizim Zogi.U\u00e7an Doktorlar b\u00fct\u00fcn \u00fclkeyi dola\u015f\u0131p, denizk\u0131zlar\u0131ndan aslanlara ve tekboynuzlara kadar b\u00fct\u00fcn hastalar\u0131n, dertlilerin yard\u0131m\u0131na ko\u015farlar ama acaba kral hastaland\u0131\u011f\u0131nda onu kurtarabilecekler mi?<\/p>\n","protected":false},"excerpt":{"rendered":"<p>Hat\u0131rlad\u0131n m\u0131 U\u00e7an Doktorlar\u2019\u0131? Bir \u015f\u00f6valye, bir k\u0131z ve bir ejderha kurdu bu ekibi, Bak i\u015fte geliyorlar: B\u00fcy\u00fck Civan \u00c7elebi, Prenses \u0130nci, bir de tabii bizim<span class=\"excerpt-hellip\"> [\u2026]<\/span><\/p>\n","protected":false},"featured_media":0,"template":"","meta":{"_monsterinsights_skip_tracking":false,"_monsterinsights_sitenote_active":false,"_monsterinsights_sitenote_note":"","_monsterinsights_sitenote_category":0},"product_brand":[],"product_cat":[12913,12274],"product_tag":[],"class_list":{"0":"post-717397","1":"product","2":"type-product","3":"status-publish","5":"product_cat-3-6-yas-kitaplari","6":"product_cat-cocuk-ve-genclik-kitaplari","7":"pa_cilt-ciltsiz","8":"pa_tur-kitap","9":"pa_yayinevi-is-bankasi-kultur-yayinlari","10":"pa_yazar-julia-donaldson","12":"first","13":"instock","14":"sale","15":"shipping-taxable","16":"purchasable","17":"product-type-simple"},"_links":{"self":[{"href":"https:\/\/roveyayinevi.com.tr\/index.php\/wp-json\/wp\/v2\/product\/717397","targetHints":{"allow":["GET"]}}],"collection":[{"href":"https:\/\/roveyayinevi.com.tr\/index.php\/wp-json\/wp\/v2\/product"}],"about":[{"href":"https:\/\/roveyayinevi.com.tr\/index.php\/wp-json\/wp\/v2\/types\/product"}],"wp:attachment":[{"href":"https:\/\/roveyayinevi.com.tr\/index.php\/wp-json\/wp\/v2\/media?parent=717397"}],"wp:term":[{"taxonomy":"product_brand","embeddable":true,"href":"https:\/\/roveyayinevi.com.tr\/index.php\/wp-json\/wp\/v2\/product_brand?post=717397"},{"taxonomy":"product_cat","embeddable":true,"href":"https:\/\/roveyayinevi.com.tr\/index.php\/wp-json\/wp\/v2\/product_cat?post=717397"},{"taxonomy":"product_tag","embeddable":true,"href":"https:\/\/roveyayinevi.com.tr\/index.php\/wp-json\/wp\/v2\/product_tag?post=717397"}],"curies":[{"name":"wp","href":"https:\/\/api.w.org\/{rel}","templated":true}]}}