{"id":717395,"date":"2025-08-27T17:54:52","date_gmt":"2025-08-27T14:54:52","guid":{"rendered":"https:\/\/roveyayinevi.com.tr\/index.php\/urun\/heykel\/"},"modified":"2026-01-29T02:47:15","modified_gmt":"2026-01-28T23:47:15","slug":"heykel","status":"publish","type":"product","link":"https:\/\/roveyayinevi.com.tr\/index.php\/urun\/heykel\/","title":{"rendered":"Heykel"},"content":{"rendered":"<p>Heykel nedir? Bu sanat dal\u0131yla ilgili ba\u015fl\u0131ca unsurlar, kavramlar, teknikler ve y\u00f6ntemler nelerdir? Bi\u00e7imsel ve kavramsal a\u00e7\u0131dan heykel d\u00fcnden bug\u00fcne nas\u0131l bir d\u00f6n\u00fc\u015f\u00fcm ge\u00e7irmi\u015ftir? Malzemeyle somutla\u015fan di\u011fer sanat t\u00fcrleriyle heykelin ili\u015fkisi nas\u0131ld\u0131r? \u2018Heykel olan\u2019 ve \u2018heykel olmayan\u2019 aras\u0131ndaki s\u0131n\u0131r\u0131n belirsiz hale gelmesi y\u00fcz\u00fcnden, kimileri bu sorular\u0131 yan\u0131tlaman\u0131n zorla\u015ft\u0131\u011f\u0131n\u0131, kimileriyse gereksiz hale geldi\u011fini d\u00fc\u015f\u00fcn\u00fcyor. Kafalar\u0131n kar\u0131\u015f\u0131k olmas\u0131 do\u011fal; \u00e7\u00fcnk\u00fc \u2018her \u015fey heykeldir\u2019 ya da \u2018her \u015fey heykel olabilir\u2019 gibi bir alg\u0131n\u0131n, ortam\u0131n i\u00e7indeyiz. Mehmet Y\u0131lmaz, ele ald\u0131\u011f\u0131 konular\u0131 kolay anla\u015f\u0131l\u0131r bir dille anlat\u0131yor. Temel teknik uygulamalar\u0131 g\u00f6rseller e\u015fli\u011finde a\u00e7\u0131kl\u0131yor; simgesel \u00f6nemdeki \u00f6rnekler \u00fczerinden ilerleyerek konuyu ad\u0131m ad\u0131m g\u00fcncele ta\u015f\u0131yor. Ana u\u011fra\u015f\u0131 heykel olanlar\u0131n yan\u0131 s\u0131ra \u00e7a\u011fda\u015f k\u00fclt\u00fcrle ilgilenenler i\u00e7in de bir ba\u015fvuru kitab\u0131.<\/p>\n","protected":false},"excerpt":{"rendered":"<p>Heykel nedir? Bu sanat dal\u0131yla ilgili ba\u015fl\u0131ca unsurlar, kavramlar, teknikler ve y\u00f6ntemler nelerdir? Bi\u00e7imsel ve kavramsal a\u00e7\u0131dan heykel d\u00fcnden bug\u00fcne nas\u0131l bir d\u00f6n\u00fc\u015f\u00fcm ge\u00e7irmi\u015ftir? Malzemeyle somutla\u015fan<span class=\"excerpt-hellip\"> [\u2026]<\/span><\/p>\n","protected":false},"featured_media":0,"template":"","meta":{"_monsterinsights_skip_tracking":false,"_monsterinsights_sitenote_active":false,"_monsterinsights_sitenote_note":"","_monsterinsights_sitenote_category":0},"product_brand":[],"product_cat":[12408],"product_tag":[],"class_list":{"0":"post-717395","1":"product","2":"type-product","3":"status-publish","5":"product_cat-sanat","6":"pa_cilt-ciltsiz","7":"pa_tur-kitap","8":"pa_yayinevi-utopya-yayinevi","9":"pa_yazar-mehmet-yilmaz","11":"first","12":"instock","13":"sale","14":"shipping-taxable","15":"purchasable","16":"product-type-simple"},"_links":{"self":[{"href":"https:\/\/roveyayinevi.com.tr\/index.php\/wp-json\/wp\/v2\/product\/717395","targetHints":{"allow":["GET"]}}],"collection":[{"href":"https:\/\/roveyayinevi.com.tr\/index.php\/wp-json\/wp\/v2\/product"}],"about":[{"href":"https:\/\/roveyayinevi.com.tr\/index.php\/wp-json\/wp\/v2\/types\/product"}],"wp:attachment":[{"href":"https:\/\/roveyayinevi.com.tr\/index.php\/wp-json\/wp\/v2\/media?parent=717395"}],"wp:term":[{"taxonomy":"product_brand","embeddable":true,"href":"https:\/\/roveyayinevi.com.tr\/index.php\/wp-json\/wp\/v2\/product_brand?post=717395"},{"taxonomy":"product_cat","embeddable":true,"href":"https:\/\/roveyayinevi.com.tr\/index.php\/wp-json\/wp\/v2\/product_cat?post=717395"},{"taxonomy":"product_tag","embeddable":true,"href":"https:\/\/roveyayinevi.com.tr\/index.php\/wp-json\/wp\/v2\/product_tag?post=717395"}],"curies":[{"name":"wp","href":"https:\/\/api.w.org\/{rel}","templated":true}]}}