{"id":717388,"date":"2025-08-27T17:54:47","date_gmt":"2025-08-27T14:54:47","guid":{"rendered":"https:\/\/roveyayinevi.com.tr\/index.php\/urun\/safsatalar\/"},"modified":"2026-04-16T02:25:45","modified_gmt":"2026-04-15T23:25:45","slug":"safsatalar","status":"publish","type":"product","link":"https:\/\/roveyayinevi.com.tr\/index.php\/urun\/safsatalar\/","title":{"rendered":"Safsatalar"},"content":{"rendered":"<p>T\u0131pk\u0131 her sabah aynaya bakt\u0131\u011f\u0131m\u0131zda derinle\u015fen \u00e7izgilerimizi fark edemedi\u011fimiz gibi, d\u00fcnyan\u0131n gidi\u015fat\u0131n\u0131 da her g\u00fcn\u00fc bir \u00f6ncekiyle kar\u015f\u0131la\u015ft\u0131rarak tahlil etmek kolay olmuyor. G\u00fcndemi takip ederken, haber okurken, internette gezinirken \u00e7o\u011fu zaman i\u00e7imizde tarifi zor bir duygu olu\u015fuyor. Herkesin kendini her konuda uzman sanmas\u0131 bir yana, mant\u0131\u011fa uymayan, tutarl\u0131 bir yan\u0131 olmayan, do\u011fru bilgiye hatta bilgiye dayanmayan birtak\u0131m g\u00f6r\u00fc\u015fler dile getirmenin adeta bir norm oldu\u011funu, kitlelerin akla, mant\u0131\u011fa dayanan ifadelerin sahiplerini yuhalad\u0131klar\u0131n\u0131, hamasi, duygusal g\u00f6r\u00fc\u015flerin alk\u0131\u015fland\u0131\u011f\u0131n\u0131 bir t\u00fcr \u201cazap\u201d e\u015fli\u011finde izliyoruz. Madem bir yanl\u0131\u015f yapt\u0131\u011f\u0131m\u0131zda ya da bir yanl\u0131\u015fa gereken tepkiyi veremedi\u011fimizde duydu\u011fumuz rahats\u0131zl\u0131\u011fa vicdan azab\u0131 diyoruz, o halde safsatalarla dile getirilmi\u015f bir fikir kar\u015f\u0131s\u0131ndaki \u00e7aresizli\u011fimizin yaratt\u0131\u011f\u0131 bu azaba da \u201cmant\u0131k azab\u0131\u201d diyebiliriz. Ele\u015ftirel d\u00fc\u015f\u00fcnme alan\u0131ndaki pop\u00fcler bilim faaliyetleriyle tan\u0131nan Tevfik Uyar, bu kitapta g\u00fcndelik hayatta en s\u0131k ba\u015fvurulan 40 hatal\u0131 ak\u0131l y\u00fcr\u00fctmeyi tek tek tan\u0131t\u0131yor, tahlil ediyor ve hangi insani zay\u0131fl\u0131klar\u0131m\u0131zla ili\u015fkili oldu\u011funu g\u00f6steriyor. Bu safsatalar kar\u015f\u0131s\u0131nda ba\u015fvurulabilecek stratejiler i\u00e7in de bir re\u00e7ete sunuyor. <\/p>\n","protected":false},"excerpt":{"rendered":"<p>T\u0131pk\u0131 her sabah aynaya bakt\u0131\u011f\u0131m\u0131zda derinle\u015fen \u00e7izgilerimizi fark edemedi\u011fimiz gibi, d\u00fcnyan\u0131n gidi\u015fat\u0131n\u0131 da her g\u00fcn\u00fc bir \u00f6ncekiyle kar\u015f\u0131la\u015ft\u0131rarak tahlil etmek kolay olmuyor. G\u00fcndemi takip ederken, haber<span class=\"excerpt-hellip\"> [\u2026]<\/span><\/p>\n","protected":false},"featured_media":0,"template":"","meta":{"_monsterinsights_skip_tracking":false,"_monsterinsights_sitenote_active":false,"_monsterinsights_sitenote_note":"","_monsterinsights_sitenote_category":0},"product_brand":[],"product_cat":[13005,37328],"product_tag":[],"class_list":{"0":"post-717388","1":"product","2":"type-product","3":"status-publish","5":"product_cat-bilim-muhendislik","6":"product_cat-diger-bilim-muhendislik","7":"pa_cilt-ciltsiz","8":"pa_tur-kitap","9":"pa_yayinevi-destek-yayinlari","10":"pa_yazar-tevfik-uyar","12":"first","13":"instock","14":"sale","15":"shipping-taxable","16":"purchasable","17":"product-type-simple"},"_links":{"self":[{"href":"https:\/\/roveyayinevi.com.tr\/index.php\/wp-json\/wp\/v2\/product\/717388","targetHints":{"allow":["GET"]}}],"collection":[{"href":"https:\/\/roveyayinevi.com.tr\/index.php\/wp-json\/wp\/v2\/product"}],"about":[{"href":"https:\/\/roveyayinevi.com.tr\/index.php\/wp-json\/wp\/v2\/types\/product"}],"wp:attachment":[{"href":"https:\/\/roveyayinevi.com.tr\/index.php\/wp-json\/wp\/v2\/media?parent=717388"}],"wp:term":[{"taxonomy":"product_brand","embeddable":true,"href":"https:\/\/roveyayinevi.com.tr\/index.php\/wp-json\/wp\/v2\/product_brand?post=717388"},{"taxonomy":"product_cat","embeddable":true,"href":"https:\/\/roveyayinevi.com.tr\/index.php\/wp-json\/wp\/v2\/product_cat?post=717388"},{"taxonomy":"product_tag","embeddable":true,"href":"https:\/\/roveyayinevi.com.tr\/index.php\/wp-json\/wp\/v2\/product_tag?post=717388"}],"curies":[{"name":"wp","href":"https:\/\/api.w.org\/{rel}","templated":true}]}}