{"id":717386,"date":"2025-08-27T17:54:46","date_gmt":"2025-08-27T14:54:46","guid":{"rendered":"https:\/\/roveyayinevi.com.tr\/index.php\/urun\/amerikan-hegemonyasinin-sonu\/"},"modified":"2026-04-16T02:25:44","modified_gmt":"2026-04-15T23:25:44","slug":"amerikan-hegemonyasinin-sonu","status":"publish","type":"product","link":"https:\/\/roveyayinevi.com.tr\/index.php\/urun\/amerikan-hegemonyasinin-sonu\/","title":{"rendered":"Amerikan Hegemonyas\u0131n\u0131n Sonu"},"content":{"rendered":"<p>Amerikan hegemonyas\u0131 ini\u015fte\u2026 ABD emperyalizmi bir s\u00fcredir \u00fcretmiyor, fazlas\u0131yla t\u00fcketiyor. \u00dcretimi azalan her imparatorluk gibi ABD de tarihsel gerileme i\u00e7inde. \u00dcretemeyen ABD, d\u00fcnya \u00e7ap\u0131nda sava\u015f ve operasyonlar\u0131 da y\u00fcr\u00fctemiyor. Bu ABD\u2019yi geri \u00e7ekilmeye zorluyor. ABD egemenleri i\u00e7in art\u0131k problem \u015fu: Nas\u0131l bir geri \u00e7ekilme? Tekrar ileri at\u0131lmak i\u00e7in taktik bir geri \u00e7ekilme mi, sava\u015farak geri \u00e7ekilme mi, vek\u00e2let b\u0131rakarak geri \u00e7ekilme mi? ABD bu soruya nas\u0131l bir yan\u0131t bulursa bulsun, ABD hegemonyas\u0131n\u0131n sonu geliyor ve yeni bir d\u00fcnya kuruluyor. ABD, AB, \u00c7in, Rusya ve Hindistan\u2019\u0131n b\u00fcy\u00fck g\u00fc\u00e7 m\u00fccadelesi yeni bir siyasal d\u00fczeni \u015fekillendiriyor. Ekonomi gibi siyasetin merkezi de Atlantik\u2019ten Pasifik\u2019e, Amerika ve Avrupa\u2019dan Asya\u2019ya kay\u0131yor. \u201cSerbest piyasa sosyalizmi\u201dnin \u201cserbest piyasa kapitalizmi\u201dne \u00fcst\u00fcn geldi\u011fi yeni d\u00fcnyada yeni dengeler kuruluyor\u2026 <\/p>\n","protected":false},"excerpt":{"rendered":"<p>Amerikan hegemonyas\u0131 ini\u015fte\u2026 ABD emperyalizmi bir s\u00fcredir \u00fcretmiyor, fazlas\u0131yla t\u00fcketiyor. \u00dcretimi azalan her imparatorluk gibi ABD de tarihsel gerileme i\u00e7inde. \u00dcretemeyen ABD, d\u00fcnya \u00e7ap\u0131nda sava\u015f ve<span class=\"excerpt-hellip\"> [\u2026]<\/span><\/p>\n","protected":false},"featured_media":0,"template":"","meta":{"_monsterinsights_skip_tracking":false,"_monsterinsights_sitenote_active":false,"_monsterinsights_sitenote_note":"","_monsterinsights_sitenote_category":0},"product_brand":[],"product_cat":[13590,12337],"product_tag":[],"class_list":{"0":"post-717386","1":"product","2":"type-product","3":"status-publish","5":"product_cat-arastirma-inceleme-politika-siyaset","6":"product_cat-politika-siyaset","7":"pa_cilt-ciltsiz","8":"pa_tur-kitap","9":"pa_yayinevi-kirmizi-kedi-yayinevi","10":"pa_yazar-mehmet-ali-guller","12":"first","13":"instock","14":"sale","15":"shipping-taxable","16":"purchasable","17":"product-type-simple"},"_links":{"self":[{"href":"https:\/\/roveyayinevi.com.tr\/index.php\/wp-json\/wp\/v2\/product\/717386","targetHints":{"allow":["GET"]}}],"collection":[{"href":"https:\/\/roveyayinevi.com.tr\/index.php\/wp-json\/wp\/v2\/product"}],"about":[{"href":"https:\/\/roveyayinevi.com.tr\/index.php\/wp-json\/wp\/v2\/types\/product"}],"wp:attachment":[{"href":"https:\/\/roveyayinevi.com.tr\/index.php\/wp-json\/wp\/v2\/media?parent=717386"}],"wp:term":[{"taxonomy":"product_brand","embeddable":true,"href":"https:\/\/roveyayinevi.com.tr\/index.php\/wp-json\/wp\/v2\/product_brand?post=717386"},{"taxonomy":"product_cat","embeddable":true,"href":"https:\/\/roveyayinevi.com.tr\/index.php\/wp-json\/wp\/v2\/product_cat?post=717386"},{"taxonomy":"product_tag","embeddable":true,"href":"https:\/\/roveyayinevi.com.tr\/index.php\/wp-json\/wp\/v2\/product_tag?post=717386"}],"curies":[{"name":"wp","href":"https:\/\/api.w.org\/{rel}","templated":true}]}}