{"id":717381,"date":"2025-08-27T17:54:43","date_gmt":"2025-08-27T14:54:43","guid":{"rendered":"https:\/\/roveyayinevi.com.tr\/index.php\/urun\/ataturk-ve-laiklik\/"},"modified":"2026-04-16T02:25:44","modified_gmt":"2026-04-15T23:25:44","slug":"ataturk-ve-laiklik","status":"publish","type":"product","link":"https:\/\/roveyayinevi.com.tr\/index.php\/urun\/ataturk-ve-laiklik\/","title":{"rendered":"Atat\u00fcrk ve Laiklik"},"content":{"rendered":"<p>Cem Yay\u0131nevi daha \u00f6nce \u2018\u2019T\u00fcrkiye\u2019de Laiklik\u2019\u2019 ad\u0131yla 7 bas\u0131m yapm\u0131\u015f olan bu eseri g\u00fcncelleyip \u2018\u2019Atat\u00fcrk ve Laiklik\u2019\u2019 ba\u015fl\u0131\u011f\u0131yla tekrar okurla bulu\u015fturuyor. Prof. Dr. \u00d6zer Ozankaya bu ara\u015ft\u0131rmas\u0131nda sosyolog g\u00f6z\u00fcyle T\u00fcrk Devriminin evrensel de\u011ferinin \u00f6z\u00fcn\u00fc ve ruhunu olu\u015fturan laik d\u00fcnya, toplum ve insan anlay\u0131\u015f\u0131n\u0131 vurguluyor. <\/p>\n","protected":false},"excerpt":{"rendered":"<p>Cem Yay\u0131nevi daha \u00f6nce \u2018\u2019T\u00fcrkiye\u2019de Laiklik\u2019\u2019 ad\u0131yla 7 bas\u0131m yapm\u0131\u015f olan bu eseri g\u00fcncelleyip \u2018\u2019Atat\u00fcrk ve Laiklik\u2019\u2019 ba\u015fl\u0131\u011f\u0131yla tekrar okurla bulu\u015fturuyor. Prof. Dr. \u00d6zer Ozankaya bu<span class=\"excerpt-hellip\"> [\u2026]<\/span><\/p>\n","protected":false},"featured_media":0,"template":"","meta":{"_monsterinsights_skip_tracking":false,"_monsterinsights_sitenote_active":false,"_monsterinsights_sitenote_note":"","_monsterinsights_sitenote_category":0},"product_brand":[],"product_cat":[13946,12304],"product_tag":[],"class_list":{"0":"post-717381","1":"product","2":"type-product","3":"status-publish","5":"product_cat-biyografi-otobiyografi","6":"product_cat-tarih","7":"pa_cilt-ciltsiz","8":"pa_tur-kitap","9":"pa_yayinevi-cem-yayinevi","10":"pa_yazar-ozer-ozankaya","12":"first","13":"instock","14":"sale","15":"shipping-taxable","16":"purchasable","17":"product-type-simple"},"_links":{"self":[{"href":"https:\/\/roveyayinevi.com.tr\/index.php\/wp-json\/wp\/v2\/product\/717381","targetHints":{"allow":["GET"]}}],"collection":[{"href":"https:\/\/roveyayinevi.com.tr\/index.php\/wp-json\/wp\/v2\/product"}],"about":[{"href":"https:\/\/roveyayinevi.com.tr\/index.php\/wp-json\/wp\/v2\/types\/product"}],"wp:attachment":[{"href":"https:\/\/roveyayinevi.com.tr\/index.php\/wp-json\/wp\/v2\/media?parent=717381"}],"wp:term":[{"taxonomy":"product_brand","embeddable":true,"href":"https:\/\/roveyayinevi.com.tr\/index.php\/wp-json\/wp\/v2\/product_brand?post=717381"},{"taxonomy":"product_cat","embeddable":true,"href":"https:\/\/roveyayinevi.com.tr\/index.php\/wp-json\/wp\/v2\/product_cat?post=717381"},{"taxonomy":"product_tag","embeddable":true,"href":"https:\/\/roveyayinevi.com.tr\/index.php\/wp-json\/wp\/v2\/product_tag?post=717381"}],"curies":[{"name":"wp","href":"https:\/\/api.w.org\/{rel}","templated":true}]}}