{"id":717380,"date":"2025-08-27T17:54:42","date_gmt":"2025-08-27T14:54:42","guid":{"rendered":"https:\/\/roveyayinevi.com.tr\/index.php\/urun\/arkeolog-meslekleri-ogreniyorum-3\/"},"modified":"2026-04-13T02:31:54","modified_gmt":"2026-04-12T23:31:54","slug":"arkeolog-meslekleri-ogreniyorum-3","status":"publish","type":"product","link":"https:\/\/roveyayinevi.com.tr\/index.php\/urun\/arkeolog-meslekleri-ogreniyorum-3\/","title":{"rendered":"Arkeolog -Meslekleri \u00d6\u011freniyorum 3"},"content":{"rendered":"<p>Sarman kedisiyle camdan bakan k\u00fc\u00e7\u00fck \u00e7ocuk, kar\u015f\u0131daki bo\u015f arsada birilerinin oldu\u011funu g\u00f6rm\u00fc\u015f. Bu insanlar topra\u011f\u0131 kaz\u0131yorlarm\u0131\u015f. Peki ama neden? Hazine mi ar\u0131yorlarm\u0131\u015f yoksa? Ya da bir bina in\u015faat\u0131 m\u0131ym\u0131\u015f bu? K\u00fc\u00e7\u00fck \u00e7ocuk ve dedesi, bu s\u0131rr\u0131 \u00e7\u00f6zmeye karar vermi\u015fler.   K\u00fc\u00e7\u00fck okurlar\u0131m\u0131z\u0131n yak\u0131ndan tan\u0131d\u0131\u011f\u0131 Koray Avc\u0131 \u00c7akman, Meslekleri \u00d6\u011freniyorum Serisi\u2019nin \u00fc\u00e7\u00fcnc\u00fc kitab\u0131nda \u00e7ocuklara arkeologlar\u0131n neler yapt\u0131\u011f\u0131n\u0131 e\u011flenceli  bir \u00f6yk\u00fcyle anlat\u0131l\u0131yor.<\/p>\n","protected":false},"excerpt":{"rendered":"<p>Sarman kedisiyle camdan bakan k\u00fc\u00e7\u00fck \u00e7ocuk, kar\u015f\u0131daki bo\u015f arsada birilerinin oldu\u011funu g\u00f6rm\u00fc\u015f. Bu insanlar topra\u011f\u0131 kaz\u0131yorlarm\u0131\u015f. Peki ama neden? Hazine mi ar\u0131yorlarm\u0131\u015f yoksa? Ya da bir<span class=\"excerpt-hellip\"> [\u2026]<\/span><\/p>\n","protected":false},"featured_media":0,"template":"","meta":{"_monsterinsights_skip_tracking":false,"_monsterinsights_sitenote_active":false,"_monsterinsights_sitenote_note":"","_monsterinsights_sitenote_category":0},"product_brand":[],"product_cat":[12274,15842],"product_tag":[],"class_list":{"0":"post-717380","1":"product","2":"type-product","3":"status-publish","5":"product_cat-cocuk-ve-genclik-kitaplari","6":"product_cat-egitici-kitaplar","7":"pa_cilt-ciltsiz","8":"pa_tur-kitap","9":"pa_yayinevi-kirmizi-kedi-yayinevi","10":"pa_yazar-korav-avci-cakman","12":"first","13":"instock","14":"sale","15":"shipping-taxable","16":"purchasable","17":"product-type-simple"},"_links":{"self":[{"href":"https:\/\/roveyayinevi.com.tr\/index.php\/wp-json\/wp\/v2\/product\/717380","targetHints":{"allow":["GET"]}}],"collection":[{"href":"https:\/\/roveyayinevi.com.tr\/index.php\/wp-json\/wp\/v2\/product"}],"about":[{"href":"https:\/\/roveyayinevi.com.tr\/index.php\/wp-json\/wp\/v2\/types\/product"}],"wp:attachment":[{"href":"https:\/\/roveyayinevi.com.tr\/index.php\/wp-json\/wp\/v2\/media?parent=717380"}],"wp:term":[{"taxonomy":"product_brand","embeddable":true,"href":"https:\/\/roveyayinevi.com.tr\/index.php\/wp-json\/wp\/v2\/product_brand?post=717380"},{"taxonomy":"product_cat","embeddable":true,"href":"https:\/\/roveyayinevi.com.tr\/index.php\/wp-json\/wp\/v2\/product_cat?post=717380"},{"taxonomy":"product_tag","embeddable":true,"href":"https:\/\/roveyayinevi.com.tr\/index.php\/wp-json\/wp\/v2\/product_tag?post=717380"}],"curies":[{"name":"wp","href":"https:\/\/api.w.org\/{rel}","templated":true}]}}