{"id":717379,"date":"2025-08-27T17:54:42","date_gmt":"2025-08-27T14:54:42","guid":{"rendered":"https:\/\/roveyayinevi.com.tr\/index.php\/urun\/kamu-buyuklugu-ve-issizlik-arasindaki-iliskinin-analizi\/"},"modified":"2026-04-16T02:25:44","modified_gmt":"2026-04-15T23:25:44","slug":"kamu-buyuklugu-ve-issizlik-arasindaki-iliskinin-analizi","status":"publish","type":"product","link":"https:\/\/roveyayinevi.com.tr\/index.php\/urun\/kamu-buyuklugu-ve-issizlik-arasindaki-iliskinin-analizi\/","title":{"rendered":"Kamu B\u00fcy\u00fckl\u00fc\u011f\u00fc ve \u0130\u015fsizlik Aras\u0131ndaki \u0130li\u015fkinin Analizi"},"content":{"rendered":"<p>Bu kitab\u0131n b\u00fcy\u00fck bir b\u00f6l\u00fcm\u00fcnde , g\u00fcn\u00fcm\u00fczde , ge\u00e7mi\u015ften g\u00fcn\u00fcm\u00fcze ortaya \u00e7\u0131k\u0131\u015f zaman\u0131na g\u00f6re \u00e7e\u015fitli devletin ekonomideki yeri anla\u015f\u0131lm\u0131\u015ft\u0131r.Ekonomideki kamu kesiminin gereklili\u011fi makro ve mikro ekonomika sebeplerle a\u00e7\u0131klanm\u0131\u015f , bunun yan\u0131nda devlet m\u00fcdahalesine kar\u015f\u0131 g\u00f6r\u00fc\u015flerin arg\u00fcmanlar\u0131na da detayl\u0131 olarak yer verilmi\u015ftir. Ayr\u0131ca i\u015fsizlik kavram\u0131 , i\u015fsizlik t\u00fcrleri , iktisadi g\u00f6r\u00fc\u015flerin i\u015fsizli\u011fe  bak\u0131\u015f\u0131 teorik ve kavramsal olarak anlat\u0131lm\u0131\u015ft\u0131r.\u0130lk b\u00f6l\u00fcm\u00fcn son k\u0131sm\u0131nda ise kamu b\u00fcy\u00fckl\u00fc\u011f\u00fc ve i\u015fsizlik ili\u015fkisinin ili\u015fkisinin teorik \u00e7er\u00e7evesi olu\u015fturulmu\u015f.<\/p>\n","protected":false},"excerpt":{"rendered":"<p>Bu kitab\u0131n b\u00fcy\u00fck bir b\u00f6l\u00fcm\u00fcnde , g\u00fcn\u00fcm\u00fczde , ge\u00e7mi\u015ften g\u00fcn\u00fcm\u00fcze ortaya \u00e7\u0131k\u0131\u015f zaman\u0131na g\u00f6re \u00e7e\u015fitli devletin ekonomideki yeri anla\u015f\u0131lm\u0131\u015ft\u0131r.Ekonomideki kamu kesiminin gereklili\u011fi makro ve mikro ekonomika<span class=\"excerpt-hellip\"> [\u2026]<\/span><\/p>\n","protected":false},"featured_media":0,"template":"","meta":{"_monsterinsights_skip_tracking":false,"_monsterinsights_sitenote_active":false,"_monsterinsights_sitenote_note":"","_monsterinsights_sitenote_category":0},"product_brand":[],"product_cat":[13043,17647],"product_tag":[],"class_list":{"0":"post-717379","1":"product","2":"type-product","3":"status-publish","5":"product_cat-ekonomi","6":"product_cat-is-dunyasi","7":"pa_cilt-ciltsiz","8":"pa_tur-kitap","9":"pa_yayinevi-astana-yayinlari","10":"pa_yazar-seda-bayrakdar","12":"first","13":"instock","14":"sale","15":"shipping-taxable","16":"purchasable","17":"product-type-simple"},"_links":{"self":[{"href":"https:\/\/roveyayinevi.com.tr\/index.php\/wp-json\/wp\/v2\/product\/717379","targetHints":{"allow":["GET"]}}],"collection":[{"href":"https:\/\/roveyayinevi.com.tr\/index.php\/wp-json\/wp\/v2\/product"}],"about":[{"href":"https:\/\/roveyayinevi.com.tr\/index.php\/wp-json\/wp\/v2\/types\/product"}],"wp:attachment":[{"href":"https:\/\/roveyayinevi.com.tr\/index.php\/wp-json\/wp\/v2\/media?parent=717379"}],"wp:term":[{"taxonomy":"product_brand","embeddable":true,"href":"https:\/\/roveyayinevi.com.tr\/index.php\/wp-json\/wp\/v2\/product_brand?post=717379"},{"taxonomy":"product_cat","embeddable":true,"href":"https:\/\/roveyayinevi.com.tr\/index.php\/wp-json\/wp\/v2\/product_cat?post=717379"},{"taxonomy":"product_tag","embeddable":true,"href":"https:\/\/roveyayinevi.com.tr\/index.php\/wp-json\/wp\/v2\/product_tag?post=717379"}],"curies":[{"name":"wp","href":"https:\/\/api.w.org\/{rel}","templated":true}]}}