{"id":717378,"date":"2025-08-27T17:54:41","date_gmt":"2025-08-27T14:54:41","guid":{"rendered":"https:\/\/roveyayinevi.com.tr\/index.php\/urun\/cocuk-gozuyle-turkiyede-cocuk-haklari-sorunu\/"},"modified":"2026-04-16T02:25:44","modified_gmt":"2026-04-15T23:25:44","slug":"cocuk-gozuyle-turkiyede-cocuk-haklari-sorunu","status":"publish","type":"product","link":"https:\/\/roveyayinevi.com.tr\/index.php\/urun\/cocuk-gozuyle-turkiyede-cocuk-haklari-sorunu\/","title":{"rendered":"\u00c7ocuk G\u00f6z\u00fcyle T\u00fcrkiye&#8217;de \u00c7ocuk Haklar\u0131 Sorunu"},"content":{"rendered":"<p>&#8220;\u00c7ocuklar insanlar\u0131n \u00fc\u00e7te birini olu\u015fturuyor.\u00c7ocukluk d\u00f6nemi ise insan\u0131n hayat\u0131n\u0131n \u00fc\u00e7te birine denke geliyor.\u00d6yleyse, \u00c7ocuklara yery\u00fcz\u00fcndeki b\u00fct\u00fcn zenginliklerin \u00fc\u00e7te birini vermeliyiz. Bu , bir l\u00fctuf de\u011fil , onlar\u0131n hakk\u0131d\u0131r&#8221;Yery\u00fcz\u00fcn\u00fcn \u00fc\u00e7te birini veremedik. Hi\u00e7 de\u011filse bu \u00e7al\u0131\u015fma onlar\u0131n olsun&#8230;.<\/p>\n","protected":false},"excerpt":{"rendered":"<p>&#8220;\u00c7ocuklar insanlar\u0131n \u00fc\u00e7te birini olu\u015fturuyor.\u00c7ocukluk d\u00f6nemi ise insan\u0131n hayat\u0131n\u0131n \u00fc\u00e7te birine denke geliyor.\u00d6yleyse, \u00c7ocuklara yery\u00fcz\u00fcndeki b\u00fct\u00fcn zenginliklerin \u00fc\u00e7te birini vermeliyiz. Bu , bir l\u00fctuf de\u011fil ,<span class=\"excerpt-hellip\"> [\u2026]<\/span><\/p>\n","protected":false},"featured_media":0,"template":"","meta":{"_monsterinsights_skip_tracking":false,"_monsterinsights_sitenote_active":false,"_monsterinsights_sitenote_note":"","_monsterinsights_sitenote_category":0},"product_brand":[],"product_cat":[15350,17602],"product_tag":[],"class_list":{"0":"post-717378","1":"product","2":"type-product","3":"status-publish","5":"product_cat-hukuk","6":"product_cat-hukuk-uzerine","7":"pa_cilt-ciltsiz","8":"pa_tur-kitap","9":"pa_yayinevi-astana-yayinlari","10":"pa_yazar-yasemin-mamur-isikci","12":"first","13":"instock","14":"sale","15":"shipping-taxable","16":"purchasable","17":"product-type-simple"},"_links":{"self":[{"href":"https:\/\/roveyayinevi.com.tr\/index.php\/wp-json\/wp\/v2\/product\/717378","targetHints":{"allow":["GET"]}}],"collection":[{"href":"https:\/\/roveyayinevi.com.tr\/index.php\/wp-json\/wp\/v2\/product"}],"about":[{"href":"https:\/\/roveyayinevi.com.tr\/index.php\/wp-json\/wp\/v2\/types\/product"}],"wp:attachment":[{"href":"https:\/\/roveyayinevi.com.tr\/index.php\/wp-json\/wp\/v2\/media?parent=717378"}],"wp:term":[{"taxonomy":"product_brand","embeddable":true,"href":"https:\/\/roveyayinevi.com.tr\/index.php\/wp-json\/wp\/v2\/product_brand?post=717378"},{"taxonomy":"product_cat","embeddable":true,"href":"https:\/\/roveyayinevi.com.tr\/index.php\/wp-json\/wp\/v2\/product_cat?post=717378"},{"taxonomy":"product_tag","embeddable":true,"href":"https:\/\/roveyayinevi.com.tr\/index.php\/wp-json\/wp\/v2\/product_tag?post=717378"}],"curies":[{"name":"wp","href":"https:\/\/api.w.org\/{rel}","templated":true}]}}