{"id":717377,"date":"2025-08-27T17:54:41","date_gmt":"2025-08-27T14:54:41","guid":{"rendered":"https:\/\/roveyayinevi.com.tr\/index.php\/urun\/osmanlidan-cumhuriyete-turkiyenin-toplumsal-yapisi\/"},"modified":"2026-04-16T02:25:44","modified_gmt":"2026-04-15T23:25:44","slug":"osmanlidan-cumhuriyete-turkiyenin-toplumsal-yapisi","status":"publish","type":"product","link":"https:\/\/roveyayinevi.com.tr\/index.php\/urun\/osmanlidan-cumhuriyete-turkiyenin-toplumsal-yapisi\/","title":{"rendered":"Osmanl\u0131&#8217;dan Cumhuriyet&#8217;e T\u00fcrkiye&#8217;nin Toplumsal Yap\u0131s\u0131"},"content":{"rendered":"<p>Sanat d\u00fcyan\u0131n ortaya \u00e7\u0131kmas\u0131 bizi toplumu anlamakla daha etrafl\u0131 bir de\u011ferlendirme yapma zorlu\u011fu ile y\u00fczle\u015fiyor. Herkesin sosyal medya \u00fczerinden kendi anlad\u0131\u011f\u0131 bi\u00e7imde yazar haline geldi\u011fi , istedi\u011fi herkese ula\u015fabildi\u011fi bir d\u00fcnyada bireyin besledi\u011fi toplumsal k\u00fclt\u00fcr daha fazla belirleyicii hale gelmi\u015ftir.Bunu \u00e7ok iyi bilen siyaset\u00e7iler her \u015feyin g\u00f6rselle\u015fti\u011fi ve de\u011fi\u015febildi\u011fi bir ortamda topluma rehberlik etmek yerine onun bilin\u00e7alt\u0131ndaki duyarl\u0131l\u0131klar\u0131n\u0131 etkilemeye y\u00f6nelmi\u015flerdir.Bu tespitiyapmak i\u00e7in d\u00fcnya siyasetini bi\u00e7imlendiren \u00f6nemli akt\u00f6rlerin sosyal medya hesaplar\u0131na bakmak yeterli. O halde toplumsal yap\u0131y\u0131 ve siyasi olaylar\u0131 anlamak i\u00e7in \u00e7aba harcarken kar\u015f\u0131 kar\u015f\u0131ya oldu\u011fumuz bu yenii olgular\u0131 da dikkate almak gerekir. Bunu yaparken de Osmanl\u0131 d\u00f6nemindeki siyasi ve toplumsal tart\u0131\u015fmalar  ile g\u00fcn\u00fcm\u00fcz aras\u0131nda de\u011fi\u015fen bir \u015fey olup olmad\u0131\u011f\u0131na bakmak gerekiyor. Tarih dizilerinin pop\u00fclerli\u011fi bir tesad\u00fcf m\u00fcd\u00fcr?Benim yapt\u0131\u011f\u0131m asl\u0131nda y\u00fcksek sesle d\u00fc\u015f\u00fcnd\u00fcklerimi yaz\u0131ya aktarmak.Eserimiz hukuk fak\u00fcltesinden devlet kuram\u0131 alan\u0131nda kendini geli\u015ftirmek isteyenler i\u00e7in bir giri\u015f niteli\u011findedir.\u0130lk bask\u0131n\u0131n sosyoloji ve siyaset bilimi \u00f6\u011frencilerinin de ilgisini \u00e7ekti\u011fini yap\u0131lan geri bildirimlerden biliyorum. Yeni bask\u0131da bu durumu da dikkate ald\u0131k. \u0130lk bask\u0131da 2000 y\u0131l\u0131na kadar irdeledi\u011fimiz siyasi ve toplumsal geli\u015fmelere il\u015fkin g\u00f6r\u00fc\u015flerimizi 2018&#8217;e kadar ta\u015f\u0131d\u0131k.Olgular\u0131 ger\u00e7ek\u00e7i bir \u015fkilde ele almaya \u00e7al\u0131\u015ft\u0131k. Eserimizin \u00f6\u011frencilerinin yan\u0131 s\u0131ra toplumsal yap\u0131 ve siyasete ilgi duyanlar\u0131n merakn\u0131n\u0131 gidermeye de hizmet edece\u011fini d\u00fc\u015f\u00fcn\u00fcyorum.<\/p>\n","protected":false},"excerpt":{"rendered":"<p>Sanat d\u00fcyan\u0131n ortaya \u00e7\u0131kmas\u0131 bizi toplumu anlamakla daha etrafl\u0131 bir de\u011ferlendirme yapma zorlu\u011fu ile y\u00fczle\u015fiyor. Herkesin sosyal medya \u00fczerinden kendi anlad\u0131\u011f\u0131 bi\u00e7imde yazar haline geldi\u011fi ,<span class=\"excerpt-hellip\"> [\u2026]<\/span><\/p>\n","protected":false},"featured_media":0,"template":"","meta":{"_monsterinsights_skip_tracking":false,"_monsterinsights_sitenote_active":false,"_monsterinsights_sitenote_note":"","_monsterinsights_sitenote_category":0},"product_brand":[],"product_cat":[12304,13493],"product_tag":[],"class_list":{"0":"post-717377","1":"product","2":"type-product","3":"status-publish","5":"product_cat-tarih","6":"product_cat-turkiye-ve-cumhuriyet-tarihi","7":"pa_cilt-ciltsiz","8":"pa_tur-kitap","9":"pa_yayinevi-astana-yayinlari","10":"pa_yazar-ilyas-dogan","12":"first","13":"instock","14":"sale","15":"shipping-taxable","16":"purchasable","17":"product-type-simple"},"_links":{"self":[{"href":"https:\/\/roveyayinevi.com.tr\/index.php\/wp-json\/wp\/v2\/product\/717377","targetHints":{"allow":["GET"]}}],"collection":[{"href":"https:\/\/roveyayinevi.com.tr\/index.php\/wp-json\/wp\/v2\/product"}],"about":[{"href":"https:\/\/roveyayinevi.com.tr\/index.php\/wp-json\/wp\/v2\/types\/product"}],"wp:attachment":[{"href":"https:\/\/roveyayinevi.com.tr\/index.php\/wp-json\/wp\/v2\/media?parent=717377"}],"wp:term":[{"taxonomy":"product_brand","embeddable":true,"href":"https:\/\/roveyayinevi.com.tr\/index.php\/wp-json\/wp\/v2\/product_brand?post=717377"},{"taxonomy":"product_cat","embeddable":true,"href":"https:\/\/roveyayinevi.com.tr\/index.php\/wp-json\/wp\/v2\/product_cat?post=717377"},{"taxonomy":"product_tag","embeddable":true,"href":"https:\/\/roveyayinevi.com.tr\/index.php\/wp-json\/wp\/v2\/product_tag?post=717377"}],"curies":[{"name":"wp","href":"https:\/\/api.w.org\/{rel}","templated":true}]}}