{"id":717376,"date":"2025-08-27T17:54:40","date_gmt":"2025-08-27T14:54:40","guid":{"rendered":"https:\/\/roveyayinevi.com.tr\/index.php\/urun\/kiliclar-uyudugunda\/"},"modified":"2026-04-16T02:25:44","modified_gmt":"2026-04-15T23:25:44","slug":"kiliclar-uyudugunda","status":"publish","type":"product","link":"https:\/\/roveyayinevi.com.tr\/index.php\/urun\/kiliclar-uyudugunda\/","title":{"rendered":"K\u0131l\u0131\u00e7lar Uyudu\u011funda"},"content":{"rendered":"<p>\u00d6zbek zan\u0131 Muhammed Salih, T\u00fcrk politikac\u0131 ozanlar\u0131n\u0131n \u00e7a\u011f\u0131m\u0131zdaki \u00fcst\u00fcn bir \u00f6rne\u011fidir.Muhammed Salih, hem \u00d6zbek T\u00fcrkleri&#8217;nin \u00f6nemli ozan\u0131 , hem de \u00d6zbekistan&#8217;\u0131n ana muhalefet partisi olan  Erk Partisinin genel ba\u015fkan\u0131d\u0131r. Muahmmed Salih , \u015fiirlerini  bask\u0131 d\u00f6nemlerinde yazm\u0131\u015ft\u0131r. Bug\u00fcn de \u00d6zbekistan&#8217;da bask\u0131 ortam\u0131 bir \u00f6l\u00e7\u00fcde s\u00fcrmektedir. Fakat usta ozanlar\u0131n da \u015fiir dili , en a\u011f\u0131r bask\u0131lar alt\u0131nda bile \u00f6zg\u00fcrl\u00fck \u0131\u015f\u0131\u011f\u0131n\u0131 yanar tutabilir. Muhammed Salih  de de\u011fi\u015fik bask\u0131 rejimleri alt\u0131nda \u00f6zg\u00fcrl\u00fck \u0131\u015f\u0131\u011f\u0131n\u0131 \u015fiir dilinde yanar tutmay\u0131 ba\u015farm\u0131\u015f bir ozand\u0131r .B\u00fclent Ecevit<\/p>\n","protected":false},"excerpt":{"rendered":"<p>\u00d6zbek zan\u0131 Muhammed Salih, T\u00fcrk politikac\u0131 ozanlar\u0131n\u0131n \u00e7a\u011f\u0131m\u0131zdaki \u00fcst\u00fcn bir \u00f6rne\u011fidir.Muhammed Salih, hem \u00d6zbek T\u00fcrkleri&#8217;nin \u00f6nemli ozan\u0131 , hem de \u00d6zbekistan&#8217;\u0131n ana muhalefet partisi olan Erk<span class=\"excerpt-hellip\"> [\u2026]<\/span><\/p>\n","protected":false},"featured_media":0,"template":"","meta":{"_monsterinsights_skip_tracking":false,"_monsterinsights_sitenote_active":false,"_monsterinsights_sitenote_note":"","_monsterinsights_sitenote_category":0},"product_brand":[],"product_cat":[12291,12509],"product_tag":[],"class_list":{"0":"post-717376","1":"product","2":"type-product","3":"status-publish","5":"product_cat-edebiyat","6":"product_cat-siir","7":"pa_cilt-ciltsiz","8":"pa_tur-kitap","9":"pa_yayinevi-omca-yayinlari","10":"pa_yazar-muhammed-salih","12":"first","13":"instock","14":"sale","15":"shipping-taxable","16":"purchasable","17":"product-type-simple"},"_links":{"self":[{"href":"https:\/\/roveyayinevi.com.tr\/index.php\/wp-json\/wp\/v2\/product\/717376","targetHints":{"allow":["GET"]}}],"collection":[{"href":"https:\/\/roveyayinevi.com.tr\/index.php\/wp-json\/wp\/v2\/product"}],"about":[{"href":"https:\/\/roveyayinevi.com.tr\/index.php\/wp-json\/wp\/v2\/types\/product"}],"wp:attachment":[{"href":"https:\/\/roveyayinevi.com.tr\/index.php\/wp-json\/wp\/v2\/media?parent=717376"}],"wp:term":[{"taxonomy":"product_brand","embeddable":true,"href":"https:\/\/roveyayinevi.com.tr\/index.php\/wp-json\/wp\/v2\/product_brand?post=717376"},{"taxonomy":"product_cat","embeddable":true,"href":"https:\/\/roveyayinevi.com.tr\/index.php\/wp-json\/wp\/v2\/product_cat?post=717376"},{"taxonomy":"product_tag","embeddable":true,"href":"https:\/\/roveyayinevi.com.tr\/index.php\/wp-json\/wp\/v2\/product_tag?post=717376"}],"curies":[{"name":"wp","href":"https:\/\/api.w.org\/{rel}","templated":true}]}}