{"id":717372,"date":"2025-08-27T17:54:37","date_gmt":"2025-08-27T14:54:37","guid":{"rendered":"https:\/\/roveyayinevi.com.tr\/index.php\/urun\/kurk-mantolu-madonna-12\/"},"modified":"2026-04-16T02:25:44","modified_gmt":"2026-04-15T23:25:44","slug":"kurk-mantolu-madonna-12","status":"publish","type":"product","link":"https:\/\/roveyayinevi.com.tr\/index.php\/urun\/kurk-mantolu-madonna-12\/","title":{"rendered":"K\u00fcrk Mantolu Madonna"},"content":{"rendered":"<p>Sabahattin Ali; a\u015fk\u0131n tutku halini anlatt\u0131\u011f\u0131 bu kitab\u0131nda, insan\u0131n bilinmeyen y\u00fczlerini g\u00f6zler \u00f6n\u00fcne seriyor. Sistem i\u00e7inde karakterini kaybedenlerden, ruhunu korumak ad\u0131na sistem d\u0131\u015f\u0131 kalanlardan ve a\u015fk\u0131n bu hengamede kaybolu\u015fundan dem vuruyor. Bizi bize yan\u0131tlamas\u0131 zor sorular ve  kabullenmesi daha zor yan\u0131tlarla anlat\u0131yor.<\/p>\n","protected":false},"excerpt":{"rendered":"<p>Sabahattin Ali; a\u015fk\u0131n tutku halini anlatt\u0131\u011f\u0131 bu kitab\u0131nda, insan\u0131n bilinmeyen y\u00fczlerini g\u00f6zler \u00f6n\u00fcne seriyor. Sistem i\u00e7inde karakterini kaybedenlerden, ruhunu korumak ad\u0131na sistem d\u0131\u015f\u0131 kalanlardan ve a\u015fk\u0131n<span class=\"excerpt-hellip\"> [\u2026]<\/span><\/p>\n","protected":false},"featured_media":0,"template":"","meta":{"_monsterinsights_skip_tracking":false,"_monsterinsights_sitenote_active":false,"_monsterinsights_sitenote_note":"","_monsterinsights_sitenote_category":0},"product_brand":[],"product_cat":[12291,12711],"product_tag":[],"class_list":{"0":"post-717372","1":"product","2":"type-product","3":"status-publish","5":"product_cat-edebiyat","6":"product_cat-roman-oyku","7":"pa_cilt-ciltsiz","8":"pa_tur-kitap","9":"pa_yayinevi-yade-yayinlari","10":"pa_yazar-sabahattin-ali","12":"first","13":"instock","14":"sale","15":"shipping-taxable","16":"purchasable","17":"product-type-simple"},"_links":{"self":[{"href":"https:\/\/roveyayinevi.com.tr\/index.php\/wp-json\/wp\/v2\/product\/717372","targetHints":{"allow":["GET"]}}],"collection":[{"href":"https:\/\/roveyayinevi.com.tr\/index.php\/wp-json\/wp\/v2\/product"}],"about":[{"href":"https:\/\/roveyayinevi.com.tr\/index.php\/wp-json\/wp\/v2\/types\/product"}],"wp:attachment":[{"href":"https:\/\/roveyayinevi.com.tr\/index.php\/wp-json\/wp\/v2\/media?parent=717372"}],"wp:term":[{"taxonomy":"product_brand","embeddable":true,"href":"https:\/\/roveyayinevi.com.tr\/index.php\/wp-json\/wp\/v2\/product_brand?post=717372"},{"taxonomy":"product_cat","embeddable":true,"href":"https:\/\/roveyayinevi.com.tr\/index.php\/wp-json\/wp\/v2\/product_cat?post=717372"},{"taxonomy":"product_tag","embeddable":true,"href":"https:\/\/roveyayinevi.com.tr\/index.php\/wp-json\/wp\/v2\/product_tag?post=717372"}],"curies":[{"name":"wp","href":"https:\/\/api.w.org\/{rel}","templated":true}]}}