{"id":717371,"date":"2025-08-27T17:54:36","date_gmt":"2025-08-27T14:54:36","guid":{"rendered":"https:\/\/roveyayinevi.com.tr\/index.php\/urun\/kuyucakli-yusuf-10\/"},"modified":"2026-04-16T02:25:44","modified_gmt":"2026-04-15T23:25:44","slug":"kuyucakli-yusuf-10","status":"publish","type":"product","link":"https:\/\/roveyayinevi.com.tr\/index.php\/urun\/kuyucakli-yusuf-10\/","title":{"rendered":"Kuyucakl\u0131 Yusuf"},"content":{"rendered":"<p>Yusuf, yoksul bir halk \u00e7ocu\u011fudur. K\u00fc\u00e7\u00fck ya\u015flarda ailesini kaybeder ve hayatta sert, ha\u015fin, insanlara \u00e7ok g\u00fcvenmeyen, cesur bir ki\u015filik olur. Bir a\u015fk hikayesi \u00e7er\u00e7evesinde ilerleyen roman, asl\u0131nda T\u00fcrk edebiyat\u0131nda ba\u015fkald\u0131r\u0131 temas\u0131n\u0131 ilk kez i\u015flemektedir. Anadolu\u2019daki toplumsal d\u00fczene y\u00f6nelik ele\u015ftiriler getirir ve bu \u00f6zelli\u011fi ile d\u00f6nemin Bat\u0131la\u015fma sorununun d\u0131\u015f\u0131na \u00e7\u0131kararak k\u00f6y edebiyat\u0131na y\u00f6neli\u015fte etkili olur. <\/p>\n","protected":false},"excerpt":{"rendered":"<p>Yusuf, yoksul bir halk \u00e7ocu\u011fudur. K\u00fc\u00e7\u00fck ya\u015flarda ailesini kaybeder ve hayatta sert, ha\u015fin, insanlara \u00e7ok g\u00fcvenmeyen, cesur bir ki\u015filik olur. Bir a\u015fk hikayesi \u00e7er\u00e7evesinde ilerleyen roman,<span class=\"excerpt-hellip\"> [\u2026]<\/span><\/p>\n","protected":false},"featured_media":0,"template":"","meta":{"_monsterinsights_skip_tracking":false,"_monsterinsights_sitenote_active":false,"_monsterinsights_sitenote_note":"","_monsterinsights_sitenote_category":0},"product_brand":[],"product_cat":[12291,12711],"product_tag":[],"class_list":{"0":"post-717371","1":"product","2":"type-product","3":"status-publish","5":"product_cat-edebiyat","6":"product_cat-roman-oyku","7":"pa_cilt-ciltsiz","8":"pa_tur-kitap","9":"pa_yayinevi-yade-yayinlari","10":"pa_yazar-sabahattin-ali","12":"first","13":"instock","14":"sale","15":"shipping-taxable","16":"purchasable","17":"product-type-simple"},"_links":{"self":[{"href":"https:\/\/roveyayinevi.com.tr\/index.php\/wp-json\/wp\/v2\/product\/717371","targetHints":{"allow":["GET"]}}],"collection":[{"href":"https:\/\/roveyayinevi.com.tr\/index.php\/wp-json\/wp\/v2\/product"}],"about":[{"href":"https:\/\/roveyayinevi.com.tr\/index.php\/wp-json\/wp\/v2\/types\/product"}],"wp:attachment":[{"href":"https:\/\/roveyayinevi.com.tr\/index.php\/wp-json\/wp\/v2\/media?parent=717371"}],"wp:term":[{"taxonomy":"product_brand","embeddable":true,"href":"https:\/\/roveyayinevi.com.tr\/index.php\/wp-json\/wp\/v2\/product_brand?post=717371"},{"taxonomy":"product_cat","embeddable":true,"href":"https:\/\/roveyayinevi.com.tr\/index.php\/wp-json\/wp\/v2\/product_cat?post=717371"},{"taxonomy":"product_tag","embeddable":true,"href":"https:\/\/roveyayinevi.com.tr\/index.php\/wp-json\/wp\/v2\/product_tag?post=717371"}],"curies":[{"name":"wp","href":"https:\/\/api.w.org\/{rel}","templated":true}]}}