{"id":717368,"date":"2025-08-27T17:54:34","date_gmt":"2025-08-27T14:54:34","guid":{"rendered":"https:\/\/roveyayinevi.com.tr\/index.php\/urun\/bir-ogretmen-yetisiyor\/"},"modified":"2026-04-16T02:25:44","modified_gmt":"2026-04-15T23:25:44","slug":"bir-ogretmen-yetisiyor","status":"publish","type":"product","link":"https:\/\/roveyayinevi.com.tr\/index.php\/urun\/bir-ogretmen-yetisiyor\/","title":{"rendered":"Bir \u00d6\u011fretmen Yeti\u015fiyor"},"content":{"rendered":"<p>Masal\u00fclkesi, Hasano\u011flanK\u00f6yEnstit\u00fcs\u00fcveY\u00fcksekK\u00f6yEnstit\u00fcleri\u2026 Masal\u00fclkeleriniin\u015faediphizmetesunankahramanlar; di\u011fermasal\u00fclkelerindekik\u00f6yenstit\u00fcleri\u2026 1942 \u2013 1943 y\u0131llar\u0131ndaHasano\u011flan\u2019dayenibirokulkurmayagelenkarde\u015fk\u00f6yenstit\u00fcleri\u2026 Bu enstit\u00fclerokullar\u0131ndans\u0131ras\u0131ylagelipHasano\u011flanbozk\u0131r\u0131ndaayd\u0131nlanmame\u015falesiniyakmaki\u00e7inaylarcain\u015faatyapt\u0131lar. \u0130n\u015faati\u015f\u00e7isiolmayanamaazimli, hevesli, disiplinli\u00e7al\u0131\u015fan her grupbirbirleriyleyar\u0131\u015farakyirmig\u00fcngibik\u0131sas\u00fcredebirbinay\u0131, ustabelleticivebirka\u00e7\u00f6\u011fretmenleh\u0131rsla\u00e7al\u0131\u015f\u0131pbitirengen\u00e7ler\u2026 <\/p>\n","protected":false},"excerpt":{"rendered":"<p>Masal\u00fclkesi, Hasano\u011flanK\u00f6yEnstit\u00fcs\u00fcveY\u00fcksekK\u00f6yEnstit\u00fcleri\u2026 Masal\u00fclkeleriniin\u015faediphizmetesunankahramanlar; di\u011fermasal\u00fclkelerindekik\u00f6yenstit\u00fcleri\u2026 1942 \u2013 1943 y\u0131llar\u0131ndaHasano\u011flan\u2019dayenibirokulkurmayagelenkarde\u015fk\u00f6yenstit\u00fcleri\u2026 Bu enstit\u00fclerokullar\u0131ndans\u0131ras\u0131ylagelipHasano\u011flanbozk\u0131r\u0131ndaayd\u0131nlanmame\u015falesiniyakmaki\u00e7inaylarcain\u015faatyapt\u0131lar. \u0130n\u015faati\u015f\u00e7isiolmayanamaazimli, hevesli, disiplinli\u00e7al\u0131\u015fan her grupbirbirleriyleyar\u0131\u015farakyirmig\u00fcngibik\u0131sas\u00fcredebirbinay\u0131, ustabelleticivebirka\u00e7\u00f6\u011fretmenleh\u0131rsla\u00e7al\u0131\u015f\u0131pbitirengen\u00e7ler\u2026<\/p>\n","protected":false},"featured_media":0,"template":"","meta":{"_monsterinsights_skip_tracking":false,"_monsterinsights_sitenote_active":false,"_monsterinsights_sitenote_note":"","_monsterinsights_sitenote_category":0},"product_brand":[],"product_cat":[13701,12291],"product_tag":[],"class_list":{"0":"post-717368","1":"product","2":"type-product","3":"status-publish","5":"product_cat-ani-mektup-gunluk","6":"product_cat-edebiyat","7":"pa_cilt-ciltsiz","8":"pa_tur-kitap","9":"pa_yayinevi-lirik-yayincilik","10":"pa_yazar-sehriban-tugrul","12":"first","13":"instock","14":"sale","15":"shipping-taxable","16":"purchasable","17":"product-type-simple"},"_links":{"self":[{"href":"https:\/\/roveyayinevi.com.tr\/index.php\/wp-json\/wp\/v2\/product\/717368","targetHints":{"allow":["GET"]}}],"collection":[{"href":"https:\/\/roveyayinevi.com.tr\/index.php\/wp-json\/wp\/v2\/product"}],"about":[{"href":"https:\/\/roveyayinevi.com.tr\/index.php\/wp-json\/wp\/v2\/types\/product"}],"wp:attachment":[{"href":"https:\/\/roveyayinevi.com.tr\/index.php\/wp-json\/wp\/v2\/media?parent=717368"}],"wp:term":[{"taxonomy":"product_brand","embeddable":true,"href":"https:\/\/roveyayinevi.com.tr\/index.php\/wp-json\/wp\/v2\/product_brand?post=717368"},{"taxonomy":"product_cat","embeddable":true,"href":"https:\/\/roveyayinevi.com.tr\/index.php\/wp-json\/wp\/v2\/product_cat?post=717368"},{"taxonomy":"product_tag","embeddable":true,"href":"https:\/\/roveyayinevi.com.tr\/index.php\/wp-json\/wp\/v2\/product_tag?post=717368"}],"curies":[{"name":"wp","href":"https:\/\/api.w.org\/{rel}","templated":true}]}}