{"id":717364,"date":"2025-08-27T17:54:31","date_gmt":"2025-08-27T14:54:31","guid":{"rendered":"https:\/\/roveyayinevi.com.tr\/index.php\/urun\/internet\/"},"modified":"2026-04-16T02:25:44","modified_gmt":"2026-04-15T23:25:44","slug":"internet","status":"publish","type":"product","link":"https:\/\/roveyayinevi.com.tr\/index.php\/urun\/internet\/","title":{"rendered":"\u0130nternet"},"content":{"rendered":"<p>\u0130nternet art\u0131k i\u00e7me suyu gibi hayati bir \u015feye d\u00f6n\u00fc\u015fm\u00fc\u015fken, tarihi ve i\u015fleyi\u015fi hakk\u0131nda hala \u00e7ok fazla \u015fey bilinmiyor. Ger\u00e7ek internet, frekanslardan ya da bulutlardan olu\u015fan yapay bir d\u00fcnya de\u011fil, fiziksel yap\u0131s\u0131 olan geni\u015f bir d\u00fcnya. \u00dcstelik jeopolitik y\u00f6n\u00fc, t\u00fcm ger\u00e7eklerden daha ger\u00e7ek! Jean &#8211; NoeL Lafargue, Havre Sanat Y\u00fcksekokulu ve Paris 8 \u00dcniversitesi\u2019nde e\u011fitim veriyor. Teknoloji tarihi konusunda uzman olan Lafargue, ayn\u0131 zamanda bir yaz\u0131l\u0131mc\u0131 ve etkili bir blogger. Kendisi ayr\u0131ca, bu serinin Yapay Zeka kitab\u0131n\u0131n da yazar\u0131.  Mathieu Burniat, merakl\u0131 bir gastronomi, sanat ve bilim yazar\u0131. Fizik\u00e7i Thibault Damour\u2019un katk\u0131lar\u0131yla \u00fcretti\u011fi eser, zor konseptleri \u00e7izgi romanla\u015ft\u0131rmak konusundaki maharetini g\u00f6steriyor.  <\/p>\n","protected":false},"excerpt":{"rendered":"<p>\u0130nternet art\u0131k i\u00e7me suyu gibi hayati bir \u015feye d\u00f6n\u00fc\u015fm\u00fc\u015fken, tarihi ve i\u015fleyi\u015fi hakk\u0131nda hala \u00e7ok fazla \u015fey bilinmiyor. Ger\u00e7ek internet, frekanslardan ya da bulutlardan olu\u015fan yapay<span class=\"excerpt-hellip\"> [\u2026]<\/span><\/p>\n","protected":false},"featured_media":0,"template":"","meta":{"_monsterinsights_skip_tracking":false,"_monsterinsights_sitenote_active":false,"_monsterinsights_sitenote_note":"","_monsterinsights_sitenote_category":0},"product_brand":[],"product_cat":[12416,12291],"product_tag":[],"class_list":{"0":"post-717364","1":"product","2":"type-product","3":"status-publish","5":"product_cat-cizgi-roman","6":"product_cat-edebiyat","7":"pa_cilt-ciltsiz","8":"pa_tur-kitap","9":"pa_yayinevi-kara-karga-yayinlari","10":"pa_yazar-jean-noel-lafargue","12":"first","13":"instock","14":"sale","15":"shipping-taxable","16":"purchasable","17":"product-type-simple"},"_links":{"self":[{"href":"https:\/\/roveyayinevi.com.tr\/index.php\/wp-json\/wp\/v2\/product\/717364","targetHints":{"allow":["GET"]}}],"collection":[{"href":"https:\/\/roveyayinevi.com.tr\/index.php\/wp-json\/wp\/v2\/product"}],"about":[{"href":"https:\/\/roveyayinevi.com.tr\/index.php\/wp-json\/wp\/v2\/types\/product"}],"wp:attachment":[{"href":"https:\/\/roveyayinevi.com.tr\/index.php\/wp-json\/wp\/v2\/media?parent=717364"}],"wp:term":[{"taxonomy":"product_brand","embeddable":true,"href":"https:\/\/roveyayinevi.com.tr\/index.php\/wp-json\/wp\/v2\/product_brand?post=717364"},{"taxonomy":"product_cat","embeddable":true,"href":"https:\/\/roveyayinevi.com.tr\/index.php\/wp-json\/wp\/v2\/product_cat?post=717364"},{"taxonomy":"product_tag","embeddable":true,"href":"https:\/\/roveyayinevi.com.tr\/index.php\/wp-json\/wp\/v2\/product_tag?post=717364"}],"curies":[{"name":"wp","href":"https:\/\/api.w.org\/{rel}","templated":true}]}}