{"id":717362,"date":"2025-08-27T17:54:30","date_gmt":"2025-08-27T14:54:30","guid":{"rendered":"https:\/\/roveyayinevi.com.tr\/index.php\/urun\/kadinlar-sokakta\/"},"modified":"2026-04-16T02:25:44","modified_gmt":"2026-04-15T23:25:44","slug":"kadinlar-sokakta","status":"publish","type":"product","link":"https:\/\/roveyayinevi.com.tr\/index.php\/urun\/kadinlar-sokakta\/","title":{"rendered":"Kad\u0131nlar Sokakta"},"content":{"rendered":"<p>Son y\u00fcz elli y\u0131lda ger\u00e7ekle\u015fen her tarihsel olayda ivme kazanarak kitleselle\u015fen ve art\u0131k toplumsal olaylar\u0131n y\u00f6n\u00fcn\u00fc belirleyebilecek kadar b\u00fcy\u00fcyen kad\u0131n haklar\u0131 m\u00fccadelesinin \u00f6nc\u00fcleri, d\u00fcnyan\u0131n bamba\u015fka yerlerinde benzer bask\u0131lara ve zulme direnen kad\u0131nlard\u0131. Japonya, \u0130spanya, Ukrayna, Brezilya, Fransa\u2026 Bug\u00fcn\u00fcn g\u00fc\u00e7l\u00fc kad\u0131nlar\u0131, toplumsal stat\u00fcdeki rol\u00fc ne olursa olsun, m\u00fccadeleleri kentleri, \u00fclkeleri, k\u0131talar\u0131 a\u015fan bu kad\u0131nlar\u0131n halefleridirler. <\/p>\n","protected":false},"excerpt":{"rendered":"<p>Son y\u00fcz elli y\u0131lda ger\u00e7ekle\u015fen her tarihsel olayda ivme kazanarak kitleselle\u015fen ve art\u0131k toplumsal olaylar\u0131n y\u00f6n\u00fcn\u00fc belirleyebilecek kadar b\u00fcy\u00fcyen kad\u0131n haklar\u0131 m\u00fccadelesinin \u00f6nc\u00fcleri, d\u00fcnyan\u0131n bamba\u015fka yerlerinde<span class=\"excerpt-hellip\"> [\u2026]<\/span><\/p>\n","protected":false},"featured_media":0,"template":"","meta":{"_monsterinsights_skip_tracking":false,"_monsterinsights_sitenote_active":false,"_monsterinsights_sitenote_note":"","_monsterinsights_sitenote_category":0},"product_brand":[],"product_cat":[13252,12324],"product_tag":[],"class_list":{"0":"post-717362","1":"product","2":"type-product","3":"status-publish","5":"product_cat-kadin-calismalari","6":"product_cat-sosyoloji","7":"pa_cilt-ciltsiz","8":"pa_tur-kitap","9":"pa_yayinevi-kara-karga-yayinlari","10":"pa_yazar-mine-gulcu-asiyan","12":"first","13":"instock","14":"sale","15":"shipping-taxable","16":"purchasable","17":"product-type-simple"},"_links":{"self":[{"href":"https:\/\/roveyayinevi.com.tr\/index.php\/wp-json\/wp\/v2\/product\/717362","targetHints":{"allow":["GET"]}}],"collection":[{"href":"https:\/\/roveyayinevi.com.tr\/index.php\/wp-json\/wp\/v2\/product"}],"about":[{"href":"https:\/\/roveyayinevi.com.tr\/index.php\/wp-json\/wp\/v2\/types\/product"}],"wp:attachment":[{"href":"https:\/\/roveyayinevi.com.tr\/index.php\/wp-json\/wp\/v2\/media?parent=717362"}],"wp:term":[{"taxonomy":"product_brand","embeddable":true,"href":"https:\/\/roveyayinevi.com.tr\/index.php\/wp-json\/wp\/v2\/product_brand?post=717362"},{"taxonomy":"product_cat","embeddable":true,"href":"https:\/\/roveyayinevi.com.tr\/index.php\/wp-json\/wp\/v2\/product_cat?post=717362"},{"taxonomy":"product_tag","embeddable":true,"href":"https:\/\/roveyayinevi.com.tr\/index.php\/wp-json\/wp\/v2\/product_tag?post=717362"}],"curies":[{"name":"wp","href":"https:\/\/api.w.org\/{rel}","templated":true}]}}