{"id":717361,"date":"2025-08-27T17:54:30","date_gmt":"2025-08-27T14:54:30","guid":{"rendered":"https:\/\/roveyayinevi.com.tr\/index.php\/urun\/kirpi-mesafesi\/"},"modified":"2026-04-16T02:25:44","modified_gmt":"2026-04-15T23:25:44","slug":"kirpi-mesafesi","status":"publish","type":"product","link":"https:\/\/roveyayinevi.com.tr\/index.php\/urun\/kirpi-mesafesi\/","title":{"rendered":"Kirpi Mesafesi"},"content":{"rendered":"<p>\u201cSo\u011fuk bir k\u0131\u015f sabah\u0131 yerin alt\u0131ndaki d\u00f6rt kirpi, donmamak i\u00e7in birbirine sokuldu. Is\u0131nmak istediler. Dikenleri birbirlerine batt\u0131. Ayr\u0131ld\u0131lar. \u00dc\u015f\u00fcy\u00fcnce, tekrar yakla\u015ft\u0131lar. Dikenleri bat\u0131nca yine uzakla\u015ft\u0131lar. So\u011fukta tek ba\u015f\u0131na uyumak ile batan dikenlerin ac\u0131s\u0131 aras\u0131nda gidip geldiler uzun s\u00fcre. Ya\u015fad\u0131klar\u0131 bu ikilemi, aralar\u0131ndaki uzakl\u0131k her iki ac\u0131ya da tahamm\u00fcl edebilecekleri bir noktaya gelinceye dek s\u00fcrd\u00fcrd\u00fcler. \u00dc\u015f\u00fcd\u00fcler. Yakla\u015ft\u0131lar. Dikenleri batt\u0131. Ac\u0131 \u00e7ektiler. Uzakla\u015ft\u0131lar. \u00dc\u015f\u00fcd\u00fcler. Yakla\u015ft\u0131lar. Dikenleri batt\u0131. Uzakla\u015ft\u0131lar. Ne dikenleri birbirlerine batacak kadar yak\u0131n ne de \u00fc\u015f\u00fcyecek kadar uzaktayd\u0131lar sonunda.Kirpi mesafesi, ger\u00e7ek sevgi mesafesidir.\u201d <\/p>\n","protected":false},"excerpt":{"rendered":"<p>\u201cSo\u011fuk bir k\u0131\u015f sabah\u0131 yerin alt\u0131ndaki d\u00f6rt kirpi, donmamak i\u00e7in birbirine sokuldu. Is\u0131nmak istediler. Dikenleri birbirlerine batt\u0131. Ayr\u0131ld\u0131lar. \u00dc\u015f\u00fcy\u00fcnce, tekrar yakla\u015ft\u0131lar. Dikenleri bat\u0131nca yine uzakla\u015ft\u0131lar. So\u011fukta<span class=\"excerpt-hellip\"> [\u2026]<\/span><\/p>\n","protected":false},"featured_media":0,"template":"","meta":{"_monsterinsights_skip_tracking":false,"_monsterinsights_sitenote_active":false,"_monsterinsights_sitenote_note":"","_monsterinsights_sitenote_category":0},"product_brand":[],"product_cat":[12291,12711],"product_tag":[],"class_list":{"0":"post-717361","1":"product","2":"type-product","3":"status-publish","5":"product_cat-edebiyat","6":"product_cat-roman-oyku","7":"pa_cilt-ciltsiz","8":"pa_tur-kitap","9":"pa_yayinevi-eksik-parca-yayinlari","10":"pa_yazar-hakan-akdogan","12":"first","13":"instock","14":"sale","15":"shipping-taxable","16":"purchasable","17":"product-type-simple"},"_links":{"self":[{"href":"https:\/\/roveyayinevi.com.tr\/index.php\/wp-json\/wp\/v2\/product\/717361","targetHints":{"allow":["GET"]}}],"collection":[{"href":"https:\/\/roveyayinevi.com.tr\/index.php\/wp-json\/wp\/v2\/product"}],"about":[{"href":"https:\/\/roveyayinevi.com.tr\/index.php\/wp-json\/wp\/v2\/types\/product"}],"wp:attachment":[{"href":"https:\/\/roveyayinevi.com.tr\/index.php\/wp-json\/wp\/v2\/media?parent=717361"}],"wp:term":[{"taxonomy":"product_brand","embeddable":true,"href":"https:\/\/roveyayinevi.com.tr\/index.php\/wp-json\/wp\/v2\/product_brand?post=717361"},{"taxonomy":"product_cat","embeddable":true,"href":"https:\/\/roveyayinevi.com.tr\/index.php\/wp-json\/wp\/v2\/product_cat?post=717361"},{"taxonomy":"product_tag","embeddable":true,"href":"https:\/\/roveyayinevi.com.tr\/index.php\/wp-json\/wp\/v2\/product_tag?post=717361"}],"curies":[{"name":"wp","href":"https:\/\/api.w.org\/{rel}","templated":true}]}}