{"id":717360,"date":"2025-08-27T17:54:29","date_gmt":"2025-08-27T14:54:29","guid":{"rendered":"https:\/\/roveyayinevi.com.tr\/index.php\/urun\/din-sosyolojisinin-200u\/"},"modified":"2026-04-16T02:25:44","modified_gmt":"2026-04-15T23:25:44","slug":"din-sosyolojisinin-200u","status":"publish","type":"product","link":"https:\/\/roveyayinevi.com.tr\/index.php\/urun\/din-sosyolojisinin-200u\/","title":{"rendered":"Din Sosyolojisinin 200&#8217;\u00fc"},"content":{"rendered":"<p>Din Sosyolojisinin 200\u2019\u00fcKavram Haritalar\u0131 Serisi\u201dnin ikinci seviye kitaplar\u0131ndan biridir. Bu seri, alanla ilgili ilk seviyeyi tamamlam\u0131\u015f okurlar i\u00e7in haz\u0131rland\u0131. Terimlerin rahat kavranmas\u0131 i\u00e7in 100, 200 ve 300 kelimelik gruplar esas al\u0131nd\u0131. Her seride, bir \u00f6nceki seriden farkl\u0131 kelimeler se\u00e7ildi. Din sosyolojisinin kavramlar\u0131n\u0131, s\u0131k\u0131lmadan ve ak\u0131c\u0131 bir \u015fekilde okuyabileceksiniz. Kavramlar\u0131 k\u0131sa ve net bir bi\u00e7imde \u00f6\u011frenmenin keyfine varacaks\u0131n\u0131z. Kavramlar \u00f6nem s\u0131ras\u0131na g\u00f6re s\u0131raland\u0131\u011f\u0131 i\u00e7in kolayca anlayabileceksiniz. Kavramlar\u0131n farkl\u0131 dillerdeki kar\u015f\u0131l\u0131klar\u0131n\u0131 bulabileceksiniz. Sundu\u011fumuz bu seriyle, alanla ilgili ciddi bir birikime ve \u0130slam k\u00fclt\u00fcr\u00fcn\u00fcn zihin evrenine sahip olacaks\u0131n\u0131z. <\/p>\n","protected":false},"excerpt":{"rendered":"<p>Din Sosyolojisinin 200\u2019\u00fcKavram Haritalar\u0131 Serisi\u201dnin ikinci seviye kitaplar\u0131ndan biridir. Bu seri, alanla ilgili ilk seviyeyi tamamlam\u0131\u015f okurlar i\u00e7in haz\u0131rland\u0131. Terimlerin rahat kavranmas\u0131 i\u00e7in 100, 200 ve<span class=\"excerpt-hellip\"> [\u2026]<\/span><\/p>\n","protected":false},"featured_media":0,"template":"","meta":{"_monsterinsights_skip_tracking":false,"_monsterinsights_sitenote_active":false,"_monsterinsights_sitenote_note":"","_monsterinsights_sitenote_category":0},"product_brand":[],"product_cat":[12325,12324],"product_tag":[],"class_list":{"0":"post-717360","1":"product","2":"type-product","3":"status-publish","5":"product_cat-diger-sosyoloji","6":"product_cat-sosyoloji","7":"pa_cilt-ciltsiz","8":"pa_tur-kitap","9":"pa_yayinevi-otto-yayinlari","10":"pa_yazar-mustafa-tekin","12":"first","13":"instock","14":"sale","15":"shipping-taxable","16":"purchasable","17":"product-type-simple"},"_links":{"self":[{"href":"https:\/\/roveyayinevi.com.tr\/index.php\/wp-json\/wp\/v2\/product\/717360","targetHints":{"allow":["GET"]}}],"collection":[{"href":"https:\/\/roveyayinevi.com.tr\/index.php\/wp-json\/wp\/v2\/product"}],"about":[{"href":"https:\/\/roveyayinevi.com.tr\/index.php\/wp-json\/wp\/v2\/types\/product"}],"wp:attachment":[{"href":"https:\/\/roveyayinevi.com.tr\/index.php\/wp-json\/wp\/v2\/media?parent=717360"}],"wp:term":[{"taxonomy":"product_brand","embeddable":true,"href":"https:\/\/roveyayinevi.com.tr\/index.php\/wp-json\/wp\/v2\/product_brand?post=717360"},{"taxonomy":"product_cat","embeddable":true,"href":"https:\/\/roveyayinevi.com.tr\/index.php\/wp-json\/wp\/v2\/product_cat?post=717360"},{"taxonomy":"product_tag","embeddable":true,"href":"https:\/\/roveyayinevi.com.tr\/index.php\/wp-json\/wp\/v2\/product_tag?post=717360"}],"curies":[{"name":"wp","href":"https:\/\/api.w.org\/{rel}","templated":true}]}}