{"id":717355,"date":"2025-08-27T17:54:26","date_gmt":"2025-08-27T14:54:26","guid":{"rendered":"https:\/\/roveyayinevi.com.tr\/index.php\/urun\/yeryuzune-mektuplar\/"},"modified":"2026-04-16T02:25:44","modified_gmt":"2026-04-15T23:25:44","slug":"yeryuzune-mektuplar","status":"publish","type":"product","link":"https:\/\/roveyayinevi.com.tr\/index.php\/urun\/yeryuzune-mektuplar\/","title":{"rendered":"Yery\u00fcz\u00fcne Mektuplar"},"content":{"rendered":"<p>G\u00fcn \u0131\u015f\u0131\u011f\u0131na \u00e7\u0131k\u0131p okurun bilincine ula\u015faca\u011f\u0131 zaman\u0131 \u00e7eyrek y\u00fczy\u0131l boyunca bilgelikle beklemi\u015f bir metin Yery\u00fcz\u00fcne Mektuplar. Okurun bilincine, g\u00f6r\u00fc\u015f a\u00e7\u0131s\u0131na g\u00f6re kendini a\u00e7an bir anlat\u0131. Kimisi i\u00e7in bir edebiyat metni, kimisi i\u00e7in bir i\u00e7sel yolculuk ser\u00fcveni, kimisi i\u00e7in varolu\u015fun gizemlerini sunan bir anahtar, kimisi i\u00e7inse evrenler \u00f6tesinden s\u00fcz\u00fclen s\u00f6zler toplam\u0131. \u201cBir y\u00fczle\u015fmenin solgun zamanlar\u0131 i\u00e7in yaratm\u0131\u015ft\u0131m kendimi. Yeniden, k\u00f6hne ge\u00e7mi\u015flerimin suskun boyun e\u011fi\u015flerinden \u00fcrkmeyerek, d\u00fc\u015ft\u00fcm sonu arad\u0131\u011f\u0131m bu sonunu kestiremedi\u011fim yollara. Her kendimi bulu\u015fta biraz daha unuttum bana benzeyeni. Zamanlar boyunca ben olarak bildi\u011fimi y\u0131kt\u0131m kendi ellerimle, t\u0131pk\u0131 o beni g\u00f6r\u00fcnmez bir yokluktan var etti\u011fim gibi.\u201d <\/p>\n","protected":false},"excerpt":{"rendered":"<p>G\u00fcn \u0131\u015f\u0131\u011f\u0131na \u00e7\u0131k\u0131p okurun bilincine ula\u015faca\u011f\u0131 zaman\u0131 \u00e7eyrek y\u00fczy\u0131l boyunca bilgelikle beklemi\u015f bir metin Yery\u00fcz\u00fcne Mektuplar. Okurun bilincine, g\u00f6r\u00fc\u015f a\u00e7\u0131s\u0131na g\u00f6re kendini a\u00e7an bir anlat\u0131. Kimisi<span class=\"excerpt-hellip\"> [\u2026]<\/span><\/p>\n","protected":false},"featured_media":0,"template":"","meta":{"_monsterinsights_skip_tracking":false,"_monsterinsights_sitenote_active":false,"_monsterinsights_sitenote_note":"","_monsterinsights_sitenote_category":0},"product_brand":[],"product_cat":[18545,12291],"product_tag":[],"class_list":{"0":"post-717355","1":"product","2":"type-product","3":"status-publish","5":"product_cat-anlati","6":"product_cat-edebiyat","7":"pa_cilt-ciltsiz","8":"pa_tur-kitap","9":"pa_yayinevi-profil-kitap","10":"pa_yazar-baris-tut","12":"first","13":"instock","14":"sale","15":"shipping-taxable","16":"purchasable","17":"product-type-simple"},"_links":{"self":[{"href":"https:\/\/roveyayinevi.com.tr\/index.php\/wp-json\/wp\/v2\/product\/717355","targetHints":{"allow":["GET"]}}],"collection":[{"href":"https:\/\/roveyayinevi.com.tr\/index.php\/wp-json\/wp\/v2\/product"}],"about":[{"href":"https:\/\/roveyayinevi.com.tr\/index.php\/wp-json\/wp\/v2\/types\/product"}],"wp:attachment":[{"href":"https:\/\/roveyayinevi.com.tr\/index.php\/wp-json\/wp\/v2\/media?parent=717355"}],"wp:term":[{"taxonomy":"product_brand","embeddable":true,"href":"https:\/\/roveyayinevi.com.tr\/index.php\/wp-json\/wp\/v2\/product_brand?post=717355"},{"taxonomy":"product_cat","embeddable":true,"href":"https:\/\/roveyayinevi.com.tr\/index.php\/wp-json\/wp\/v2\/product_cat?post=717355"},{"taxonomy":"product_tag","embeddable":true,"href":"https:\/\/roveyayinevi.com.tr\/index.php\/wp-json\/wp\/v2\/product_tag?post=717355"}],"curies":[{"name":"wp","href":"https:\/\/api.w.org\/{rel}","templated":true}]}}