{"id":717354,"date":"2025-08-27T17:54:26","date_gmt":"2025-08-27T14:54:26","guid":{"rendered":"https:\/\/roveyayinevi.com.tr\/index.php\/urun\/ozgurluk-savascilari\/"},"modified":"2026-04-16T02:25:44","modified_gmt":"2026-04-15T23:25:44","slug":"ozgurluk-savascilari","status":"publish","type":"product","link":"https:\/\/roveyayinevi.com.tr\/index.php\/urun\/ozgurluk-savascilari\/","title":{"rendered":"\u00d6zg\u00fcrl\u00fck Sava\u015f\u00e7\u0131lar\u0131"},"content":{"rendered":"<p>Sava\u015f\u00e7\u0131lar, demokratlar, politikac\u0131lar, k\u00f6leler, devrimciler, bilim insanlar\u0131, kilise adamlar\u0131, feministler, askerler, aktivistler\u2026 K\u0131saca kurallar\u0131 y\u0131kmay\u0131 d\u00fc\u015f\u00fcnen ve bunun i\u00e7in harekete ge\u00e7en bir\u00e7ok ki\u015fi taraf\u0131ndan binlerce y\u0131ld\u0131r y\u00fcr\u00fct\u00fclen \u00f6zg\u00fcrl\u00fck sava\u015f\u0131, her daim insanlar\u0131n i\u00e7indeki m\u00fccadele ruhunu uyand\u0131rd\u0131. Bu hareketli anlat\u0131; Spartak\u00fcs, Boudica, Gandhi, Martin Luther King, Nelson Mandela, Aung San Suu Kyi gibi bilinen isimlerin yan\u0131 s\u0131ra inan\u00e7lar\u0131 i\u00e7in kaz\u0131klarda yak\u0131l\u0131rken ilahi s\u00f6yleyenlerin, kad\u0131nlara oy hakk\u0131 i\u00e7in kendini korkuluklara ba\u011flayanlar\u0131n, kimse c\u00fcret edemezken Nazizme kar\u015f\u0131 \u00e7\u0131kanlar\u0131n, \u00f6zg\u00fcrl\u00fck i\u00e7in insanlara \u201ckan, ter ve g\u00f6zya\u015f\u0131\u201d ak\u0131tmaya ilham verenlerin, Sovyet K\u0131z\u0131l Ordusu\u2019na kar\u015f\u0131 sokaklara \u00e7\u0131kanlar\u0131n, ellerinde sadece al\u0131\u015fveri\u015f torbalar\u0131yla Pekin\u2019de tanklar\u0131 durduranlar\u0131n, demokrasi kampanyas\u0131 i\u00e7in t\u00fcfeklere g\u00f6\u011f\u00fcs gerenlerin ve o zamanda veya bu zamanda \u00f6zg\u00fcrl\u00fck u\u011fruna her \u015feyini riske atan isimsiz kad\u0131n ve erkeklerin hik\u00e2yelerini ele al\u0131yor. Marcus Ferrar\u2019\u0131n \u00d6zg\u00fcrl\u00fck Sava\u015f\u00e7\u0131lar\u0131\u2019nda anlatt\u0131\u011f\u0131 bu m\u00fccadeleler, Yunanistan k\u0131y\u0131lar\u0131ndan ba\u015flay\u0131p Avrupa, Amerika, Afrika ve Asya\u2019yla devam ederek Ukrayna\u2019n\u0131n derinliklerinde sona erip gelece\u011fe do\u011fru ilerliyor. <\/p>\n","protected":false},"excerpt":{"rendered":"<p>Sava\u015f\u00e7\u0131lar, demokratlar, politikac\u0131lar, k\u00f6leler, devrimciler, bilim insanlar\u0131, kilise adamlar\u0131, feministler, askerler, aktivistler\u2026 K\u0131saca kurallar\u0131 y\u0131kmay\u0131 d\u00fc\u015f\u00fcnen ve bunun i\u00e7in harekete ge\u00e7en bir\u00e7ok ki\u015fi taraf\u0131ndan binlerce y\u0131ld\u0131r<span class=\"excerpt-hellip\"> [\u2026]<\/span><\/p>\n","protected":false},"featured_media":0,"template":"","meta":{"_monsterinsights_skip_tracking":false,"_monsterinsights_sitenote_active":false,"_monsterinsights_sitenote_note":"","_monsterinsights_sitenote_category":0},"product_brand":[],"product_cat":[12312,12304],"product_tag":[],"class_list":{"0":"post-717354","1":"product","2":"type-product","3":"status-publish","5":"product_cat-diger","6":"product_cat-tarih","7":"pa_cilt-ciltsiz","8":"pa_tur-kitap","9":"pa_yayinevi-profil-kitap","10":"pa_yazar-marcus-ferrar","12":"first","13":"instock","14":"sale","15":"shipping-taxable","16":"purchasable","17":"product-type-simple"},"_links":{"self":[{"href":"https:\/\/roveyayinevi.com.tr\/index.php\/wp-json\/wp\/v2\/product\/717354","targetHints":{"allow":["GET"]}}],"collection":[{"href":"https:\/\/roveyayinevi.com.tr\/index.php\/wp-json\/wp\/v2\/product"}],"about":[{"href":"https:\/\/roveyayinevi.com.tr\/index.php\/wp-json\/wp\/v2\/types\/product"}],"wp:attachment":[{"href":"https:\/\/roveyayinevi.com.tr\/index.php\/wp-json\/wp\/v2\/media?parent=717354"}],"wp:term":[{"taxonomy":"product_brand","embeddable":true,"href":"https:\/\/roveyayinevi.com.tr\/index.php\/wp-json\/wp\/v2\/product_brand?post=717354"},{"taxonomy":"product_cat","embeddable":true,"href":"https:\/\/roveyayinevi.com.tr\/index.php\/wp-json\/wp\/v2\/product_cat?post=717354"},{"taxonomy":"product_tag","embeddable":true,"href":"https:\/\/roveyayinevi.com.tr\/index.php\/wp-json\/wp\/v2\/product_tag?post=717354"}],"curies":[{"name":"wp","href":"https:\/\/api.w.org\/{rel}","templated":true}]}}