{"id":717352,"date":"2025-08-27T17:54:24","date_gmt":"2025-08-27T14:54:24","guid":{"rendered":"https:\/\/roveyayinevi.com.tr\/index.php\/urun\/kardelenler-misali\/"},"modified":"2025-09-24T11:48:10","modified_gmt":"2025-09-24T08:48:10","slug":"kardelenler-misali","status":"publish","type":"product","link":"https:\/\/roveyayinevi.com.tr\/index.php\/urun\/kardelenler-misali\/","title":{"rendered":"Kardelenler Misali"},"content":{"rendered":"<p>G\u00fcneydo\u011fu\u2019nun savurdu\u011fu bir tohumun b\u0131kmadan, usanmadan can bulma ve can verme \u00e7abas\u0131yd\u0131 onun hik\u00e2yesi&#8230; Ter\u00f6r ve buna ba\u011fl\u0131 olarak i\u015fsizlik ma\u011fduru G\u00fcneydo\u011fu\u2019dan kopar\u0131lan ve y\u0131llar sonra vefa hisleriyle memleket topra\u011f\u0131na d\u00f6nen Ya\u015far \u0130\u00e7en\u2019in &#8220;Bir Kad\u0131n Bir Anne Y\u00fcre\u011fi&#8221; ile kaleme ald\u0131\u011f\u0131 &#8220;Kardelenler Misali&#8221; adl\u0131 kitab\u0131, asl\u0131nda sadece G\u00fcneydo\u011fu\u2019yu de\u011fil T\u00fcrkiye\u2019yi anlat\u0131yor. Ter\u00f6r, uyu\u015fturucu, \u015fiddet, yoksunluklar i\u00e7inde heba olan b\u00f6lge \u00e7ocuklar\u0131n\u0131n ac\u0131s\u0131n\u0131 derinden hisseden \u0130\u00e7en, t\u00fcm s\u0131k\u0131nt\u0131l\u0131 g\u00fcnlere ra\u011fmen b\u00f6lgeden \u00e7\u0131kmay\u0131 bir an olsun d\u00fc\u015f\u00fcnmeden toplum ve T\u00fcrkiye m\u00fccadelesine yaz\u0131lar\u0131, televizyon programlar\u0131 ve aktivist \u00e7al\u0131\u015fmalar\u0131 \u0130le devam etmi\u015ftir. G\u00fcneydo\u011fu\u2019nun son y\u0131llardaki olumlu de\u011fi\u015fiminde etkili olan \u0130\u00e7i\u015fleri Bakan\u0131 S\u00fcleyman Soylu i\u00e7in ise her mecrada, &#8220;Bu ADAMI en iyi G\u00fcneydo\u011fu bilir, anlar, sever, s\u0131ms\u0131k\u0131 kucaklar. \u00c7\u00fcnk\u00fc huzur, s\u00fck\u00fbnet ve g\u00fcvene dair bize katt\u0131klar\u0131n\u0131 uzaktakiler pek bilmese de bizler canl\u0131 \u015fahidiyiz&#8230;&#8221; c\u00fcmlelerini dile getiren Ya\u015far \u0130\u00e7en G\u00fcneydo\u011fu\u2019nun son s\u00fcre\u00e7teki olumlu de\u011fi\u015fiminin ulusal medyada tan\u0131t\u0131lmas\u0131n\u0131n da adeta g\u00f6n\u00fcll\u00fc ismi olmu\u015ftur&#8230;. \u0130\u00e7en kaleme ald\u0131\u011f\u0131 bu kitap ile &#8220;T\u00fcrkiye\u2019nin b\u00fcy\u00fcme ve g\u00fc\u00e7lenme yolunda ter\u00f6r ma\u011fduru nesillere de\u011fil g\u00fc\u00e7l\u00fc, mant\u0131kl\u0131 ve devlet bilincine sahip nesillere ihtiyac\u0131 oldu\u011funu ve bu nesillerin boy vermesinde bir damla da olsa fayda sa\u011flamak&#8221; d\u00fc\u015f\u00fcncesiyle hareket etmi\u015ftir&#8230; <\/p>\n","protected":false},"excerpt":{"rendered":"<p>G\u00fcneydo\u011fu\u2019nun savurdu\u011fu bir tohumun b\u0131kmadan, usanmadan can bulma ve can verme \u00e7abas\u0131yd\u0131 onun hik\u00e2yesi&#8230; Ter\u00f6r ve buna ba\u011fl\u0131 olarak i\u015fsizlik ma\u011fduru G\u00fcneydo\u011fu\u2019dan kopar\u0131lan ve y\u0131llar sonra<span class=\"excerpt-hellip\"> [\u2026]<\/span><\/p>\n","protected":false},"featured_media":0,"template":"","meta":{"_monsterinsights_skip_tracking":false,"_monsterinsights_sitenote_active":false,"_monsterinsights_sitenote_note":"","_monsterinsights_sitenote_category":0},"product_brand":[],"product_cat":[12291,12711],"product_tag":[],"class_list":{"0":"post-717352","1":"product","2":"type-product","3":"status-publish","5":"product_cat-edebiyat","6":"product_cat-roman-oyku","7":"pa_cilt-ciltsiz","8":"pa_tur-kitap","9":"pa_yayinevi-mavi-agac-yayinlari","10":"pa_yazar-yasar-icen","12":"first","13":"instock","14":"sale","15":"shipping-taxable","16":"purchasable","17":"product-type-simple"},"_links":{"self":[{"href":"https:\/\/roveyayinevi.com.tr\/index.php\/wp-json\/wp\/v2\/product\/717352","targetHints":{"allow":["GET"]}}],"collection":[{"href":"https:\/\/roveyayinevi.com.tr\/index.php\/wp-json\/wp\/v2\/product"}],"about":[{"href":"https:\/\/roveyayinevi.com.tr\/index.php\/wp-json\/wp\/v2\/types\/product"}],"wp:attachment":[{"href":"https:\/\/roveyayinevi.com.tr\/index.php\/wp-json\/wp\/v2\/media?parent=717352"}],"wp:term":[{"taxonomy":"product_brand","embeddable":true,"href":"https:\/\/roveyayinevi.com.tr\/index.php\/wp-json\/wp\/v2\/product_brand?post=717352"},{"taxonomy":"product_cat","embeddable":true,"href":"https:\/\/roveyayinevi.com.tr\/index.php\/wp-json\/wp\/v2\/product_cat?post=717352"},{"taxonomy":"product_tag","embeddable":true,"href":"https:\/\/roveyayinevi.com.tr\/index.php\/wp-json\/wp\/v2\/product_tag?post=717352"}],"curies":[{"name":"wp","href":"https:\/\/api.w.org\/{rel}","templated":true}]}}