{"id":717351,"date":"2025-08-27T17:54:24","date_gmt":"2025-08-27T14:54:24","guid":{"rendered":"https:\/\/roveyayinevi.com.tr\/index.php\/urun\/olumsuz-bir-dunyada-olumlu-cocuklar-yetistirmek\/"},"modified":"2026-04-16T02:25:44","modified_gmt":"2026-04-15T23:25:44","slug":"olumsuz-bir-dunyada-olumlu-cocuklar-yetistirmek","status":"publish","type":"product","link":"https:\/\/roveyayinevi.com.tr\/index.php\/urun\/olumsuz-bir-dunyada-olumlu-cocuklar-yetistirmek\/","title":{"rendered":"Olumsuz Bir D\u00fcnyada Olumlu \u00c7ocuklar Yeti\u015ftirmek"},"content":{"rendered":"<p>B\u00f6ylesine olumsuz bir d\u00fcnyada ya\u015farken, uyu\u015fturuculardan, alkolden, sigaradan, su\u00e7tan, tembellikten ve k\u00f6t\u00fcl\u00fcklerden ar\u0131nm\u0131\u015f, faziletli, olumlu \u00e7ocuklar yeti\u015ftirmek kolay de\u011fildir  fakat uzun vadede, sa\u011flam bir sab\u0131r ve sebat ile do\u011fru y\u00f6ntemler uygulan\u0131rsa, olumsuz \u00e7ocuklar yeti\u015ftirmekten daha basittir. Motivasyon konu\u015fmalar\u0131yla tan\u0131nan ve t\u00fcm kitaplar\u0131 En \u00c7ok Satanlar listesine giren Zig Ziglar, bu eserinde, \u00e7ocuk yeti\u015ftirmede ba\u015far\u0131ya giden yolu, kendi tecr\u00fcbeleri ve \u00e7\u00f6z\u00fcm y\u00f6ntemleriyle ad\u0131m ad\u0131m a\u00e7\u0131kl\u0131yor. \u201cYapabilirim\u201d isimli kursuyla 5,000\u2019den fazla okulda 3 milyonu a\u015fk\u0131n kat\u0131l\u0131mc\u0131ya kendi tecr\u00fcbelerini aktaran, \u00e7ocuk yeti\u015ftirme ve ki\u015fisel geli\u015fim alanlar\u0131nda d\u00fcnyan\u0131n say\u0131l\u0131 otoritelerinden biri olarak g\u00f6sterilen ve uyu\u015fturucuya kar\u015f\u0131 verilen m\u00fccadeledeki ba\u015far\u0131 ve katk\u0131lar\u0131ndan \u00f6t\u00fcr\u00fc \u00fc\u00e7 farkl\u0131 Amerikan Ba\u015fkan\u0131 d\u00f6neminde Birle\u015fik Devletler Kongresi resm\u00ee kay\u0131tlar\u0131na ge\u00e7en Ziglar, toplamda otuz sekizden fazla dile \u00e7evrilen tam yirmi bir kitap yazd\u0131. Olumsuz Bir D\u00fcnyada Olumlu \u00c7ocuklar Yeti\u015ftirmek\u2019te ise sizlere, daha \u00f6nce fark\u0131na varmad\u0131\u011f\u0131n\u0131z bak\u0131\u015f a\u00e7\u0131lar\u0131ndan, en do\u011fru, g\u00fczel ve etkili s\u00f6zlerle; \u00e7ocu\u011funuzun i\u00e7indeki t\u00fcm iyi ve g\u00fczel yanlar\u0131 \u00f6vg\u00fc ve cesaretlendirme y\u00f6ntemiyle ke\u015ffetmeyi, ba\u011f\u0131ml\u0131l\u0131k yapan maddelerle sava\u015f\u0131rken faydalanaca\u011f\u0131n\u0131z en keskin ve kesin istatistikleri, \u00e7ocuklar\u0131n\u0131zla birlikte daha \u00e7ok \u2018kaliteli zaman\u2019 ge\u00e7irmenin y\u00f6ntemlerini, \u00e7ocuklar\u0131n\u0131za ne zaman ve nerede \u2018evet\u2019 ve \u2018hay\u0131r\u2019 demenin do\u011fru olaca\u011f\u0131n\u0131, disiplinin inceliklerini ve \u00e7ok daha fazlas\u0131n\u0131 anlat\u0131yor. <\/p>\n","protected":false},"excerpt":{"rendered":"<p>B\u00f6ylesine olumsuz bir d\u00fcnyada ya\u015farken, uyu\u015fturuculardan, alkolden, sigaradan, su\u00e7tan, tembellikten ve k\u00f6t\u00fcl\u00fcklerden ar\u0131nm\u0131\u015f, faziletli, olumlu \u00e7ocuklar yeti\u015ftirmek kolay de\u011fildir fakat uzun vadede, sa\u011flam bir sab\u0131r ve<span class=\"excerpt-hellip\"> [\u2026]<\/span><\/p>\n","protected":false},"featured_media":0,"template":"","meta":{"_monsterinsights_skip_tracking":false,"_monsterinsights_sitenote_active":false,"_monsterinsights_sitenote_note":"","_monsterinsights_sitenote_category":0},"product_brand":[],"product_cat":[12364,12376],"product_tag":[],"class_list":{"0":"post-717351","1":"product","2":"type-product","3":"status-publish","5":"product_cat-genel-konular","6":"product_cat-kisisel-gelisim","7":"pa_cilt-ciltsiz","8":"pa_tur-kitap","9":"pa_yayinevi-profil-kitap","10":"pa_yazar-zig-ziglar","12":"first","13":"instock","14":"sale","15":"shipping-taxable","16":"purchasable","17":"product-type-simple"},"_links":{"self":[{"href":"https:\/\/roveyayinevi.com.tr\/index.php\/wp-json\/wp\/v2\/product\/717351","targetHints":{"allow":["GET"]}}],"collection":[{"href":"https:\/\/roveyayinevi.com.tr\/index.php\/wp-json\/wp\/v2\/product"}],"about":[{"href":"https:\/\/roveyayinevi.com.tr\/index.php\/wp-json\/wp\/v2\/types\/product"}],"wp:attachment":[{"href":"https:\/\/roveyayinevi.com.tr\/index.php\/wp-json\/wp\/v2\/media?parent=717351"}],"wp:term":[{"taxonomy":"product_brand","embeddable":true,"href":"https:\/\/roveyayinevi.com.tr\/index.php\/wp-json\/wp\/v2\/product_brand?post=717351"},{"taxonomy":"product_cat","embeddable":true,"href":"https:\/\/roveyayinevi.com.tr\/index.php\/wp-json\/wp\/v2\/product_cat?post=717351"},{"taxonomy":"product_tag","embeddable":true,"href":"https:\/\/roveyayinevi.com.tr\/index.php\/wp-json\/wp\/v2\/product_tag?post=717351"}],"curies":[{"name":"wp","href":"https:\/\/api.w.org\/{rel}","templated":true}]}}