{"id":717349,"date":"2025-08-27T17:54:23","date_gmt":"2025-08-27T14:54:23","guid":{"rendered":"https:\/\/roveyayinevi.com.tr\/index.php\/urun\/kuresel-diasporalar\/"},"modified":"2026-04-16T02:25:44","modified_gmt":"2026-04-15T23:25:44","slug":"kuresel-diasporalar","status":"publish","type":"product","link":"https:\/\/roveyayinevi.com.tr\/index.php\/urun\/kuresel-diasporalar\/","title":{"rendered":"K\u00fcresel Diasporalar"},"content":{"rendered":"<p>Diaspora \u00e7al\u0131\u015fmalar\u0131na yeni bir bak\u0131\u015f a\u00e7\u0131s\u0131 getiren bu kitab\u0131nda RobinCohen, d\u00fcnyadaki farkl\u0131 diasporalar\u0131n kapsaml\u0131 ve dikkat \u00e7ekici bir analizine giri\u015fiyor. Kitap, ba\u015flang\u0131c\u0131ndan bu yana de\u011fi\u015fen anlamlar\u0131yla birlikte diaspora kavram\u0131n\u0131n ge\u00e7irdi\u011fi de\u011fi\u015fimlerin bir de\u011ferlendirmesiyle ba\u015fl\u0131yor; Yahudi, Ermeni, Afrikal\u0131, \u00c7inli, Britanyal\u0131, Hintli, L\u00fcbnanl\u0131 ve Karaiplilerden yola \u00e7\u0131k\u0131larak \u00e7a\u011fda\u015f diasporik duruma dair ayr\u0131nt\u0131l\u0131 bir de\u011ferlendirme ile devam ediyor. Diaspora \u00e7al\u0131\u015fmalar\u0131 \u00fczerinde \u00f6nemli bir etki yaratan ve zamanla temel bir metin haline gelen \u0130ngilizce ilk bask\u0131n\u0131n ard\u0131ndan yay\u0131nlanan bu geni\u015fletilmi\u015f ikinci bask\u0131da yazar,  kimi arg\u00fcmanlar\u0131n\u0131 a\u00e7arak netle\u015ftiriyor ve alandaki yeni perspektifleri \u00f6zetliyor. Her b\u00f6l\u00fcm\u00fcn sonunda yer alan tart\u0131\u015fma sorular\u0131 ve okuma \u00f6nerileriyle birlikte konuya ilgi duyan herkesin referans kayna\u011f\u0131 olarak kullanabilece\u011fi bir kitap. <\/p>\n","protected":false},"excerpt":{"rendered":"<p>Diaspora \u00e7al\u0131\u015fmalar\u0131na yeni bir bak\u0131\u015f a\u00e7\u0131s\u0131 getiren bu kitab\u0131nda RobinCohen, d\u00fcnyadaki farkl\u0131 diasporalar\u0131n kapsaml\u0131 ve dikkat \u00e7ekici bir analizine giri\u015fiyor. Kitap, ba\u015flang\u0131c\u0131ndan bu yana de\u011fi\u015fen anlamlar\u0131yla<span class=\"excerpt-hellip\"> [\u2026]<\/span><\/p>\n","protected":false},"featured_media":0,"template":"","meta":{"_monsterinsights_skip_tracking":false,"_monsterinsights_sitenote_active":false,"_monsterinsights_sitenote_note":"","_monsterinsights_sitenote_category":0},"product_brand":[],"product_cat":[12370,12304],"product_tag":[],"class_list":{"0":"post-717349","1":"product","2":"type-product","3":"status-publish","5":"product_cat-arastirma-inceleme","6":"product_cat-tarih","7":"pa_cilt-ciltsiz","8":"pa_tur-kitap","9":"pa_yayinevi-koyusiyah-kitap","10":"pa_yazar-robin-cohen","12":"first","13":"instock","14":"sale","15":"shipping-taxable","16":"purchasable","17":"product-type-simple"},"_links":{"self":[{"href":"https:\/\/roveyayinevi.com.tr\/index.php\/wp-json\/wp\/v2\/product\/717349","targetHints":{"allow":["GET"]}}],"collection":[{"href":"https:\/\/roveyayinevi.com.tr\/index.php\/wp-json\/wp\/v2\/product"}],"about":[{"href":"https:\/\/roveyayinevi.com.tr\/index.php\/wp-json\/wp\/v2\/types\/product"}],"wp:attachment":[{"href":"https:\/\/roveyayinevi.com.tr\/index.php\/wp-json\/wp\/v2\/media?parent=717349"}],"wp:term":[{"taxonomy":"product_brand","embeddable":true,"href":"https:\/\/roveyayinevi.com.tr\/index.php\/wp-json\/wp\/v2\/product_brand?post=717349"},{"taxonomy":"product_cat","embeddable":true,"href":"https:\/\/roveyayinevi.com.tr\/index.php\/wp-json\/wp\/v2\/product_cat?post=717349"},{"taxonomy":"product_tag","embeddable":true,"href":"https:\/\/roveyayinevi.com.tr\/index.php\/wp-json\/wp\/v2\/product_tag?post=717349"}],"curies":[{"name":"wp","href":"https:\/\/api.w.org\/{rel}","templated":true}]}}