{"id":717348,"date":"2025-08-27T17:54:22","date_gmt":"2025-08-27T14:54:22","guid":{"rendered":"https:\/\/roveyayinevi.com.tr\/index.php\/urun\/potkal\/"},"modified":"2026-04-16T02:25:44","modified_gmt":"2026-04-15T23:25:44","slug":"potkal","status":"publish","type":"product","link":"https:\/\/roveyayinevi.com.tr\/index.php\/urun\/potkal\/","title":{"rendered":"Potkal"},"content":{"rendered":"<p>\u201cKederin ilac\u0131 huzurdur\u201d dedi bir ses. Arkam\u0131 d\u00f6nd\u00fcm istemsizce, kimse yoktu. \u0130\u00e7 sesim oldu\u011funu d\u00fc\u015f\u00fcnd\u00fcm sonra. \u0130\u00e7 sesim hep b\u00f6yle oyunlar oynard\u0131 bana, al\u0131\u015f\u0131kt\u0131m. Okudu\u011fum bir kitaptan bir c\u00fcmle olmad\u0131k zamanda akl\u0131ma d\u00fc\u015ferdi \u00f6rne\u011fin. Bu da onlardan biri olmal\u0131yd\u0131. Ne var ki, bu s\u00f6z\u00fc daha \u00f6nce okumad\u0131\u011f\u0131mdan ve duymad\u0131\u011f\u0131mdan emindim. Sanki sesin sahibi d\u0131\u015far\u0131daym\u0131\u015f gibi ba\u015f\u0131m\u0131 tekrar ya\u011fmurun i\u00e7ine uzat\u0131p kar\u015f\u0131ya bakt\u0131m. G\u00f6zlerim do\u011frudan ya\u015fl\u0131 adam\u0131n penceresine gitti. Pencerenin \u00f6n\u00fcnde kimse yoktu. Adam gitmi\u015fti. Biraz da hayal k\u0131r\u0131kl\u0131\u011f\u0131yla Potkal bak\u0131\u015flar\u0131m\u0131 a\u015fa\u011f\u0131ya indirdim. Kar\u015f\u0131 apartman\u0131n en alt penceresinde bir \u00e7ift mavi g\u00f6zle kar\u015f\u0131la\u015ft\u0131m. Yirmili ya\u015flar\u0131nda bir gen\u00e7, g\u00f6zlerini dikmi\u015f g\u00fcl\u00fcmseyerek bana bak\u0131yordu. Ne keder okunuyordu y\u00fcz\u00fcnde, ne de huzur. B\u00fcy\u00fck harflerle umut yaz\u0131lm\u0131\u015ft\u0131 sanki yuvarlak y\u00fcz\u00fcne. Yirmi y\u0131l \u00f6nceki halime ne \u00e7ok benziyordu.<\/p>\n","protected":false},"excerpt":{"rendered":"<p>\u201cKederin ilac\u0131 huzurdur\u201d dedi bir ses. Arkam\u0131 d\u00f6nd\u00fcm istemsizce, kimse yoktu. \u0130\u00e7 sesim oldu\u011funu d\u00fc\u015f\u00fcnd\u00fcm sonra. \u0130\u00e7 sesim hep b\u00f6yle oyunlar oynard\u0131 bana, al\u0131\u015f\u0131kt\u0131m. Okudu\u011fum bir<span class=\"excerpt-hellip\"> [\u2026]<\/span><\/p>\n","protected":false},"featured_media":0,"template":"","meta":{"_monsterinsights_skip_tracking":false,"_monsterinsights_sitenote_active":false,"_monsterinsights_sitenote_note":"","_monsterinsights_sitenote_category":0},"product_brand":[],"product_cat":[12777,12291],"product_tag":[],"class_list":{"0":"post-717348","1":"product","2":"type-product","3":"status-publish","5":"product_cat-deneme","6":"product_cat-edebiyat","7":"pa_cilt-ciltsiz","8":"pa_tur-kitap","9":"pa_yayinevi-altinordu-yayinlari","10":"pa_yazar-engin-topuz","12":"first","13":"instock","14":"sale","15":"shipping-taxable","16":"purchasable","17":"product-type-simple"},"_links":{"self":[{"href":"https:\/\/roveyayinevi.com.tr\/index.php\/wp-json\/wp\/v2\/product\/717348","targetHints":{"allow":["GET"]}}],"collection":[{"href":"https:\/\/roveyayinevi.com.tr\/index.php\/wp-json\/wp\/v2\/product"}],"about":[{"href":"https:\/\/roveyayinevi.com.tr\/index.php\/wp-json\/wp\/v2\/types\/product"}],"wp:attachment":[{"href":"https:\/\/roveyayinevi.com.tr\/index.php\/wp-json\/wp\/v2\/media?parent=717348"}],"wp:term":[{"taxonomy":"product_brand","embeddable":true,"href":"https:\/\/roveyayinevi.com.tr\/index.php\/wp-json\/wp\/v2\/product_brand?post=717348"},{"taxonomy":"product_cat","embeddable":true,"href":"https:\/\/roveyayinevi.com.tr\/index.php\/wp-json\/wp\/v2\/product_cat?post=717348"},{"taxonomy":"product_tag","embeddable":true,"href":"https:\/\/roveyayinevi.com.tr\/index.php\/wp-json\/wp\/v2\/product_tag?post=717348"}],"curies":[{"name":"wp","href":"https:\/\/api.w.org\/{rel}","templated":true}]}}