{"id":717346,"date":"2025-08-27T17:54:21","date_gmt":"2025-08-27T14:54:21","guid":{"rendered":"https:\/\/roveyayinevi.com.tr\/index.php\/urun\/galatada-yarim-sarkilar\/"},"modified":"2026-04-16T02:25:44","modified_gmt":"2026-04-15T23:25:44","slug":"galatada-yarim-sarkilar","status":"publish","type":"product","link":"https:\/\/roveyayinevi.com.tr\/index.php\/urun\/galatada-yarim-sarkilar\/","title":{"rendered":"Galata&#8217;da Yar\u0131m \u015eark\u0131lar"},"content":{"rendered":"<p>Yorgunluklar\u0131m varG\u00fcnd\u00fcz\u00fc bir sopa ile kovalad\u0131mGeceye s\u00f6z\u00fcm az, dilim s\u00fcrt\u00fcn\u00fcr a\u011fz\u0131mdaki ta\u015flara kanarKolumu kald\u0131rsam sana tutunmak i\u00e7inBiliyorum makas dilinde as\u0131ll\u0131d\u0131r sevgiliBen r\u00fcyalar ile ger\u00e7e\u011fin d\u00fc\u011f\u00fcn\u00fcndeHaz\u0131r ve \u015f\u0131k nik\u00e2h \u015fahidi\u00dcstelik kalemim cebimde,M\u00fcrekkebi bir hat\u0131ra gibi az akm\u0131\u015f g\u00f6mle\u011fime<\/p>\n","protected":false},"excerpt":{"rendered":"<p>Yorgunluklar\u0131m varG\u00fcnd\u00fcz\u00fc bir sopa ile kovalad\u0131mGeceye s\u00f6z\u00fcm az, dilim s\u00fcrt\u00fcn\u00fcr a\u011fz\u0131mdaki ta\u015flara kanarKolumu kald\u0131rsam sana tutunmak i\u00e7inBiliyorum makas dilinde as\u0131ll\u0131d\u0131r sevgiliBen r\u00fcyalar ile ger\u00e7e\u011fin d\u00fc\u011f\u00fcn\u00fcndeHaz\u0131r ve<span class=\"excerpt-hellip\"> [\u2026]<\/span><\/p>\n","protected":false},"featured_media":0,"template":"","meta":{"_monsterinsights_skip_tracking":false,"_monsterinsights_sitenote_active":false,"_monsterinsights_sitenote_note":"","_monsterinsights_sitenote_category":0},"product_brand":[],"product_cat":[12291,12509],"product_tag":[],"class_list":{"0":"post-717346","1":"product","2":"type-product","3":"status-publish","5":"product_cat-edebiyat","6":"product_cat-siir","7":"pa_cilt-ciltsiz","8":"pa_tur-kitap","9":"pa_yayinevi-altinordu-yayinlari","10":"pa_yazar-umit-rona","12":"first","13":"instock","14":"sale","15":"shipping-taxable","16":"purchasable","17":"product-type-simple"},"_links":{"self":[{"href":"https:\/\/roveyayinevi.com.tr\/index.php\/wp-json\/wp\/v2\/product\/717346","targetHints":{"allow":["GET"]}}],"collection":[{"href":"https:\/\/roveyayinevi.com.tr\/index.php\/wp-json\/wp\/v2\/product"}],"about":[{"href":"https:\/\/roveyayinevi.com.tr\/index.php\/wp-json\/wp\/v2\/types\/product"}],"wp:attachment":[{"href":"https:\/\/roveyayinevi.com.tr\/index.php\/wp-json\/wp\/v2\/media?parent=717346"}],"wp:term":[{"taxonomy":"product_brand","embeddable":true,"href":"https:\/\/roveyayinevi.com.tr\/index.php\/wp-json\/wp\/v2\/product_brand?post=717346"},{"taxonomy":"product_cat","embeddable":true,"href":"https:\/\/roveyayinevi.com.tr\/index.php\/wp-json\/wp\/v2\/product_cat?post=717346"},{"taxonomy":"product_tag","embeddable":true,"href":"https:\/\/roveyayinevi.com.tr\/index.php\/wp-json\/wp\/v2\/product_tag?post=717346"}],"curies":[{"name":"wp","href":"https:\/\/api.w.org\/{rel}","templated":true}]}}